{"id":216045,"date":"2021-10-26T08:34:08","date_gmt":"2021-10-26T05:34:08","guid":{"rendered":"http:\/\/dev.tactic.net\/tuote\/rescue-helicopter-light-and-sound-large\/"},"modified":"2025-08-25T10:41:06","modified_gmt":"2025-08-25T07:41:06","slug":"rescue-helicopter-light-and-sound-large","status":"archive","type":"product","link":"https:\/\/games.tactic.net\/da\/tuote\/rescue-helicopter-light-and-sound-large\/","title":{"rendered":"Teamsterz Mighty Machines Large Rescue Helicopter with LS toy"},"content":{"rendered":"<p>Stig til vejrs og p\u00e5begynd din redningsmission med Teamsterz Light &amp; Sound Helicopter! Helikopteren har en motoriseret spil med b\u00e5re, rotorblade der kan bev\u00e6ges frit, en skyded\u00f8r og en vandpistol. Tryk p\u00e5 knapperne for at aktivere n\u00f8dsirener og realistiske helikopterlyde. Den perfekte st\u00f8rrelse til Push Along, der kan hj\u00e6lpe med at udvikle dit barns sociale og finmotoriske f\u00e6rdigheder.<br \/>\nInkluderer 3 x AAA-batterier. Velegnet til b\u00f8rn fra 3 \u00e5r og op.<\/p>\n","protected":false},"excerpt":{"rendered":"<p>Teamsterz Mighty Machines Large Politi redningshelikopter med lys og lyd<\/p>\n","protected":false},"featured_media":0,"template":"","meta":{"content-type":"","_monsterinsights_skip_tracking":false,"_monsterinsights_sitenote_active":false,"_monsterinsights_sitenote_note":"","_monsterinsights_sitenote_category":0},"product_brand":[],"product_cat":[1615],"product_tag":[],"brand":[],"target-group":[],"discontinued":[],"class_list":{"0":"post-216045","1":"product","2":"type-product","3":"status-archive","5":"product_cat-teamsterz-legetoej","7":"first","8":"outofstock","9":"taxable","10":"shipping-taxable","11":"product-type-simple"},"aioseo_notices":[],"_links":{"self":[{"href":"https:\/\/games.tactic.net\/da\/wp-json\/wp\/v2\/product\/216045","targetHints":{"allow":["GET"]}}],"collection":[{"href":"https:\/\/games.tactic.net\/da\/wp-json\/wp\/v2\/product"}],"about":[{"href":"https:\/\/games.tactic.net\/da\/wp-json\/wp\/v2\/types\/product"}],"wp:attachment":[{"href":"https:\/\/games.tactic.net\/da\/wp-json\/wp\/v2\/media?parent=216045"}],"wp:term":[{"taxonomy":"product_brand","embeddable":true,"href":"https:\/\/games.tactic.net\/da\/wp-json\/wp\/v2\/product_brand?post=216045"},{"taxonomy":"product_cat","embeddable":true,"href":"https:\/\/games.tactic.net\/da\/wp-json\/wp\/v2\/product_cat?post=216045"},{"taxonomy":"product_tag","embeddable":true,"href":"https:\/\/games.tactic.net\/da\/wp-json\/wp\/v2\/product_tag?post=216045"},{"taxonomy":"brand","embeddable":true,"href":"https:\/\/games.tactic.net\/da\/wp-json\/wp\/v2\/brand?post=216045"},{"taxonomy":"target-group","embeddable":true,"href":"https:\/\/games.tactic.net\/da\/wp-json\/wp\/v2\/target-group?post=216045"},{"taxonomy":"discontinued","embeddable":true,"href":"https:\/\/games.tactic.net\/da\/wp-json\/wp\/v2\/discontinued?post=216045"}],"curies":[{"name":"wp","href":"https:\/\/api.w.org\/{rel}","templated":true}]}}