{"id":215903,"date":"2021-10-26T08:32:15","date_gmt":"2021-10-26T05:32:15","guid":{"rendered":"http:\/\/dev.tactic.net\/tuote\/truck-carry-case-4-cars\/"},"modified":"2025-05-07T10:44:16","modified_gmt":"2025-05-07T07:44:16","slug":"truck-carry-case-4-cars","status":"archive","type":"product","link":"https:\/\/games.tactic.net\/da\/tuote\/truck-carry-case-4-cars\/","title":{"rendered":"Teamsterz Truck Carry Case med 4 biler"},"content":{"rendered":"<p>TeamsterZ &#8211; Lastbil med 4 biler<br \/>\nStor lastbil fra TeamsterZ som m\u00e5ler ca. 34 cm. Lastbilen leveres med 4 metalbiler men der er plads til hele 12 biler. Det er nemt at holde styr p\u00e5 sine yndlingsbiler og tage dem med overalt da der er et praktisk h\u00e5ndtag \u00f8verst p\u00e5 lastbilen.<br \/>\nLeveres med 4 biler. Anbefales fra 3 \u00e5r.<\/p>\n","protected":false},"excerpt":{"rendered":"<p>Teamsterz Truck Carry Case Inkl 4 biler<\/p>\n","protected":false},"featured_media":0,"template":"","meta":{"content-type":"","_monsterinsights_skip_tracking":false,"_monsterinsights_sitenote_active":false,"_monsterinsights_sitenote_note":"","_monsterinsights_sitenote_category":0},"product_brand":[],"product_cat":[1615],"product_tag":[],"brand":[],"target-group":[],"discontinued":[],"class_list":{"0":"post-215903","1":"product","2":"type-product","3":"status-archive","5":"product_cat-teamsterz-legetoej","7":"first","8":"outofstock","9":"taxable","10":"shipping-taxable","11":"product-type-simple"},"aioseo_notices":[],"_links":{"self":[{"href":"https:\/\/games.tactic.net\/da\/wp-json\/wp\/v2\/product\/215903","targetHints":{"allow":["GET"]}}],"collection":[{"href":"https:\/\/games.tactic.net\/da\/wp-json\/wp\/v2\/product"}],"about":[{"href":"https:\/\/games.tactic.net\/da\/wp-json\/wp\/v2\/types\/product"}],"wp:attachment":[{"href":"https:\/\/games.tactic.net\/da\/wp-json\/wp\/v2\/media?parent=215903"}],"wp:term":[{"taxonomy":"product_brand","embeddable":true,"href":"https:\/\/games.tactic.net\/da\/wp-json\/wp\/v2\/product_brand?post=215903"},{"taxonomy":"product_cat","embeddable":true,"href":"https:\/\/games.tactic.net\/da\/wp-json\/wp\/v2\/product_cat?post=215903"},{"taxonomy":"product_tag","embeddable":true,"href":"https:\/\/games.tactic.net\/da\/wp-json\/wp\/v2\/product_tag?post=215903"},{"taxonomy":"brand","embeddable":true,"href":"https:\/\/games.tactic.net\/da\/wp-json\/wp\/v2\/brand?post=215903"},{"taxonomy":"target-group","embeddable":true,"href":"https:\/\/games.tactic.net\/da\/wp-json\/wp\/v2\/target-group?post=215903"},{"taxonomy":"discontinued","embeddable":true,"href":"https:\/\/games.tactic.net\/da\/wp-json\/wp\/v2\/discontinued?post=215903"}],"curies":[{"name":"wp","href":"https:\/\/api.w.org\/{rel}","templated":true}]}}