{"id":215790,"date":"2021-10-26T08:31:22","date_gmt":"2021-10-26T05:31:22","guid":{"rendered":"http:\/\/dev.tactic.net\/tuote\/city-park-and-drive-garage-with-5-cars\/"},"modified":"2025-04-01T09:46:15","modified_gmt":"2025-04-01T06:46:15","slug":"city-park-and-drive-garage-with-5-cars","status":"archive","type":"product","link":"https:\/\/games.tactic.net\/da\/tuote\/city-park-and-drive-garage-with-5-cars\/","title":{"rendered":"Teamsterz City Park and Drive Garage and 5 toy cars"},"content":{"rendered":"<p>City Park garage med 5 biler.<br \/>\nTag leg med biler til et andet niveau! Denne sjove 3-niveau City Park &amp; \u200b\u200bDrive garage giver fantastisk mulighed for fantasifuld leg med biler. Den har en helikopterplads, fungerende billift, forbindende ramper mellem etager og 2 parkeringsb\u00e5se p\u00e5 hvert niveau. Kompatibel med alle Teamsterz banes\u00e6t og 3 die-cast biler. Inkluderer 5 stk 7 cm die-cast biler. Til alderen 3 \u00e5r + &#8221;<\/p>\n<p>Grundlagt i 1952 er HTI en af Storbritanniens st\u00f8rste uafh\u00e6ngigt ejede designere og producenter af b\u00f8rneleget\u00f8j, med omfattende erfaring i levering til verdens store detailhandlere.<\/p>\n<p>Teamsterz tilbyder et omfattende udvalg af Die-cast k\u00f8ret\u00f8jer, garager og leges\u00e6t, lys- og biler med lyd samt banes\u00e6t. Sortimentet kombinerer skarpe prispunkter og kvalitet for at levere h\u00f8j detaljerigdom og stor legev\u00e6rdi. Temaer inkluderer racerbiler, n\u00f8dk\u00f8ret\u00f8jer, forhistoriske dinosaurer, bondeg\u00e5rdsliv, monstertrucks og mere.<\/p>\n","protected":false},"excerpt":{"rendered":"<p>Teamsterz City &amp; Drive Garage. Inkl. 5 biler<\/p>\n","protected":false},"featured_media":0,"template":"","meta":{"content-type":"","_monsterinsights_skip_tracking":false,"_monsterinsights_sitenote_active":false,"_monsterinsights_sitenote_note":"","_monsterinsights_sitenote_category":0},"product_brand":[],"product_cat":[1615],"product_tag":[],"brand":[],"target-group":[],"discontinued":[],"class_list":{"0":"post-215790","1":"product","2":"type-product","3":"status-archive","5":"product_cat-teamsterz-legetoej","7":"first","8":"outofstock","9":"taxable","10":"shipping-taxable","11":"product-type-simple"},"aioseo_notices":[],"_links":{"self":[{"href":"https:\/\/games.tactic.net\/da\/wp-json\/wp\/v2\/product\/215790","targetHints":{"allow":["GET"]}}],"collection":[{"href":"https:\/\/games.tactic.net\/da\/wp-json\/wp\/v2\/product"}],"about":[{"href":"https:\/\/games.tactic.net\/da\/wp-json\/wp\/v2\/types\/product"}],"wp:attachment":[{"href":"https:\/\/games.tactic.net\/da\/wp-json\/wp\/v2\/media?parent=215790"}],"wp:term":[{"taxonomy":"product_brand","embeddable":true,"href":"https:\/\/games.tactic.net\/da\/wp-json\/wp\/v2\/product_brand?post=215790"},{"taxonomy":"product_cat","embeddable":true,"href":"https:\/\/games.tactic.net\/da\/wp-json\/wp\/v2\/product_cat?post=215790"},{"taxonomy":"product_tag","embeddable":true,"href":"https:\/\/games.tactic.net\/da\/wp-json\/wp\/v2\/product_tag?post=215790"},{"taxonomy":"brand","embeddable":true,"href":"https:\/\/games.tactic.net\/da\/wp-json\/wp\/v2\/brand?post=215790"},{"taxonomy":"target-group","embeddable":true,"href":"https:\/\/games.tactic.net\/da\/wp-json\/wp\/v2\/target-group?post=215790"},{"taxonomy":"discontinued","embeddable":true,"href":"https:\/\/games.tactic.net\/da\/wp-json\/wp\/v2\/discontinued?post=215790"}],"curies":[{"name":"wp","href":"https:\/\/api.w.org\/{rel}","templated":true}]}}