{"id":215676,"date":"2021-10-26T08:29:29","date_gmt":"2021-10-26T05:29:29","guid":{"rendered":"http:\/\/dev.tactic.net\/tuote\/fire-engine-light-and-sound\/"},"modified":"2025-12-16T10:22:31","modified_gmt":"2025-12-16T08:22:31","slug":"fire-engine-light-and-sound","status":"archive","type":"product","link":"https:\/\/games.tactic.net\/da\/tuote\/fire-engine-light-and-sound\/","title":{"rendered":"Teamsterz Small Fire Engine with LS toy"},"content":{"rendered":"<p>Red mennsker ud fra br\u00e6ndende bygninger i den lille stigevogn med lys i forlygterne, bl\u00e5 blink og realistiske motor- og sirenelyde. Stigen p\u00e5 brandbilen kan drejes 360\u00b0og skydes ud ligesom p\u00e5 en rigtig stigevogn. Brandbilen l\u00e6gger op til fantasifuld og kreativ rolleleg, der er stimulerende for barnets udvikling. Teamsterz k\u00f8ret\u00f8jer kan anvendes b\u00e5de inde og ude pga de gode hjul og den h\u00f8je kvalitet af karosseri. Batterier medf\u00f8lger 3 x LR44\/AG13. Fra 3 \u00e5r.<\/p>\n","protected":false},"excerpt":{"rendered":"<p>Teamsterz Mighty Machines Brandbil med lyd og lyd<\/p>\n","protected":false},"featured_media":0,"template":"","meta":{"content-type":"","_monsterinsights_skip_tracking":false,"_monsterinsights_sitenote_active":false,"_monsterinsights_sitenote_note":"","_monsterinsights_sitenote_category":0},"product_brand":[],"product_cat":[1615],"product_tag":[],"brand":[],"target-group":[],"discontinued":[],"class_list":{"0":"post-215676","1":"product","2":"type-product","3":"status-archive","5":"product_cat-teamsterz-legetoej","7":"first","8":"outofstock","9":"taxable","10":"shipping-taxable","11":"product-type-simple"},"aioseo_notices":[],"_links":{"self":[{"href":"https:\/\/games.tactic.net\/da\/wp-json\/wp\/v2\/product\/215676","targetHints":{"allow":["GET"]}}],"collection":[{"href":"https:\/\/games.tactic.net\/da\/wp-json\/wp\/v2\/product"}],"about":[{"href":"https:\/\/games.tactic.net\/da\/wp-json\/wp\/v2\/types\/product"}],"wp:attachment":[{"href":"https:\/\/games.tactic.net\/da\/wp-json\/wp\/v2\/media?parent=215676"}],"wp:term":[{"taxonomy":"product_brand","embeddable":true,"href":"https:\/\/games.tactic.net\/da\/wp-json\/wp\/v2\/product_brand?post=215676"},{"taxonomy":"product_cat","embeddable":true,"href":"https:\/\/games.tactic.net\/da\/wp-json\/wp\/v2\/product_cat?post=215676"},{"taxonomy":"product_tag","embeddable":true,"href":"https:\/\/games.tactic.net\/da\/wp-json\/wp\/v2\/product_tag?post=215676"},{"taxonomy":"brand","embeddable":true,"href":"https:\/\/games.tactic.net\/da\/wp-json\/wp\/v2\/brand?post=215676"},{"taxonomy":"target-group","embeddable":true,"href":"https:\/\/games.tactic.net\/da\/wp-json\/wp\/v2\/target-group?post=215676"},{"taxonomy":"discontinued","embeddable":true,"href":"https:\/\/games.tactic.net\/da\/wp-json\/wp\/v2\/discontinued?post=215676"}],"curies":[{"name":"wp","href":"https:\/\/api.w.org\/{rel}","templated":true}]}}