{"id":215549,"date":"2021-10-26T08:28:30","date_gmt":"2021-10-26T05:28:30","guid":{"rendered":"http:\/\/dev.tactic.net\/tuote\/ambulance-light-and-sound\/"},"modified":"2025-12-16T10:22:22","modified_gmt":"2025-12-16T08:22:22","slug":"ambulance-light-and-sound","status":"archive","type":"product","link":"https:\/\/games.tactic.net\/da\/tuote\/ambulance-light-and-sound\/","title":{"rendered":"Teamsterz Small Ambulance with LS white toy"},"content":{"rendered":"<p>Ryk ud i en fart, og bliv dagens store redningsmand i den lille ambulance med lys i forlygterne, bl\u00e5 blink og realistiske motor- og sirenelyde. Ambulancen l\u00e6gger op til fantasifuld og kreativ rolleleg, der er stimulerende for barnets udvikling.Kan anvendes b\u00e5de inde og ude. Teamsterz trykst\u00f8bte k\u00f8ret\u00f8jer er robuste p\u00e5 grund af h\u00f8jkvalitets die-cast karosseri og har gode hjul.<br \/>\nBatterier medf\u00f8lger 3 x LR44\/AG13. Fra 3 \u00e5r.<\/p>\n","protected":false},"excerpt":{"rendered":"<p>Teamsterz Mighty Machines Ambulance med lys og lyd. Hvid<\/p>\n","protected":false},"featured_media":0,"template":"","meta":{"content-type":"","_monsterinsights_skip_tracking":false,"_monsterinsights_sitenote_active":false,"_monsterinsights_sitenote_note":"","_monsterinsights_sitenote_category":0},"product_brand":[],"product_cat":[1615],"product_tag":[],"brand":[],"target-group":[],"discontinued":[],"class_list":{"0":"post-215549","1":"product","2":"type-product","3":"status-archive","5":"product_cat-teamsterz-legetoej","7":"first","8":"outofstock","9":"taxable","10":"shipping-taxable","11":"product-type-simple"},"aioseo_notices":[],"_links":{"self":[{"href":"https:\/\/games.tactic.net\/da\/wp-json\/wp\/v2\/product\/215549","targetHints":{"allow":["GET"]}}],"collection":[{"href":"https:\/\/games.tactic.net\/da\/wp-json\/wp\/v2\/product"}],"about":[{"href":"https:\/\/games.tactic.net\/da\/wp-json\/wp\/v2\/types\/product"}],"wp:attachment":[{"href":"https:\/\/games.tactic.net\/da\/wp-json\/wp\/v2\/media?parent=215549"}],"wp:term":[{"taxonomy":"product_brand","embeddable":true,"href":"https:\/\/games.tactic.net\/da\/wp-json\/wp\/v2\/product_brand?post=215549"},{"taxonomy":"product_cat","embeddable":true,"href":"https:\/\/games.tactic.net\/da\/wp-json\/wp\/v2\/product_cat?post=215549"},{"taxonomy":"product_tag","embeddable":true,"href":"https:\/\/games.tactic.net\/da\/wp-json\/wp\/v2\/product_tag?post=215549"},{"taxonomy":"brand","embeddable":true,"href":"https:\/\/games.tactic.net\/da\/wp-json\/wp\/v2\/brand?post=215549"},{"taxonomy":"target-group","embeddable":true,"href":"https:\/\/games.tactic.net\/da\/wp-json\/wp\/v2\/target-group?post=215549"},{"taxonomy":"discontinued","embeddable":true,"href":"https:\/\/games.tactic.net\/da\/wp-json\/wp\/v2\/discontinued?post=215549"}],"curies":[{"name":"wp","href":"https:\/\/api.w.org\/{rel}","templated":true}]}}