{"id":215323,"date":"2021-10-26T08:26:24","date_gmt":"2021-10-26T05:26:24","guid":{"rendered":"http:\/\/dev.tactic.net\/tuote\/garbage-truck-light-and-sound\/"},"modified":"2025-12-16T10:22:13","modified_gmt":"2025-12-16T08:22:13","slug":"garbage-truck-light-and-sound","status":"archive","type":"product","link":"https:\/\/games.tactic.net\/da\/tuote\/garbage-truck-light-and-sound\/","title":{"rendered":"Teamsterz Small Garbage Truck with LS toy"},"content":{"rendered":"<p>Bliv byens h\u00e5rdtarbejdende helt med den lille skraldebil med blinkende lys langs siderne og realistiske motor- og dyttelyde. Skraldebil l\u00e6gger op til fantasifuld og kreativ rolleleg, der er stimulerende for barnets udvikling.<br \/>\nLeveres i en gr\u00f8n og hvid variant med autentiske printede grafikdetaljer. At skabe utallige timers fantasifuld og kreativ sjov, lege med venner og l\u00e6re om det arbejde, der udf\u00f8res af andre i samfundet. Hj\u00e6lper udviklingen af \u200b\u200bdit lille barns sociale og finmotoriske f\u00e6rdigheder, da de er den perfekte st\u00f8rrelse for sm\u00e5 h\u00e6nder at skubbe med. Teamsterz trykst\u00f8bte k\u00f8ret\u00f8jer er robuste p\u00e5 grund af den h\u00f8jkvalitets trykst\u00f8bte karosseri med st\u00f8bte undervognsdetaljer.<br \/>\nInkl. batterier 3 x LR44\/AG13. Fra 3 \u00e5r.<\/p>\n","protected":false},"excerpt":{"rendered":"<p>Teamsterz Mighty Machines skraldebil med lys og lyd<\/p>\n","protected":false},"featured_media":0,"template":"","meta":{"content-type":"","_monsterinsights_skip_tracking":false,"_monsterinsights_sitenote_active":false,"_monsterinsights_sitenote_note":"","_monsterinsights_sitenote_category":0},"product_brand":[],"product_cat":[1615],"product_tag":[],"brand":[],"target-group":[],"discontinued":[],"class_list":{"0":"post-215323","1":"product","2":"type-product","3":"status-archive","5":"product_cat-teamsterz-legetoej","7":"first","8":"outofstock","9":"taxable","10":"shipping-taxable","11":"product-type-simple"},"aioseo_notices":[],"_links":{"self":[{"href":"https:\/\/games.tactic.net\/da\/wp-json\/wp\/v2\/product\/215323","targetHints":{"allow":["GET"]}}],"collection":[{"href":"https:\/\/games.tactic.net\/da\/wp-json\/wp\/v2\/product"}],"about":[{"href":"https:\/\/games.tactic.net\/da\/wp-json\/wp\/v2\/types\/product"}],"wp:attachment":[{"href":"https:\/\/games.tactic.net\/da\/wp-json\/wp\/v2\/media?parent=215323"}],"wp:term":[{"taxonomy":"product_brand","embeddable":true,"href":"https:\/\/games.tactic.net\/da\/wp-json\/wp\/v2\/product_brand?post=215323"},{"taxonomy":"product_cat","embeddable":true,"href":"https:\/\/games.tactic.net\/da\/wp-json\/wp\/v2\/product_cat?post=215323"},{"taxonomy":"product_tag","embeddable":true,"href":"https:\/\/games.tactic.net\/da\/wp-json\/wp\/v2\/product_tag?post=215323"},{"taxonomy":"brand","embeddable":true,"href":"https:\/\/games.tactic.net\/da\/wp-json\/wp\/v2\/brand?post=215323"},{"taxonomy":"target-group","embeddable":true,"href":"https:\/\/games.tactic.net\/da\/wp-json\/wp\/v2\/target-group?post=215323"},{"taxonomy":"discontinued","embeddable":true,"href":"https:\/\/games.tactic.net\/da\/wp-json\/wp\/v2\/discontinued?post=215323"}],"curies":[{"name":"wp","href":"https:\/\/api.w.org\/{rel}","templated":true}]}}