{"id":215166,"date":"2021-10-25T15:59:10","date_gmt":"2021-10-25T12:59:10","guid":{"rendered":"http:\/\/dev.tactic.net\/tuote\/street-smash-track-set-with-5-cars\/"},"modified":"2025-12-16T10:22:04","modified_gmt":"2025-12-16T08:22:04","slug":"street-smash-track-set-with-5-cars","status":"archive","type":"product","link":"https:\/\/games.tactic.net\/da\/tuote\/street-smash-track-set-with-5-cars\/","title":{"rendered":"Teamsterz Street Smash bane med 5 biler"},"content":{"rendered":"<p>Gravity-drevet enkeltsporet banes\u00e6t med enkelt loop<br \/>\nK\u00f8r ned ad banen, rundt i loopet og over rampen for at bryde igennem reklametavlen eller flammehoopen!<br \/>\nInkluderer 2 forskellige udskiftelige hop og 5 die-cast biler i cirka 3&#8243; skala.<br \/>\nBilerne har h\u00f8jkvalitets die-cast karosseri med uafh\u00e6ngige frit bev\u00e6gelige hjul.<br \/>\nVelegnet til alderen 3 \u00e5r +&#8221;<\/p>\n","protected":false},"excerpt":{"rendered":"<p>Teamsterz Street Smash bane med 5 biler<\/p>\n","protected":false},"featured_media":0,"template":"","meta":{"content-type":"","_monsterinsights_skip_tracking":false,"_monsterinsights_sitenote_active":false,"_monsterinsights_sitenote_note":"","_monsterinsights_sitenote_category":0},"product_brand":[],"product_cat":[1615],"product_tag":[],"brand":[],"target-group":[],"discontinued":[],"class_list":{"0":"post-215166","1":"product","2":"type-product","3":"status-archive","5":"product_cat-teamsterz-legetoej","7":"first","8":"outofstock","9":"taxable","10":"shipping-taxable","11":"product-type-simple"},"aioseo_notices":[],"_links":{"self":[{"href":"https:\/\/games.tactic.net\/da\/wp-json\/wp\/v2\/product\/215166","targetHints":{"allow":["GET"]}}],"collection":[{"href":"https:\/\/games.tactic.net\/da\/wp-json\/wp\/v2\/product"}],"about":[{"href":"https:\/\/games.tactic.net\/da\/wp-json\/wp\/v2\/types\/product"}],"wp:attachment":[{"href":"https:\/\/games.tactic.net\/da\/wp-json\/wp\/v2\/media?parent=215166"}],"wp:term":[{"taxonomy":"product_brand","embeddable":true,"href":"https:\/\/games.tactic.net\/da\/wp-json\/wp\/v2\/product_brand?post=215166"},{"taxonomy":"product_cat","embeddable":true,"href":"https:\/\/games.tactic.net\/da\/wp-json\/wp\/v2\/product_cat?post=215166"},{"taxonomy":"product_tag","embeddable":true,"href":"https:\/\/games.tactic.net\/da\/wp-json\/wp\/v2\/product_tag?post=215166"},{"taxonomy":"brand","embeddable":true,"href":"https:\/\/games.tactic.net\/da\/wp-json\/wp\/v2\/brand?post=215166"},{"taxonomy":"target-group","embeddable":true,"href":"https:\/\/games.tactic.net\/da\/wp-json\/wp\/v2\/target-group?post=215166"},{"taxonomy":"discontinued","embeddable":true,"href":"https:\/\/games.tactic.net\/da\/wp-json\/wp\/v2\/discontinued?post=215166"}],"curies":[{"name":"wp","href":"https:\/\/api.w.org\/{rel}","templated":true}]}}