{"id":215039,"date":"2021-10-25T15:57:51","date_gmt":"2021-10-25T12:57:51","guid":{"rendered":"http:\/\/dev.tactic.net\/tuote\/street-machines-container-truck\/"},"modified":"2025-08-07T15:10:24","modified_gmt":"2025-08-07T12:10:24","slug":"street-machines-container-truck","status":"archive","type":"product","link":"https:\/\/games.tactic.net\/da\/tuote\/street-machines-container-truck\/","title":{"rendered":"Teamsterz Street Machines die-cast Container Truck toy car"},"content":{"rendered":"<p>Lastbilen er m\u00e5ske lille, men at levere varer er et stort ansvar. V\u00e6lg mellem 3 forskellige Teamsterz trykst\u00f8bte containerlastbiler, og det er tid til at udvide din fl\u00e5de og f\u00e5 disse varer til deres destinationer. Hver leveringsrejse er med til at skabe mange timers fantasifuld sjov. For alderen 3+<\/p>\n","protected":false},"excerpt":{"rendered":"<p>Teamsterz Lastbil.  V\u00e6lg mellem 3 forskellige Teamsterz trykst\u00f8bte containerlastbiler.<\/p>\n","protected":false},"featured_media":0,"template":"","meta":{"content-type":"","_monsterinsights_skip_tracking":false,"_monsterinsights_sitenote_active":false,"_monsterinsights_sitenote_note":"","_monsterinsights_sitenote_category":0},"product_brand":[],"product_cat":[1615],"product_tag":[],"brand":[],"target-group":[],"discontinued":[],"class_list":{"0":"post-215039","1":"product","2":"type-product","3":"status-archive","5":"product_cat-teamsterz-legetoej","7":"first","8":"outofstock","9":"taxable","10":"shipping-taxable","11":"product-type-simple"},"aioseo_notices":[],"_links":{"self":[{"href":"https:\/\/games.tactic.net\/da\/wp-json\/wp\/v2\/product\/215039","targetHints":{"allow":["GET"]}}],"collection":[{"href":"https:\/\/games.tactic.net\/da\/wp-json\/wp\/v2\/product"}],"about":[{"href":"https:\/\/games.tactic.net\/da\/wp-json\/wp\/v2\/types\/product"}],"wp:attachment":[{"href":"https:\/\/games.tactic.net\/da\/wp-json\/wp\/v2\/media?parent=215039"}],"wp:term":[{"taxonomy":"product_brand","embeddable":true,"href":"https:\/\/games.tactic.net\/da\/wp-json\/wp\/v2\/product_brand?post=215039"},{"taxonomy":"product_cat","embeddable":true,"href":"https:\/\/games.tactic.net\/da\/wp-json\/wp\/v2\/product_cat?post=215039"},{"taxonomy":"product_tag","embeddable":true,"href":"https:\/\/games.tactic.net\/da\/wp-json\/wp\/v2\/product_tag?post=215039"},{"taxonomy":"brand","embeddable":true,"href":"https:\/\/games.tactic.net\/da\/wp-json\/wp\/v2\/brand?post=215039"},{"taxonomy":"target-group","embeddable":true,"href":"https:\/\/games.tactic.net\/da\/wp-json\/wp\/v2\/target-group?post=215039"},{"taxonomy":"discontinued","embeddable":true,"href":"https:\/\/games.tactic.net\/da\/wp-json\/wp\/v2\/discontinued?post=215039"}],"curies":[{"name":"wp","href":"https:\/\/api.w.org\/{rel}","templated":true}]}}