{"id":214641,"date":"2021-10-25T15:41:11","date_gmt":"2021-10-25T12:41:11","guid":{"rendered":"http:\/\/dev.tactic.net\/tuote\/country-life-die-cast-tractor\/"},"modified":"2025-12-16T10:21:55","modified_gmt":"2025-12-16T08:21:55","slug":"country-life-die-cast-tractor","status":"archive","type":"product","link":"https:\/\/games.tactic.net\/da\/tuote\/country-life-die-cast-tractor\/","title":{"rendered":"Teamsterz Tractor toy"},"content":{"rendered":"<p>Lille fin traktor med metal tag, og f\u00e5s i 3 forskellige farver. Fra 3 \u00e5r.<br \/>\nTeamsterz Farm Tractor &amp; Digger er perfekt til at hj\u00e6lpe din lille landmand med at udf\u00f8re de daglige tunge opgaver omkring g\u00e5rden. Traktorerne er har gode hjul og kommer i et sortiment af tre varianter:  Gr\u00f8n traktor, bl\u00e5 traktor eller r\u00f8d traktor alle med bev\u00e6gelig grab p\u00e5 fronten. Velegnet til alderen 3+<\/p>\n","protected":false},"excerpt":{"rendered":"<p>Teamsterz Country Life Traktor asst.<\/p>\n","protected":false},"featured_media":0,"template":"","meta":{"content-type":"","_monsterinsights_skip_tracking":false,"_monsterinsights_sitenote_active":false,"_monsterinsights_sitenote_note":"","_monsterinsights_sitenote_category":0},"product_brand":[],"product_cat":[1615],"product_tag":[],"brand":[],"target-group":[],"discontinued":[],"class_list":{"0":"post-214641","1":"product","2":"type-product","3":"status-archive","5":"product_cat-teamsterz-legetoej","7":"first","8":"outofstock","9":"taxable","10":"shipping-taxable","11":"product-type-simple"},"aioseo_notices":[],"_links":{"self":[{"href":"https:\/\/games.tactic.net\/da\/wp-json\/wp\/v2\/product\/214641","targetHints":{"allow":["GET"]}}],"collection":[{"href":"https:\/\/games.tactic.net\/da\/wp-json\/wp\/v2\/product"}],"about":[{"href":"https:\/\/games.tactic.net\/da\/wp-json\/wp\/v2\/types\/product"}],"wp:attachment":[{"href":"https:\/\/games.tactic.net\/da\/wp-json\/wp\/v2\/media?parent=214641"}],"wp:term":[{"taxonomy":"product_brand","embeddable":true,"href":"https:\/\/games.tactic.net\/da\/wp-json\/wp\/v2\/product_brand?post=214641"},{"taxonomy":"product_cat","embeddable":true,"href":"https:\/\/games.tactic.net\/da\/wp-json\/wp\/v2\/product_cat?post=214641"},{"taxonomy":"product_tag","embeddable":true,"href":"https:\/\/games.tactic.net\/da\/wp-json\/wp\/v2\/product_tag?post=214641"},{"taxonomy":"brand","embeddable":true,"href":"https:\/\/games.tactic.net\/da\/wp-json\/wp\/v2\/brand?post=214641"},{"taxonomy":"target-group","embeddable":true,"href":"https:\/\/games.tactic.net\/da\/wp-json\/wp\/v2\/target-group?post=214641"},{"taxonomy":"discontinued","embeddable":true,"href":"https:\/\/games.tactic.net\/da\/wp-json\/wp\/v2\/discontinued?post=214641"}],"curies":[{"name":"wp","href":"https:\/\/api.w.org\/{rel}","templated":true}]}}