{"id":214541,"date":"2021-10-25T15:37:52","date_gmt":"2021-10-25T12:37:52","guid":{"rendered":"http:\/\/dev.tactic.net\/tuote\/street-kingz-single-die-cast-4-size\/"},"modified":"2025-10-29T09:57:01","modified_gmt":"2025-10-29T07:57:01","slug":"street-kingz-single-die-cast-4-size","status":"archive","type":"product","link":"https:\/\/games.tactic.net\/da\/tuote\/street-kingz-single-die-cast-4-size\/","title":{"rendered":"Teamsterz Street Machines die-cast toy car"},"content":{"rendered":"<p>K\u00f8r afsted og saml dine foretrukne Teamsterz Street Kingz leget\u00f8jsbiler. Der er et bredt udvalg af stilarter og farver p\u00e5 tv\u00e6rs af forskellige k\u00f8ret\u00f8jstemaer, herunder gaderacere, bybiler og pr\u00e6stationsk\u00f8ret\u00f8jer. Cirka 10cm skala er disse meget detaljerede die-cast leget\u00f8jsbiler, med frit bev\u00e6gelige hjul, den perfekte st\u00f8rrelse til skubbe-leg, der hj\u00e6lper med at udvikle dit lille barns finmotorik. Teamsterz Street Kingz trykst\u00f8bte leget\u00f8jsbiler er den perfekte gave til enhver entusiastisk chauff\u00f8r, der byder p\u00e5 timevis af fantasifuld leg. Velegnet til alderen 3 \u00e5r +..<\/p>\n","protected":false},"excerpt":{"rendered":"<p>Teamsterz Street Machines Die-Cast bil 1:43<\/p>\n","protected":false},"featured_media":0,"template":"","meta":{"content-type":"","_monsterinsights_skip_tracking":false,"_monsterinsights_sitenote_active":false,"_monsterinsights_sitenote_note":"","_monsterinsights_sitenote_category":0},"product_brand":[],"product_cat":[1615],"product_tag":[],"brand":[],"target-group":[],"discontinued":[],"class_list":{"0":"post-214541","1":"product","2":"type-product","3":"status-archive","5":"product_cat-teamsterz-legetoej","7":"first","8":"outofstock","9":"taxable","10":"shipping-taxable","11":"product-type-simple"},"aioseo_notices":[],"_links":{"self":[{"href":"https:\/\/games.tactic.net\/da\/wp-json\/wp\/v2\/product\/214541","targetHints":{"allow":["GET"]}}],"collection":[{"href":"https:\/\/games.tactic.net\/da\/wp-json\/wp\/v2\/product"}],"about":[{"href":"https:\/\/games.tactic.net\/da\/wp-json\/wp\/v2\/types\/product"}],"wp:attachment":[{"href":"https:\/\/games.tactic.net\/da\/wp-json\/wp\/v2\/media?parent=214541"}],"wp:term":[{"taxonomy":"product_brand","embeddable":true,"href":"https:\/\/games.tactic.net\/da\/wp-json\/wp\/v2\/product_brand?post=214541"},{"taxonomy":"product_cat","embeddable":true,"href":"https:\/\/games.tactic.net\/da\/wp-json\/wp\/v2\/product_cat?post=214541"},{"taxonomy":"product_tag","embeddable":true,"href":"https:\/\/games.tactic.net\/da\/wp-json\/wp\/v2\/product_tag?post=214541"},{"taxonomy":"brand","embeddable":true,"href":"https:\/\/games.tactic.net\/da\/wp-json\/wp\/v2\/brand?post=214541"},{"taxonomy":"target-group","embeddable":true,"href":"https:\/\/games.tactic.net\/da\/wp-json\/wp\/v2\/target-group?post=214541"},{"taxonomy":"discontinued","embeddable":true,"href":"https:\/\/games.tactic.net\/da\/wp-json\/wp\/v2\/discontinued?post=214541"}],"curies":[{"name":"wp","href":"https:\/\/api.w.org\/{rel}","templated":true}]}}