{"id":214484,"date":"2021-10-25T15:37:01","date_gmt":"2021-10-25T12:37:01","guid":{"rendered":"http:\/\/dev.tactic.net\/tuote\/street-kingz-city-trucks\/"},"modified":"2025-01-29T10:59:35","modified_gmt":"2025-01-29T08:59:35","slug":"street-kingz-city-trucks","status":"archive","type":"product","link":"https:\/\/games.tactic.net\/da\/tuote\/street-kingz-city-trucks\/","title":{"rendered":"Teamsterz City Truck toy car"},"content":{"rendered":"<p>Hold byen k\u00f8rende med Teamsterz Street Kingz City Loader Trucks. Der findes 4 varianter af denne leget\u00f8jslastbil. Alle med autentiske detaljer; den farvestr\u00e5lende Road Sweeper og Fuel Tanker suppleres af skraldebilen, der har en bagd\u00f8r, der kan \u00e5bnes, og Skip Lorry, som kan prale af en aftagelig container. Leget\u00f8jslastbilerne er  Cirka 4-tommers skala, med et h\u00f8jkvalitets trykst\u00f8bt f\u00f8rerhus og gode hjul. Leg med dette k\u00f8ret\u00f8j hj\u00e6lper med at udvikle dit barns finmotorik. Teamsterz Street Kingz City Loader Trucks er den perfekte gave til enhver k\u00f8ret\u00f8jsentusiaster, der tilbyder timevis af fantasifuld leg. Velegnet til alderen 3 \u00e5r +.<\/p>\n","protected":false},"excerpt":{"rendered":"<p>Teamsterz Lastbil Die Cast 1:43 Frihjul, holdbart og letv\u00e6gtsmateriale. Et underholdende leget\u00f8j, hvor b\u00f8rn lader deres kreativitet og fantasi l\u00f8be frit, mens de fort\u00e6ller en historie, de selv improviserer. Fra 3 \u00e5r.<\/p>\n","protected":false},"featured_media":0,"template":"","meta":{"content-type":"","_monsterinsights_skip_tracking":false,"_monsterinsights_sitenote_active":false,"_monsterinsights_sitenote_note":"","_monsterinsights_sitenote_category":0},"product_brand":[],"product_cat":[1615],"product_tag":[],"brand":[],"target-group":[],"discontinued":[],"class_list":{"0":"post-214484","1":"product","2":"type-product","3":"status-archive","5":"product_cat-teamsterz-legetoej","7":"first","8":"outofstock","9":"taxable","10":"shipping-taxable","11":"product-type-simple"},"aioseo_notices":[],"_links":{"self":[{"href":"https:\/\/games.tactic.net\/da\/wp-json\/wp\/v2\/product\/214484","targetHints":{"allow":["GET"]}}],"collection":[{"href":"https:\/\/games.tactic.net\/da\/wp-json\/wp\/v2\/product"}],"about":[{"href":"https:\/\/games.tactic.net\/da\/wp-json\/wp\/v2\/types\/product"}],"wp:attachment":[{"href":"https:\/\/games.tactic.net\/da\/wp-json\/wp\/v2\/media?parent=214484"}],"wp:term":[{"taxonomy":"product_brand","embeddable":true,"href":"https:\/\/games.tactic.net\/da\/wp-json\/wp\/v2\/product_brand?post=214484"},{"taxonomy":"product_cat","embeddable":true,"href":"https:\/\/games.tactic.net\/da\/wp-json\/wp\/v2\/product_cat?post=214484"},{"taxonomy":"product_tag","embeddable":true,"href":"https:\/\/games.tactic.net\/da\/wp-json\/wp\/v2\/product_tag?post=214484"},{"taxonomy":"brand","embeddable":true,"href":"https:\/\/games.tactic.net\/da\/wp-json\/wp\/v2\/brand?post=214484"},{"taxonomy":"target-group","embeddable":true,"href":"https:\/\/games.tactic.net\/da\/wp-json\/wp\/v2\/target-group?post=214484"},{"taxonomy":"discontinued","embeddable":true,"href":"https:\/\/games.tactic.net\/da\/wp-json\/wp\/v2\/discontinued?post=214484"}],"curies":[{"name":"wp","href":"https:\/\/api.w.org\/{rel}","templated":true}]}}