{"id":214370,"date":"2021-10-25T15:34:56","date_gmt":"2021-10-25T12:34:56","guid":{"rendered":"http:\/\/dev.tactic.net\/tuote\/street-machines-single-die-cast-blister-card\/"},"modified":"2025-01-29T11:00:27","modified_gmt":"2025-01-29T09:00:27","slug":"street-machines-single-die-cast-blister-card","status":"archive","type":"product","link":"https:\/\/games.tactic.net\/da\/tuote\/street-machines-single-die-cast-blister-card\/","title":{"rendered":"Teamsterz Street Machines die-cast toy car"},"content":{"rendered":"<p>K\u00f8r afsted med dine foretrukne Teamsterz Street Machine! Stort udvalg af k\u00f8ret\u00f8jer. V\u00e6lg imellem flere farver og designs, herunder; gaderacere, offroadere, bybiler og lastbiler, byggeri og n\u00f8dsituationer! Teamsterz Street Machines trykst\u00f8bte k\u00f8ret\u00f8jer er cirka 7 cm og har en h\u00f8jkvalitets trykst\u00f8bt karosseri og gode hjul. Velegnet til alderen 3+<\/p>\n","protected":false},"excerpt":{"rendered":"<p>Teamsterz Street Machines Die-cast Single bil. V\u00e6lg imellem flere farver og designs, herunder; gaderacere, offroadere, bybiler og lastbiler, byggeri og n\u00f8dsituationer.<\/p>\n","protected":false},"featured_media":0,"template":"","meta":{"content-type":"","_monsterinsights_skip_tracking":false,"_monsterinsights_sitenote_active":false,"_monsterinsights_sitenote_note":"","_monsterinsights_sitenote_category":0},"product_brand":[],"product_cat":[1615],"product_tag":[],"brand":[],"target-group":[],"discontinued":[],"class_list":{"0":"post-214370","1":"product","2":"type-product","3":"status-archive","5":"product_cat-teamsterz-legetoej","7":"first","8":"outofstock","9":"taxable","10":"shipping-taxable","11":"product-type-simple"},"aioseo_notices":[],"_links":{"self":[{"href":"https:\/\/games.tactic.net\/da\/wp-json\/wp\/v2\/product\/214370","targetHints":{"allow":["GET"]}}],"collection":[{"href":"https:\/\/games.tactic.net\/da\/wp-json\/wp\/v2\/product"}],"about":[{"href":"https:\/\/games.tactic.net\/da\/wp-json\/wp\/v2\/types\/product"}],"wp:attachment":[{"href":"https:\/\/games.tactic.net\/da\/wp-json\/wp\/v2\/media?parent=214370"}],"wp:term":[{"taxonomy":"product_brand","embeddable":true,"href":"https:\/\/games.tactic.net\/da\/wp-json\/wp\/v2\/product_brand?post=214370"},{"taxonomy":"product_cat","embeddable":true,"href":"https:\/\/games.tactic.net\/da\/wp-json\/wp\/v2\/product_cat?post=214370"},{"taxonomy":"product_tag","embeddable":true,"href":"https:\/\/games.tactic.net\/da\/wp-json\/wp\/v2\/product_tag?post=214370"},{"taxonomy":"brand","embeddable":true,"href":"https:\/\/games.tactic.net\/da\/wp-json\/wp\/v2\/brand?post=214370"},{"taxonomy":"target-group","embeddable":true,"href":"https:\/\/games.tactic.net\/da\/wp-json\/wp\/v2\/target-group?post=214370"},{"taxonomy":"discontinued","embeddable":true,"href":"https:\/\/games.tactic.net\/da\/wp-json\/wp\/v2\/discontinued?post=214370"}],"curies":[{"name":"wp","href":"https:\/\/api.w.org\/{rel}","templated":true}]}}