{"id":214327,"date":"2021-10-25T15:31:35","date_gmt":"2021-10-25T12:31:35","guid":{"rendered":"http:\/\/dev.tactic.net\/tuote\/street-machines-die-cast-5-pack\/"},"modified":"2025-04-29T10:18:11","modified_gmt":"2025-04-29T07:18:11","slug":"street-machines-die-cast-5-pack","status":"archive","type":"product","link":"https:\/\/games.tactic.net\/da\/tuote\/street-machines-die-cast-5-pack\/","title":{"rendered":"Teamsterz Street Machines die-cast 5-pak"},"content":{"rendered":"<p>Start din Teamsterz Street Machines-samling med dette 5-pak s\u00e6t af detaljerede die-cast k\u00f8ret\u00f8jer i en r\u00e6kke autentiske stilarter og i\u00f8jnefaldende farver. F\u00e5s i fire forskellige temaer, herunder konstruktion, n\u00f8dberedskab, by- og gaderacer-k\u00f8ret\u00f8jer. Teamsterz Street Machines die-cast k\u00f8ret\u00f8jer er i cirka 3-tommers skala og har en h\u00f8j kvalitet die-cast karrosseri og uafh\u00e6ngige frit bev\u00e6gelige hjul. Egnet til b\u00f8rn fra 3 \u00e5r og opefter.<\/p>\n","protected":false},"excerpt":{"rendered":"<p>Start din Teamsterz Street Machines-samling med dette 5-pak s\u00e6t af detaljerede die-cast k\u00f8ret\u00f8jer i en r\u00e6kke autentiske stilarter og i\u00f8jnefaldende farver. F\u00e5s i fire forskellige temaer<\/p>\n","protected":false},"featured_media":0,"template":"","meta":{"content-type":"","_monsterinsights_skip_tracking":false,"_monsterinsights_sitenote_active":false,"_monsterinsights_sitenote_note":"","_monsterinsights_sitenote_category":0},"product_brand":[],"product_cat":[1615],"product_tag":[],"brand":[],"target-group":[],"discontinued":[],"class_list":{"0":"post-214327","1":"product","2":"type-product","3":"status-archive","5":"product_cat-teamsterz-legetoej","7":"first","8":"outofstock","9":"taxable","10":"shipping-taxable","11":"product-type-simple"},"aioseo_notices":[],"_links":{"self":[{"href":"https:\/\/games.tactic.net\/da\/wp-json\/wp\/v2\/product\/214327","targetHints":{"allow":["GET"]}}],"collection":[{"href":"https:\/\/games.tactic.net\/da\/wp-json\/wp\/v2\/product"}],"about":[{"href":"https:\/\/games.tactic.net\/da\/wp-json\/wp\/v2\/types\/product"}],"wp:attachment":[{"href":"https:\/\/games.tactic.net\/da\/wp-json\/wp\/v2\/media?parent=214327"}],"wp:term":[{"taxonomy":"product_brand","embeddable":true,"href":"https:\/\/games.tactic.net\/da\/wp-json\/wp\/v2\/product_brand?post=214327"},{"taxonomy":"product_cat","embeddable":true,"href":"https:\/\/games.tactic.net\/da\/wp-json\/wp\/v2\/product_cat?post=214327"},{"taxonomy":"product_tag","embeddable":true,"href":"https:\/\/games.tactic.net\/da\/wp-json\/wp\/v2\/product_tag?post=214327"},{"taxonomy":"brand","embeddable":true,"href":"https:\/\/games.tactic.net\/da\/wp-json\/wp\/v2\/brand?post=214327"},{"taxonomy":"target-group","embeddable":true,"href":"https:\/\/games.tactic.net\/da\/wp-json\/wp\/v2\/target-group?post=214327"},{"taxonomy":"discontinued","embeddable":true,"href":"https:\/\/games.tactic.net\/da\/wp-json\/wp\/v2\/discontinued?post=214327"}],"curies":[{"name":"wp","href":"https:\/\/api.w.org\/{rel}","templated":true}]}}