{"id":193560,"date":"2021-09-30T11:58:33","date_gmt":"2021-09-30T08:58:33","guid":{"rendered":"http:\/\/dev.tactic.net\/tuote\/5-piece-toolset-tool-belt-hammer-safety-goggles-philips-screwdriver-measur\/"},"modified":"2025-01-16T11:45:06","modified_gmt":"2025-01-16T09:45:06","slug":"5-piece-toolset-tool-belt-hammer-safety-goggles-philips-screwdriver-measur","status":"archive","type":"product","link":"https:\/\/games.tactic.net\/da\/tuote\/5-piece-toolset-tool-belt-hammer-safety-goggles-philips-screwdriver-measur\/","title":{"rendered":"Stanley Jr. 5 pc tool set toy"},"content":{"rendered":"<p>Stanley Junior byg selv tilbeh\u00f8r og v\u00e6rkt\u00f8j er almindeligt v\u00e6rkt\u00f8j lavet i b\u00f8rnest\u00f8rrelse. S\u00e5 kan b\u00f8rnene komme ud og udfolde kreativiteten, med et stort udvalg af byg selv produkter fra Stanley Junior.<\/p>\n<p>5-delt v\u00e6rkt\u00f8jss\u00e6t: V\u00e6rkt\u00f8jsb\u00e6lte, hammer, sikkerhedsbriller, stjerneskruetr\u00e6kker og m\u00e5leb\u00e5nd. Fra 5 \u00e5r.<\/p>\n","protected":false},"excerpt":{"rendered":"<p>Stanley Jr DIY &#8211; 5 Stykke V\u00e6rkt\u00f8jss\u00e6t<\/p>\n","protected":false},"featured_media":0,"template":"","meta":{"content-type":"","_monsterinsights_skip_tracking":false,"_monsterinsights_sitenote_active":false,"_monsterinsights_sitenote_note":"","_monsterinsights_sitenote_category":0},"product_brand":[],"product_cat":[1614],"product_tag":[],"brand":[],"target-group":[],"discontinued":[],"class_list":{"0":"post-193560","1":"product","2":"type-product","3":"status-archive","5":"product_cat-stanley-jr-legetoej","7":"first","8":"instock","9":"taxable","10":"shipping-taxable","11":"product-type-simple"},"aioseo_notices":[],"_links":{"self":[{"href":"https:\/\/games.tactic.net\/da\/wp-json\/wp\/v2\/product\/193560","targetHints":{"allow":["GET"]}}],"collection":[{"href":"https:\/\/games.tactic.net\/da\/wp-json\/wp\/v2\/product"}],"about":[{"href":"https:\/\/games.tactic.net\/da\/wp-json\/wp\/v2\/types\/product"}],"wp:attachment":[{"href":"https:\/\/games.tactic.net\/da\/wp-json\/wp\/v2\/media?parent=193560"}],"wp:term":[{"taxonomy":"product_brand","embeddable":true,"href":"https:\/\/games.tactic.net\/da\/wp-json\/wp\/v2\/product_brand?post=193560"},{"taxonomy":"product_cat","embeddable":true,"href":"https:\/\/games.tactic.net\/da\/wp-json\/wp\/v2\/product_cat?post=193560"},{"taxonomy":"product_tag","embeddable":true,"href":"https:\/\/games.tactic.net\/da\/wp-json\/wp\/v2\/product_tag?post=193560"},{"taxonomy":"brand","embeddable":true,"href":"https:\/\/games.tactic.net\/da\/wp-json\/wp\/v2\/brand?post=193560"},{"taxonomy":"target-group","embeddable":true,"href":"https:\/\/games.tactic.net\/da\/wp-json\/wp\/v2\/target-group?post=193560"},{"taxonomy":"discontinued","embeddable":true,"href":"https:\/\/games.tactic.net\/da\/wp-json\/wp\/v2\/discontinued?post=193560"}],"curies":[{"name":"wp","href":"https:\/\/api.w.org\/{rel}","templated":true}]}}