{"id":160440,"date":"2021-09-28T15:59:22","date_gmt":"2021-09-28T12:59:22","guid":{"rendered":"http:\/\/dev.tactic.net\/tuote\/jcb-construction-transporter\/"},"modified":"2025-01-29T10:56:04","modified_gmt":"2025-01-29T08:56:04","slug":"jcb-construction-transporter","status":"archive","type":"product","link":"https:\/\/games.tactic.net\/da\/tuote\/jcb-construction-transporter\/","title":{"rendered":"Teamsterz JCB Construction Transporter with LS toy"},"content":{"rendered":"<p>L\u00e6s og transport\u00e9r dine byggek\u00f8ret\u00f8jer med Teamsterz JCB Light &amp; Sound Construction Transporter. Dette s\u00e6t leveres med 2x frit rullende bygge lastbiler; en gravemaskine og en hjull\u00e6sser, begge med en manuelt betjent frontskovl. Transport\u00f8ren har blinkende lys, motorlyde og er frit rullende, hvilket tillader glat transport og man\u00f8vrering. Den har ogs\u00e5 en p\u00e5l\u00e6sningsrampe, s\u00e5 lastbilerne nemt kan k\u00f8res af og p\u00e5. Kr\u00e6ver 3x LL44 (medf\u00f8lger). Fra 3 \u00e5r.<\/p>\n","protected":false},"excerpt":{"rendered":"<p>JCB Transporter med 2 k\u00f8ret\u00f8jer<\/p>\n","protected":false},"featured_media":0,"template":"","meta":{"content-type":"","_monsterinsights_skip_tracking":false,"_monsterinsights_sitenote_active":false,"_monsterinsights_sitenote_note":"","_monsterinsights_sitenote_category":0},"product_brand":[],"product_cat":[1617],"product_tag":[],"brand":[],"target-group":[],"discontinued":[],"class_list":{"0":"post-160440","1":"product","2":"type-product","3":"status-archive","5":"product_cat-jcb-legetoej","7":"first","8":"outofstock","9":"taxable","10":"shipping-taxable","11":"product-type-simple"},"aioseo_notices":[],"_links":{"self":[{"href":"https:\/\/games.tactic.net\/da\/wp-json\/wp\/v2\/product\/160440","targetHints":{"allow":["GET"]}}],"collection":[{"href":"https:\/\/games.tactic.net\/da\/wp-json\/wp\/v2\/product"}],"about":[{"href":"https:\/\/games.tactic.net\/da\/wp-json\/wp\/v2\/types\/product"}],"wp:attachment":[{"href":"https:\/\/games.tactic.net\/da\/wp-json\/wp\/v2\/media?parent=160440"}],"wp:term":[{"taxonomy":"product_brand","embeddable":true,"href":"https:\/\/games.tactic.net\/da\/wp-json\/wp\/v2\/product_brand?post=160440"},{"taxonomy":"product_cat","embeddable":true,"href":"https:\/\/games.tactic.net\/da\/wp-json\/wp\/v2\/product_cat?post=160440"},{"taxonomy":"product_tag","embeddable":true,"href":"https:\/\/games.tactic.net\/da\/wp-json\/wp\/v2\/product_tag?post=160440"},{"taxonomy":"brand","embeddable":true,"href":"https:\/\/games.tactic.net\/da\/wp-json\/wp\/v2\/brand?post=160440"},{"taxonomy":"target-group","embeddable":true,"href":"https:\/\/games.tactic.net\/da\/wp-json\/wp\/v2\/target-group?post=160440"},{"taxonomy":"discontinued","embeddable":true,"href":"https:\/\/games.tactic.net\/da\/wp-json\/wp\/v2\/discontinued?post=160440"}],"curies":[{"name":"wp","href":"https:\/\/api.w.org\/{rel}","templated":true}]}}