{"id":160383,"date":"2021-09-28T15:56:45","date_gmt":"2021-09-28T12:56:45","guid":{"rendered":"http:\/\/dev.tactic.net\/tuote\/jcb-crane\/"},"modified":"2025-01-24T15:17:12","modified_gmt":"2025-01-24T13:17:12","slug":"jcb-crane","status":"archive","type":"product","link":"https:\/\/games.tactic.net\/da\/tuote\/jcb-crane\/","title":{"rendered":"Teamsterz JCB kran &#8211; 100 cm. h\u00f8j"},"content":{"rendered":"<p>F\u00e5 det fulde overblik p\u00e5 byggepladsen med denne store, fjernstyrede kran p\u00e5 mere end 1 meter! Kranen kan dreje 360\u00b0, og grabben kan hejses op op ned \u2013 altsammen fra den enkle, kabelforbundne fjernbetjening. Et rigtig sjovt stykke leget\u00f8j, som giver en realistisk fornemmelse af at v\u00e6re en \u00e6gte kranf\u00f8rer! Kranen bruger 3 stk. AA-batterier (Medf\u00f8lger ikke) Fra 3 \u00e5r.<\/p>\n","protected":false},"excerpt":{"rendered":"<p>JCB kabelstyret kran &#8211; 100 cm<\/p>\n","protected":false},"featured_media":0,"template":"","meta":{"content-type":"","_monsterinsights_skip_tracking":false,"_monsterinsights_sitenote_active":false,"_monsterinsights_sitenote_note":"","_monsterinsights_sitenote_category":0},"product_brand":[],"product_cat":[1617],"product_tag":[],"brand":[],"target-group":[],"discontinued":[],"class_list":{"0":"post-160383","1":"product","2":"type-product","3":"status-archive","5":"product_cat-jcb-legetoej","7":"first","8":"outofstock","9":"taxable","10":"shipping-taxable","11":"product-type-simple"},"aioseo_notices":[],"_links":{"self":[{"href":"https:\/\/games.tactic.net\/da\/wp-json\/wp\/v2\/product\/160383","targetHints":{"allow":["GET"]}}],"collection":[{"href":"https:\/\/games.tactic.net\/da\/wp-json\/wp\/v2\/product"}],"about":[{"href":"https:\/\/games.tactic.net\/da\/wp-json\/wp\/v2\/types\/product"}],"wp:attachment":[{"href":"https:\/\/games.tactic.net\/da\/wp-json\/wp\/v2\/media?parent=160383"}],"wp:term":[{"taxonomy":"product_brand","embeddable":true,"href":"https:\/\/games.tactic.net\/da\/wp-json\/wp\/v2\/product_brand?post=160383"},{"taxonomy":"product_cat","embeddable":true,"href":"https:\/\/games.tactic.net\/da\/wp-json\/wp\/v2\/product_cat?post=160383"},{"taxonomy":"product_tag","embeddable":true,"href":"https:\/\/games.tactic.net\/da\/wp-json\/wp\/v2\/product_tag?post=160383"},{"taxonomy":"brand","embeddable":true,"href":"https:\/\/games.tactic.net\/da\/wp-json\/wp\/v2\/brand?post=160383"},{"taxonomy":"target-group","embeddable":true,"href":"https:\/\/games.tactic.net\/da\/wp-json\/wp\/v2\/target-group?post=160383"},{"taxonomy":"discontinued","embeddable":true,"href":"https:\/\/games.tactic.net\/da\/wp-json\/wp\/v2\/discontinued?post=160383"}],"curies":[{"name":"wp","href":"https:\/\/api.w.org\/{rel}","templated":true}]}}