{"id":160326,"date":"2021-09-28T15:54:53","date_gmt":"2021-09-28T12:54:53","guid":{"rendered":"http:\/\/dev.tactic.net\/tuote\/jcb-cement-mixer-light-and-sound\/"},"modified":"2025-08-04T09:33:19","modified_gmt":"2025-08-04T06:33:19","slug":"jcb-cement-mixer-light-and-sound","status":"archive","type":"product","link":"https:\/\/games.tactic.net\/da\/tuote\/jcb-cement-mixer-light-and-sound\/","title":{"rendered":"Teamsterz JCB Cement Mixer with LS toy"},"content":{"rendered":"<p>N\u00e5r det kommer til h\u00f8j kvalitet, interaktive og realistiske byggek\u00f8ret\u00f8jer, er Teamsterz officielle JCB lys- og lydserie et perfekt valg. Pr\u00e6senterer JCB sm\u00e5 lys- og lydbetonblander, der leveres i et solidt design med de ikoniske JCB-farver. K\u00f8r til byggepladsen med de frit rullende evner. Tag kontrol med den manuelt betjente betonblander kombineret med autentiske blinkende lys og lyde som motor og drift. Din lille vil v\u00e6re n\u00e6ste maverick inden for byggebranchen, f\u00f8r du ved af det! Inkluderer 3 x LR44\/AG13-batterier. Fra 3 \u00e5r.<\/p>\n","protected":false},"excerpt":{"rendered":"<p>JCB Cementblander med lys og lyd<\/p>\n","protected":false},"featured_media":0,"template":"","meta":{"content-type":"","_monsterinsights_skip_tracking":false,"_monsterinsights_sitenote_active":false,"_monsterinsights_sitenote_note":"","_monsterinsights_sitenote_category":0},"product_brand":[],"product_cat":[1617],"product_tag":[],"brand":[],"target-group":[],"discontinued":[],"class_list":{"0":"post-160326","1":"product","2":"type-product","3":"status-archive","5":"product_cat-jcb-legetoej","7":"first","8":"outofstock","9":"taxable","10":"shipping-taxable","11":"product-type-simple"},"aioseo_notices":[],"_links":{"self":[{"href":"https:\/\/games.tactic.net\/da\/wp-json\/wp\/v2\/product\/160326","targetHints":{"allow":["GET"]}}],"collection":[{"href":"https:\/\/games.tactic.net\/da\/wp-json\/wp\/v2\/product"}],"about":[{"href":"https:\/\/games.tactic.net\/da\/wp-json\/wp\/v2\/types\/product"}],"wp:attachment":[{"href":"https:\/\/games.tactic.net\/da\/wp-json\/wp\/v2\/media?parent=160326"}],"wp:term":[{"taxonomy":"product_brand","embeddable":true,"href":"https:\/\/games.tactic.net\/da\/wp-json\/wp\/v2\/product_brand?post=160326"},{"taxonomy":"product_cat","embeddable":true,"href":"https:\/\/games.tactic.net\/da\/wp-json\/wp\/v2\/product_cat?post=160326"},{"taxonomy":"product_tag","embeddable":true,"href":"https:\/\/games.tactic.net\/da\/wp-json\/wp\/v2\/product_tag?post=160326"},{"taxonomy":"brand","embeddable":true,"href":"https:\/\/games.tactic.net\/da\/wp-json\/wp\/v2\/brand?post=160326"},{"taxonomy":"target-group","embeddable":true,"href":"https:\/\/games.tactic.net\/da\/wp-json\/wp\/v2\/target-group?post=160326"},{"taxonomy":"discontinued","embeddable":true,"href":"https:\/\/games.tactic.net\/da\/wp-json\/wp\/v2\/discontinued?post=160326"}],"curies":[{"name":"wp","href":"https:\/\/api.w.org\/{rel}","templated":true}]}}