{"id":160269,"date":"2021-09-28T15:52:37","date_gmt":"2021-09-28T12:52:37","guid":{"rendered":"http:\/\/dev.tactic.net\/tuote\/160269\/"},"modified":"2025-08-04T09:32:47","modified_gmt":"2025-08-04T06:32:47","slug":"160269","status":"archive","type":"product","link":"https:\/\/games.tactic.net\/da\/tuote\/160269\/","title":{"rendered":"Teamsterz JCB Dump Truck with LS toy"},"content":{"rendered":"<p>Vi introducerer JCB&#8217;s Dumper udstyret med lyde og lys, som er perfekt til at transportere sand og andet affald fra et sted til et andet. K\u00f8r til byggepladsen og tag kontrollen med den h\u00e5ndbetjente bageste skovl kombineret med autentiske blinkende lys og lyde. Dit lille barn vil v\u00e6re det n\u00e6ste byggegeni, f\u00f8r du ved af det! Indeholder 3 x LR44\/AG13 batterier. Fra 3 \u00e5r.<\/p>\n","protected":false},"excerpt":{"rendered":"<p>JCB Dumper med lys og lyd<\/p>\n","protected":false},"featured_media":0,"template":"","meta":{"content-type":"","_monsterinsights_skip_tracking":false,"_monsterinsights_sitenote_active":false,"_monsterinsights_sitenote_note":"","_monsterinsights_sitenote_category":0},"product_brand":[],"product_cat":[1617],"product_tag":[],"brand":[],"target-group":[],"discontinued":[],"class_list":{"0":"post-160269","1":"product","2":"type-product","3":"status-archive","5":"product_cat-jcb-legetoej","7":"first","8":"outofstock","9":"taxable","10":"shipping-taxable","11":"product-type-simple"},"aioseo_notices":[],"_links":{"self":[{"href":"https:\/\/games.tactic.net\/da\/wp-json\/wp\/v2\/product\/160269","targetHints":{"allow":["GET"]}}],"collection":[{"href":"https:\/\/games.tactic.net\/da\/wp-json\/wp\/v2\/product"}],"about":[{"href":"https:\/\/games.tactic.net\/da\/wp-json\/wp\/v2\/types\/product"}],"wp:attachment":[{"href":"https:\/\/games.tactic.net\/da\/wp-json\/wp\/v2\/media?parent=160269"}],"wp:term":[{"taxonomy":"product_brand","embeddable":true,"href":"https:\/\/games.tactic.net\/da\/wp-json\/wp\/v2\/product_brand?post=160269"},{"taxonomy":"product_cat","embeddable":true,"href":"https:\/\/games.tactic.net\/da\/wp-json\/wp\/v2\/product_cat?post=160269"},{"taxonomy":"product_tag","embeddable":true,"href":"https:\/\/games.tactic.net\/da\/wp-json\/wp\/v2\/product_tag?post=160269"},{"taxonomy":"brand","embeddable":true,"href":"https:\/\/games.tactic.net\/da\/wp-json\/wp\/v2\/brand?post=160269"},{"taxonomy":"target-group","embeddable":true,"href":"https:\/\/games.tactic.net\/da\/wp-json\/wp\/v2\/target-group?post=160269"},{"taxonomy":"discontinued","embeddable":true,"href":"https:\/\/games.tactic.net\/da\/wp-json\/wp\/v2\/discontinued?post=160269"}],"curies":[{"name":"wp","href":"https:\/\/api.w.org\/{rel}","templated":true}]}}