{"id":159862,"date":"2021-09-28T15:49:24","date_gmt":"2021-09-28T12:49:24","guid":{"rendered":"http:\/\/dev.tactic.net\/tuote\/jcb-construction-trucks\/"},"modified":"2025-04-29T10:36:17","modified_gmt":"2025-04-29T07:36:17","slug":"jcb-construction-trucks","status":"archive","type":"product","link":"https:\/\/games.tactic.net\/da\/tuote\/jcb-construction-trucks\/","title":{"rendered":"Teamsterz JCB Street Kingz Construction Trucks toy"},"content":{"rendered":"<p>Byg dit byggeteam med Teamsterz Street Kingz JCB Trucks! Fremadstormende juniorbyggere kan v\u00e6lge mellem et udvalg af 4 k\u00f8ret\u00f8jer, afh\u00e6ngigt af den maskine, de har brug for til opgaven! Flyt murbrokker med hjull\u00e6sseren, transporter byggematerialer med kranlastbilen, fjern affald med containerbilen og lever cement med cementblanderen. Bygge lastbilerne er alle cirka i skala 4 tommer med en kvalitetsst\u00f8bt karrosseri, uafh\u00e6ngige frit bev\u00e6gelige hjul og bev\u00e6gelige dele for yderligere rollespilssjov. Fra 3 \u00e5r.<\/p>\n","protected":false},"excerpt":{"rendered":"<p>Street Kings arbejdsk\u00f8ret\u00f8jer<\/p>\n","protected":false},"featured_media":0,"template":"","meta":{"content-type":"","_monsterinsights_skip_tracking":false,"_monsterinsights_sitenote_active":false,"_monsterinsights_sitenote_note":"","_monsterinsights_sitenote_category":0},"product_brand":[],"product_cat":[1617],"product_tag":[],"brand":[],"target-group":[],"discontinued":[],"class_list":{"0":"post-159862","1":"product","2":"type-product","3":"status-archive","5":"product_cat-jcb-legetoej","7":"first","8":"outofstock","9":"taxable","10":"shipping-taxable","11":"product-type-simple"},"aioseo_notices":[],"_links":{"self":[{"href":"https:\/\/games.tactic.net\/da\/wp-json\/wp\/v2\/product\/159862","targetHints":{"allow":["GET"]}}],"collection":[{"href":"https:\/\/games.tactic.net\/da\/wp-json\/wp\/v2\/product"}],"about":[{"href":"https:\/\/games.tactic.net\/da\/wp-json\/wp\/v2\/types\/product"}],"wp:attachment":[{"href":"https:\/\/games.tactic.net\/da\/wp-json\/wp\/v2\/media?parent=159862"}],"wp:term":[{"taxonomy":"product_brand","embeddable":true,"href":"https:\/\/games.tactic.net\/da\/wp-json\/wp\/v2\/product_brand?post=159862"},{"taxonomy":"product_cat","embeddable":true,"href":"https:\/\/games.tactic.net\/da\/wp-json\/wp\/v2\/product_cat?post=159862"},{"taxonomy":"product_tag","embeddable":true,"href":"https:\/\/games.tactic.net\/da\/wp-json\/wp\/v2\/product_tag?post=159862"},{"taxonomy":"brand","embeddable":true,"href":"https:\/\/games.tactic.net\/da\/wp-json\/wp\/v2\/brand?post=159862"},{"taxonomy":"target-group","embeddable":true,"href":"https:\/\/games.tactic.net\/da\/wp-json\/wp\/v2\/target-group?post=159862"},{"taxonomy":"discontinued","embeddable":true,"href":"https:\/\/games.tactic.net\/da\/wp-json\/wp\/v2\/discontinued?post=159862"}],"curies":[{"name":"wp","href":"https:\/\/api.w.org\/{rel}","templated":true}]}}