{"id":159833,"date":"2021-09-28T15:47:48","date_gmt":"2021-09-28T12:47:48","guid":{"rendered":"http:\/\/dev.tactic.net\/tuote\/159833\/"},"modified":"2025-12-16T10:23:12","modified_gmt":"2025-12-16T08:23:12","slug":"159833","status":"archive","type":"product","link":"https:\/\/games.tactic.net\/da\/tuote\/159833\/","title":{"rendered":"Teamsterz JCB Excavator with LS toy"},"content":{"rendered":"<p>JCB sm\u00e5 lys- og lyd gravemaskinen er fantastisk til at transportere sand og andet murbrokker fra et sted til et andet. K\u00f8r til byggepladsen med de frit rullende evner og tag kontrol med den manuelt betjente frontskovl kombineret med autentiske blinkende lys og lyde som motor og drift. Din lille vil v\u00e6re n\u00e6ste maverick inden for byggebranchen, f\u00f8r du ved af det! Inkluderer 3 x LR44\/AG13-batterier. Fra 3 \u00e5r.<\/p>\n","protected":false},"excerpt":{"rendered":"<p>JCB Gravemaskine med lys og lyd<\/p>\n","protected":false},"featured_media":0,"template":"","meta":{"content-type":"","_monsterinsights_skip_tracking":false,"_monsterinsights_sitenote_active":false,"_monsterinsights_sitenote_note":"","_monsterinsights_sitenote_category":0},"product_brand":[],"product_cat":[1617],"product_tag":[],"brand":[],"target-group":[],"discontinued":[],"class_list":{"0":"post-159833","1":"product","2":"type-product","3":"status-archive","5":"product_cat-jcb-legetoej","7":"first","8":"outofstock","9":"taxable","10":"shipping-taxable","11":"product-type-simple"},"aioseo_notices":[],"_links":{"self":[{"href":"https:\/\/games.tactic.net\/da\/wp-json\/wp\/v2\/product\/159833","targetHints":{"allow":["GET"]}}],"collection":[{"href":"https:\/\/games.tactic.net\/da\/wp-json\/wp\/v2\/product"}],"about":[{"href":"https:\/\/games.tactic.net\/da\/wp-json\/wp\/v2\/types\/product"}],"wp:attachment":[{"href":"https:\/\/games.tactic.net\/da\/wp-json\/wp\/v2\/media?parent=159833"}],"wp:term":[{"taxonomy":"product_brand","embeddable":true,"href":"https:\/\/games.tactic.net\/da\/wp-json\/wp\/v2\/product_brand?post=159833"},{"taxonomy":"product_cat","embeddable":true,"href":"https:\/\/games.tactic.net\/da\/wp-json\/wp\/v2\/product_cat?post=159833"},{"taxonomy":"product_tag","embeddable":true,"href":"https:\/\/games.tactic.net\/da\/wp-json\/wp\/v2\/product_tag?post=159833"},{"taxonomy":"brand","embeddable":true,"href":"https:\/\/games.tactic.net\/da\/wp-json\/wp\/v2\/brand?post=159833"},{"taxonomy":"target-group","embeddable":true,"href":"https:\/\/games.tactic.net\/da\/wp-json\/wp\/v2\/target-group?post=159833"},{"taxonomy":"discontinued","embeddable":true,"href":"https:\/\/games.tactic.net\/da\/wp-json\/wp\/v2\/discontinued?post=159833"}],"curies":[{"name":"wp","href":"https:\/\/api.w.org\/{rel}","templated":true}]}}