{"id":159607,"date":"2021-09-28T15:42:56","date_gmt":"2021-09-28T12:42:56","guid":{"rendered":"http:\/\/dev.tactic.net\/tuote\/jcb-skid-steer\/"},"modified":"2023-12-29T10:52:12","modified_gmt":"2023-12-29T08:52:12","slug":"jcb-skid-steer","status":"archive","type":"product","link":"https:\/\/games.tactic.net\/da\/tuote\/jcb-skid-steer\/","title":{"rendered":"JCB Skid Steer"},"content":{"rendered":"<p>Hvilken byggeplads er komplet uden en JCB-minil\u00e6sser? Leveret i et solidt design med de ikoniske JCB-farver er denne perfekt til at transportere sand og andre murbrokker fra et sted til et andet. Takket v\u00e6re de frit rullende d\u00e6k kan den bruges overalt, om det er p\u00e5 sandet, i haven eller indend\u00f8rs! Brug den h\u00e6ngslede frontskovl til at skovle murbrokkerne op og transportere dem over byggepladsen ved hj\u00e6lp af den manuelt betjente arm. Du f\u00e5r jobbet gjort p\u00e5 ingen tid! Fra 18 mdr.<\/p>\n","protected":false},"excerpt":{"rendered":"<p>JCB Minil\u00e6sser<\/p>\n","protected":false},"featured_media":0,"template":"","meta":{"content-type":"","_monsterinsights_skip_tracking":false,"_monsterinsights_sitenote_active":false,"_monsterinsights_sitenote_note":"","_monsterinsights_sitenote_category":0},"product_brand":[],"product_cat":[1617],"product_tag":[],"brand":[],"target-group":[],"discontinued":[],"class_list":{"0":"post-159607","1":"product","2":"type-product","3":"status-archive","5":"product_cat-jcb-legetoej","7":"first","8":"outofstock","9":"taxable","10":"shipping-taxable","11":"product-type-simple"},"aioseo_notices":[],"_links":{"self":[{"href":"https:\/\/games.tactic.net\/da\/wp-json\/wp\/v2\/product\/159607","targetHints":{"allow":["GET"]}}],"collection":[{"href":"https:\/\/games.tactic.net\/da\/wp-json\/wp\/v2\/product"}],"about":[{"href":"https:\/\/games.tactic.net\/da\/wp-json\/wp\/v2\/types\/product"}],"wp:attachment":[{"href":"https:\/\/games.tactic.net\/da\/wp-json\/wp\/v2\/media?parent=159607"}],"wp:term":[{"taxonomy":"product_brand","embeddable":true,"href":"https:\/\/games.tactic.net\/da\/wp-json\/wp\/v2\/product_brand?post=159607"},{"taxonomy":"product_cat","embeddable":true,"href":"https:\/\/games.tactic.net\/da\/wp-json\/wp\/v2\/product_cat?post=159607"},{"taxonomy":"product_tag","embeddable":true,"href":"https:\/\/games.tactic.net\/da\/wp-json\/wp\/v2\/product_tag?post=159607"},{"taxonomy":"brand","embeddable":true,"href":"https:\/\/games.tactic.net\/da\/wp-json\/wp\/v2\/brand?post=159607"},{"taxonomy":"target-group","embeddable":true,"href":"https:\/\/games.tactic.net\/da\/wp-json\/wp\/v2\/target-group?post=159607"},{"taxonomy":"discontinued","embeddable":true,"href":"https:\/\/games.tactic.net\/da\/wp-json\/wp\/v2\/discontinued?post=159607"}],"curies":[{"name":"wp","href":"https:\/\/api.w.org\/{rel}","templated":true}]}}