{"id":159324,"date":"2021-09-28T15:33:31","date_gmt":"2021-09-28T12:33:31","guid":{"rendered":"http:\/\/dev.tactic.net\/tuote\/jcb-dump-truck\/"},"modified":"2023-12-29T10:52:02","modified_gmt":"2023-12-29T08:52:02","slug":"jcb-dump-truck","status":"archive","type":"product","link":"https:\/\/games.tactic.net\/da\/tuote\/jcb-dump-truck\/","title":{"rendered":"JCB Dump Truck"},"content":{"rendered":"<p>Hvilken byggeplads er komplet uden en JCB-dumper? Denne lastbil er perfekt til at transportere sand, sten og andet murbrokker fra et sted til et andet. Takket v\u00e6re de frit rullende d\u00e6k kan den bruges overalt, om det er p\u00e5 sandet, i haven eller indend\u00f8rs! N\u00e5r det er tid til at losse indholdet, brug den bageste h\u00e6ngslede skovl. Din lille vil v\u00e6re n\u00e6ste maverick inden for byggebranchen, f\u00f8r du ved af det! Fra 18 mdr.<\/p>\n","protected":false},"excerpt":{"rendered":"<p>JCB Dumper<\/p>\n","protected":false},"featured_media":0,"template":"","meta":{"content-type":"","_monsterinsights_skip_tracking":false,"_monsterinsights_sitenote_active":false,"_monsterinsights_sitenote_note":"","_monsterinsights_sitenote_category":0},"product_brand":[],"product_cat":[1617],"product_tag":[],"brand":[],"target-group":[],"discontinued":[],"class_list":{"0":"post-159324","1":"product","2":"type-product","3":"status-archive","5":"product_cat-jcb-legetoej","7":"first","8":"outofstock","9":"taxable","10":"shipping-taxable","11":"product-type-simple"},"aioseo_notices":[],"_links":{"self":[{"href":"https:\/\/games.tactic.net\/da\/wp-json\/wp\/v2\/product\/159324","targetHints":{"allow":["GET"]}}],"collection":[{"href":"https:\/\/games.tactic.net\/da\/wp-json\/wp\/v2\/product"}],"about":[{"href":"https:\/\/games.tactic.net\/da\/wp-json\/wp\/v2\/types\/product"}],"wp:attachment":[{"href":"https:\/\/games.tactic.net\/da\/wp-json\/wp\/v2\/media?parent=159324"}],"wp:term":[{"taxonomy":"product_brand","embeddable":true,"href":"https:\/\/games.tactic.net\/da\/wp-json\/wp\/v2\/product_brand?post=159324"},{"taxonomy":"product_cat","embeddable":true,"href":"https:\/\/games.tactic.net\/da\/wp-json\/wp\/v2\/product_cat?post=159324"},{"taxonomy":"product_tag","embeddable":true,"href":"https:\/\/games.tactic.net\/da\/wp-json\/wp\/v2\/product_tag?post=159324"},{"taxonomy":"brand","embeddable":true,"href":"https:\/\/games.tactic.net\/da\/wp-json\/wp\/v2\/brand?post=159324"},{"taxonomy":"target-group","embeddable":true,"href":"https:\/\/games.tactic.net\/da\/wp-json\/wp\/v2\/target-group?post=159324"},{"taxonomy":"discontinued","embeddable":true,"href":"https:\/\/games.tactic.net\/da\/wp-json\/wp\/v2\/discontinued?post=159324"}],"curies":[{"name":"wp","href":"https:\/\/api.w.org\/{rel}","templated":true}]}}