{"id":159211,"date":"2021-09-28T15:28:25","date_gmt":"2021-09-28T12:28:25","guid":{"rendered":"http:\/\/dev.tactic.net\/tuote\/159211\/"},"modified":"2025-08-25T10:43:22","modified_gmt":"2025-08-25T07:43:22","slug":"159211","status":"archive","type":"product","link":"https:\/\/games.tactic.net\/da\/tuote\/159211\/","title":{"rendered":"Teamsterz JCB Street Kingz Construction Series toy"},"content":{"rendered":"<p>Hold din byggeplads k\u00f8rende med maksimal kapacitet med Teamsterz Street Kingz JCB Construction Series Playset! Fremadstormende juniorbyggere kan v\u00e6lge mellem et udvalg af tre JCB-replikak\u00f8ret\u00f8jer, afh\u00e6ngigt af den maskine, de har brug for til opgaven! Flyt murbrokker med bagl\u00e6sseren, transport\u00e9r last over uj\u00e6vnt terr\u00e6n med dumpvognen og flyt byggematerialer med teleskopgaffeltrucken. Bloker byggepladsen af med byggeplads tilbeh\u00f8r og f\u00e5 lidt hj\u00e6lp p\u00e5 stedet med den medf\u00f8lgende arbejderfigur. Bygge lastbilerne er alle cirka i skala 5 tommer med en kvalitetsst\u00f8bt karrosseri, uafh\u00e6ngige frit bev\u00e6gelige hjul og bev\u00e6gelige dele for yderligere rollespilssjov. Bidrager til udviklingen af dine sm\u00e5s sociale f\u00e6rdigheder, fantasi og finmotorik, da de har den perfekte st\u00f8rrelse til leg med skubbe-along. Fra 3 \u00e5r.<\/p>\n","protected":false},"excerpt":{"rendered":"<p>JCB arbejdsk\u00f8ret\u00f8j, 3 varianter<\/p>\n","protected":false},"featured_media":0,"template":"","meta":{"content-type":"","_monsterinsights_skip_tracking":false,"_monsterinsights_sitenote_active":false,"_monsterinsights_sitenote_note":"","_monsterinsights_sitenote_category":0},"product_brand":[],"product_cat":[1617],"product_tag":[],"brand":[],"target-group":[],"discontinued":[],"class_list":{"0":"post-159211","1":"product","2":"type-product","3":"status-archive","5":"product_cat-jcb-legetoej","7":"first","8":"outofstock","9":"taxable","10":"shipping-taxable","11":"product-type-simple"},"aioseo_notices":[],"_links":{"self":[{"href":"https:\/\/games.tactic.net\/da\/wp-json\/wp\/v2\/product\/159211","targetHints":{"allow":["GET"]}}],"collection":[{"href":"https:\/\/games.tactic.net\/da\/wp-json\/wp\/v2\/product"}],"about":[{"href":"https:\/\/games.tactic.net\/da\/wp-json\/wp\/v2\/types\/product"}],"wp:attachment":[{"href":"https:\/\/games.tactic.net\/da\/wp-json\/wp\/v2\/media?parent=159211"}],"wp:term":[{"taxonomy":"product_brand","embeddable":true,"href":"https:\/\/games.tactic.net\/da\/wp-json\/wp\/v2\/product_brand?post=159211"},{"taxonomy":"product_cat","embeddable":true,"href":"https:\/\/games.tactic.net\/da\/wp-json\/wp\/v2\/product_cat?post=159211"},{"taxonomy":"product_tag","embeddable":true,"href":"https:\/\/games.tactic.net\/da\/wp-json\/wp\/v2\/product_tag?post=159211"},{"taxonomy":"brand","embeddable":true,"href":"https:\/\/games.tactic.net\/da\/wp-json\/wp\/v2\/brand?post=159211"},{"taxonomy":"target-group","embeddable":true,"href":"https:\/\/games.tactic.net\/da\/wp-json\/wp\/v2\/target-group?post=159211"},{"taxonomy":"discontinued","embeddable":true,"href":"https:\/\/games.tactic.net\/da\/wp-json\/wp\/v2\/discontinued?post=159211"}],"curies":[{"name":"wp","href":"https:\/\/api.w.org\/{rel}","templated":true}]}}