{"id":159066,"date":"2021-09-28T15:19:57","date_gmt":"2021-09-28T12:19:57","guid":{"rendered":"http:\/\/dev.tactic.net\/tuote\/tabletop-table-air-hockey-2in1\/"},"modified":"2022-10-04T09:20:52","modified_gmt":"2022-10-04T06:20:52","slug":"tabletop-table-air-hockey-2in1","status":"archive","type":"product","link":"https:\/\/games.tactic.net\/da\/tuote\/tabletop-table-air-hockey-2in1\/","title":{"rendered":"Tabletop  Table Air Hockey 2in1"},"content":{"rendered":"<p>Intet v\u00e6rkt\u00f8j kr\u00e6ves. Hurtig ops\u00e6tning og opbevaring. Maksimal holdbarhed og stabilitet. Aftagelige st\u00e5lben. Indeholder: hockeybord af tr\u00e6 med batteridrevet bl\u00e6ser, 2 koller, 2 puk. Kr\u00e6ver 8x &#8220;AA&#8221; batterier, ikke inkluderet.<\/p>\n<div><\/div>\n<div>\n<div>46 x 82 cm x 62,7 cm.<\/div>\n<\/div>\n<div><\/div>\n","protected":false},"excerpt":{"rendered":"<p>Intet v\u00e6rkt\u00f8j kr\u00e6ves. Hurtig ops\u00e6tning og opbevaring. Maksimal holdbarhed og stabilitet. Aftagelige st\u00e5lben. Indeholder: hockeybord af tr\u00e6 med batteridrevet bl\u00e6ser, 2 koller, 2 puk. Kr\u00e6ver 8x &#8220;AA&#8221; batterier, ikke inkluderet.<\/p>\n","protected":false},"featured_media":0,"template":"","meta":{"content-type":"","_monsterinsights_skip_tracking":false,"_monsterinsights_sitenote_active":false,"_monsterinsights_sitenote_note":"","_monsterinsights_sitenote_category":0},"product_brand":[],"product_cat":[777],"product_tag":[1223],"brand":[],"target-group":[],"discontinued":[],"class_list":{"0":"post-159066","1":"product","2":"type-product","3":"status-archive","5":"product_cat-legetoej","6":"product_tag-aktive-da","8":"first","9":"instock","10":"taxable","11":"shipping-taxable","12":"product-type-simple"},"aioseo_notices":[],"_links":{"self":[{"href":"https:\/\/games.tactic.net\/da\/wp-json\/wp\/v2\/product\/159066","targetHints":{"allow":["GET"]}}],"collection":[{"href":"https:\/\/games.tactic.net\/da\/wp-json\/wp\/v2\/product"}],"about":[{"href":"https:\/\/games.tactic.net\/da\/wp-json\/wp\/v2\/types\/product"}],"wp:attachment":[{"href":"https:\/\/games.tactic.net\/da\/wp-json\/wp\/v2\/media?parent=159066"}],"wp:term":[{"taxonomy":"product_brand","embeddable":true,"href":"https:\/\/games.tactic.net\/da\/wp-json\/wp\/v2\/product_brand?post=159066"},{"taxonomy":"product_cat","embeddable":true,"href":"https:\/\/games.tactic.net\/da\/wp-json\/wp\/v2\/product_cat?post=159066"},{"taxonomy":"product_tag","embeddable":true,"href":"https:\/\/games.tactic.net\/da\/wp-json\/wp\/v2\/product_tag?post=159066"},{"taxonomy":"brand","embeddable":true,"href":"https:\/\/games.tactic.net\/da\/wp-json\/wp\/v2\/brand?post=159066"},{"taxonomy":"target-group","embeddable":true,"href":"https:\/\/games.tactic.net\/da\/wp-json\/wp\/v2\/target-group?post=159066"},{"taxonomy":"discontinued","embeddable":true,"href":"https:\/\/games.tactic.net\/da\/wp-json\/wp\/v2\/discontinued?post=159066"}],"curies":[{"name":"wp","href":"https:\/\/api.w.org\/{rel}","templated":true}]}}