{"id":153990,"date":"2021-09-28T13:44:00","date_gmt":"2021-09-28T10:44:00","guid":{"rendered":"http:\/\/dev.tactic.net\/tuote\/larsen-bustling-life-on-the-forest-floor-maxi\/"},"modified":"2023-10-19T15:19:33","modified_gmt":"2023-10-19T12:19:33","slug":"larsen-bustling-life-on-the-forest-floor-maxi","status":"publish","type":"product","link":"https:\/\/games.tactic.net\/da\/tuote\/larsen-bustling-life-on-the-forest-floor-maxi\/","title":{"rendered":"Larsen Maxi Bustling Life on the forest 40 pcs floor Puzzle"},"content":{"rendered":"<p>Larsen Maxi Travlt liv i skoven 40 brikker gulvpuslespil 28,5 x 36,5 cm. Om for\u00e5ret og sommeren er der masser af liv i skoven. Bier og sommerfugle flyver fra blomst til blomst p\u00e5 jagt efter f\u00f8de og hj\u00e6lper samtidig med best\u00f8vningen. Myrerne har travlt med at bygge myretuer, mens dronningen inde i tuen l\u00e6gger \u00e6g. Mange fugle, insekter og dyr lever af myrer, og gr\u00f8nsp\u00e6tten har en tunge, der kan n\u00e5 langt ned i myretuen. Puslespillet har 40 brikker og passer til forskellige aldersgrupper. \u00c6ldre b\u00f8rn vil samle det lidt hurtigere. Nogle brikker f\u00f8lger motivets konturer, mens andre er formet som bier, snegle, fugle og sommerfugle. Hvor mange fugle og sommerfugle kan du se? Kan du finde hvepsen, der flyver v\u00e6k med en myre?<\/p>\n<p>Larsen Maxi er en puslespilsserie i h\u00f8j kvalitet til b\u00f8rn, der kombinerer l\u00e6ring og leg. Farverige illustrationer og solide rammebrikker g\u00f8r puslespillene nemme og hyggelige at samle. Larsen Maxi puslespil er ideelle til b\u00f8rn og hj\u00e6lper med at udvikle finmotorik og koncentration.<\/p>\n<p>Larsen producerer p\u00e6dagogiske puslespil i h\u00f8j kvalitet, der underst\u00f8tter l\u00e6ring gennem leg. Denne norske familievirksomhed har eksisteret siden 1953, og alle puslespil fremstilles i Norge. Sortimentet omfatter mange forskellige temaer som dyr, kort, k\u00f8ret\u00f8jer, rummet og natur. Tydelige illustrationer og holdbare brikker g\u00f8r Larsen puslespil til et godt valg for b\u00f8rn.<\/p>\n","protected":false},"excerpt":{"rendered":"<p>Larsen Maxi Travlt liv i skoven 40 brikker puslespil 36,5 x 28,5 cm viser skovliv med insekter og dyr. P\u00e6dagogisk puslespil underst\u00f8tter naturforst\u00e5else.<\/p>\n","protected":false},"featured_media":0,"template":"","meta":{"content-type":"","_monsterinsights_skip_tracking":false,"_monsterinsights_sitenote_active":false,"_monsterinsights_sitenote_note":"","_monsterinsights_sitenote_category":0},"product_brand":[],"product_cat":[1625],"product_tag":[344,994,969],"brand":[],"target-group":[],"discontinued":[],"class_list":{"0":"post-153990","1":"product","2":"type-product","3":"status-publish","5":"product_cat-boerne-puslespil-puslespil","6":"product_tag-kombinere","7":"product_tag-sammen","8":"product_tag-tidsfordriv-2","10":"first","11":"instock","12":"taxable","13":"shipping-taxable","14":"product-type-simple"},"aioseo_notices":[],"_links":{"self":[{"href":"https:\/\/games.tactic.net\/da\/wp-json\/wp\/v2\/product\/153990","targetHints":{"allow":["GET"]}}],"collection":[{"href":"https:\/\/games.tactic.net\/da\/wp-json\/wp\/v2\/product"}],"about":[{"href":"https:\/\/games.tactic.net\/da\/wp-json\/wp\/v2\/types\/product"}],"wp:attachment":[{"href":"https:\/\/games.tactic.net\/da\/wp-json\/wp\/v2\/media?parent=153990"}],"wp:term":[{"taxonomy":"product_brand","embeddable":true,"href":"https:\/\/games.tactic.net\/da\/wp-json\/wp\/v2\/product_brand?post=153990"},{"taxonomy":"product_cat","embeddable":true,"href":"https:\/\/games.tactic.net\/da\/wp-json\/wp\/v2\/product_cat?post=153990"},{"taxonomy":"product_tag","embeddable":true,"href":"https:\/\/games.tactic.net\/da\/wp-json\/wp\/v2\/product_tag?post=153990"},{"taxonomy":"brand","embeddable":true,"href":"https:\/\/games.tactic.net\/da\/wp-json\/wp\/v2\/brand?post=153990"},{"taxonomy":"target-group","embeddable":true,"href":"https:\/\/games.tactic.net\/da\/wp-json\/wp\/v2\/target-group?post=153990"},{"taxonomy":"discontinued","embeddable":true,"href":"https:\/\/games.tactic.net\/da\/wp-json\/wp\/v2\/discontinued?post=153990"}],"curies":[{"name":"wp","href":"https:\/\/api.w.org\/{rel}","templated":true}]}}