{"id":153754,"date":"2021-09-28T13:36:35","date_gmt":"2021-09-28T10:36:35","guid":{"rendered":"http:\/\/dev.tactic.net\/tuote\/153754\/"},"modified":"2023-10-19T16:31:53","modified_gmt":"2023-10-19T13:31:53","slug":"153754","status":"publish","type":"product","link":"https:\/\/games.tactic.net\/da\/tuote\/153754\/","title":{"rendered":"Larsen Maxi Unicorns 32 pcs Puzzle"},"content":{"rendered":"<p>Larsen Maxi Enhj\u00f8rninger 32 brikker puslespil 28,5 x 36,5 cm. Enhj\u00f8rninger har v\u00e6ret en del af folkeeventyr og fort\u00e6llinger i hundreder af \u00e5r, og de lever videre i dette charmerende puslespil. Det siges, at enhj\u00f8rninger er venlige og rene af sind. De viser sig ofte ved regnbuer og har hjulpet mange prinsesser i n\u00f8d. Dette farverige puslespil med 32 store brikker er skabt til at engagere og stimulere sm\u00e5 b\u00f8rns fantasi. Brikkerne er sk\u00e5ret i former som et enhj\u00f8rningehoved, et hestehoved, et hjerte, en pony, et slot, en svane og en due. Hvad tror du, den mindste enhj\u00f8rning hedder?<\/p>\n<p>Larsen Maxi er en puslespilsserie i h\u00f8j kvalitet til b\u00f8rn, der kombinerer l\u00e6ring og leg. Farverige illustrationer og solide rammebrikker g\u00f8r puslespillene nemme og hyggelige at samle. Larsen Maxi puslespil er ideelle til b\u00f8rn og hj\u00e6lper med at udvikle finmotorik og koncentration.<\/p>\n<p>Larsen producerer p\u00e6dagogiske puslespil i h\u00f8j kvalitet, der underst\u00f8tter l\u00e6ring gennem leg. Denne norske familievirksomhed har eksisteret siden 1953, og alle puslespil fremstilles i Norge. Sortimentet omfatter mange forskellige temaer som dyr, kort, k\u00f8ret\u00f8jer, rummet og natur. Tydelige illustrationer og holdbare brikker g\u00f8r Larsen puslespil til et godt valg for b\u00f8rn.<\/p>\n","protected":false},"excerpt":{"rendered":"<p>Larsen Maxi Enhj\u00f8rninger 32 brikker puslespil 36,5 x 28,5 cm viser magiske enhj\u00f8rninger. B\u00f8rnepuslespil underst\u00f8tter fantasi og kreativitet.<\/p>\n","protected":false},"featured_media":0,"template":"","meta":{"content-type":"","_monsterinsights_skip_tracking":false,"_monsterinsights_sitenote_active":false,"_monsterinsights_sitenote_note":"","_monsterinsights_sitenote_category":0},"product_brand":[],"product_cat":[1625],"product_tag":[1232,994,969],"brand":[],"target-group":[],"discontinued":[],"class_list":{"0":"post-153754","1":"product","2":"type-product","3":"status-publish","5":"product_cat-boerne-puslespil-puslespil","6":"product_tag-kombinere-da","7":"product_tag-sammen","8":"product_tag-tidsfordriv-2","10":"first","11":"instock","12":"taxable","13":"shipping-taxable","14":"product-type-simple"},"aioseo_notices":[],"_links":{"self":[{"href":"https:\/\/games.tactic.net\/da\/wp-json\/wp\/v2\/product\/153754","targetHints":{"allow":["GET"]}}],"collection":[{"href":"https:\/\/games.tactic.net\/da\/wp-json\/wp\/v2\/product"}],"about":[{"href":"https:\/\/games.tactic.net\/da\/wp-json\/wp\/v2\/types\/product"}],"wp:attachment":[{"href":"https:\/\/games.tactic.net\/da\/wp-json\/wp\/v2\/media?parent=153754"}],"wp:term":[{"taxonomy":"product_brand","embeddable":true,"href":"https:\/\/games.tactic.net\/da\/wp-json\/wp\/v2\/product_brand?post=153754"},{"taxonomy":"product_cat","embeddable":true,"href":"https:\/\/games.tactic.net\/da\/wp-json\/wp\/v2\/product_cat?post=153754"},{"taxonomy":"product_tag","embeddable":true,"href":"https:\/\/games.tactic.net\/da\/wp-json\/wp\/v2\/product_tag?post=153754"},{"taxonomy":"brand","embeddable":true,"href":"https:\/\/games.tactic.net\/da\/wp-json\/wp\/v2\/brand?post=153754"},{"taxonomy":"target-group","embeddable":true,"href":"https:\/\/games.tactic.net\/da\/wp-json\/wp\/v2\/target-group?post=153754"},{"taxonomy":"discontinued","embeddable":true,"href":"https:\/\/games.tactic.net\/da\/wp-json\/wp\/v2\/discontinued?post=153754"}],"curies":[{"name":"wp","href":"https:\/\/api.w.org\/{rel}","templated":true}]}}