{"id":153617,"date":"2021-09-28T13:31:41","date_gmt":"2021-09-28T10:31:41","guid":{"rendered":"http:\/\/dev.tactic.net\/tuote\/larsen-memopuzzle-mother-and-baby-animal-duo-maxi\/"},"modified":"2023-10-19T15:41:32","modified_gmt":"2023-10-19T12:41:32","slug":"larsen-memopuzzle-mother-and-baby-animal-duo-maxi","status":"publish","type":"product","link":"https:\/\/games.tactic.net\/da\/tuote\/larsen-memopuzzle-mother-and-baby-animal-duo-maxi\/","title":{"rendered":"Larsen Maxi Memo Mother and Baby animal Duo 32 pcs Puzzle"},"content":{"rendered":"<p>Larsen Maxi Memo mor og unge dyr duo 32 brikker puslespil 36,5 x 28,5 cm. Match mor og unge i dette s\u00f8de og glade memopuslespil. 16 dyr er illustreret p\u00e5 brikkerne, og moderdyret vises p\u00e5 brikken nedenunder. Mellem brikkerne finder du familiebilleder p\u00e5 rammen. For at g\u00f8re det ekstra sjovt og udfordrende kan puslespillet ogs\u00e5 bruges som et memospil, hvor barnet placerer hver dyrebrik p\u00e5 den rigtige plads med hj\u00e6lp fra billederne p\u00e5 rammen. Puslespillet best\u00e5r af 32 buede brikker med \u00e9t dyr p\u00e5 hver og er velegnet til yngre b\u00f8rn med sm\u00e5 h\u00e6nder.<\/p>\n<p>Larsen Maxi er en puslespilsserie i h\u00f8j kvalitet til b\u00f8rn, der kombinerer l\u00e6ring og leg. Farverige illustrationer og solide rammebrikker g\u00f8r puslespillene nemme og hyggelige at samle. Larsen Maxi puslespil er ideelle til b\u00f8rn og hj\u00e6lper med at udvikle finmotorik og koncentration.<\/p>\n<p>Larsen producerer p\u00e6dagogiske puslespil i h\u00f8j kvalitet, der underst\u00f8tter l\u00e6ring gennem leg. Denne norske familievirksomhed har eksisteret siden 1953, og alle puslespil fremstilles i Norge. Sortimentet omfatter mange forskellige temaer som dyr, kort, k\u00f8ret\u00f8jer, rummet og natur. Tydelige illustrationer og holdbare brikker g\u00f8r Larsen puslespil til et godt valg for b\u00f8rn.<\/p>\n","protected":false},"excerpt":{"rendered":"<p>Larsen Maxi Memo Mor og baby dyr 32 brikker puslespil 36,5 x 28,5 cm er et huskespil med dyrepar. P\u00e6dagogisk puslespil underst\u00f8tter hukommelse og genkendelse.<\/p>\n","protected":false},"featured_media":0,"template":"","meta":{"content-type":"","_monsterinsights_skip_tracking":false,"_monsterinsights_sitenote_active":false,"_monsterinsights_sitenote_note":"","_monsterinsights_sitenote_category":0},"product_brand":[],"product_cat":[1625],"product_tag":[1232,994,969],"brand":[],"target-group":[],"discontinued":[],"class_list":{"0":"post-153617","1":"product","2":"type-product","3":"status-publish","5":"product_cat-boerne-puslespil-puslespil","6":"product_tag-kombinere-da","7":"product_tag-sammen","8":"product_tag-tidsfordriv-2","10":"first","11":"instock","12":"taxable","13":"shipping-taxable","14":"product-type-simple"},"aioseo_notices":[],"_links":{"self":[{"href":"https:\/\/games.tactic.net\/da\/wp-json\/wp\/v2\/product\/153617","targetHints":{"allow":["GET"]}}],"collection":[{"href":"https:\/\/games.tactic.net\/da\/wp-json\/wp\/v2\/product"}],"about":[{"href":"https:\/\/games.tactic.net\/da\/wp-json\/wp\/v2\/types\/product"}],"wp:attachment":[{"href":"https:\/\/games.tactic.net\/da\/wp-json\/wp\/v2\/media?parent=153617"}],"wp:term":[{"taxonomy":"product_brand","embeddable":true,"href":"https:\/\/games.tactic.net\/da\/wp-json\/wp\/v2\/product_brand?post=153617"},{"taxonomy":"product_cat","embeddable":true,"href":"https:\/\/games.tactic.net\/da\/wp-json\/wp\/v2\/product_cat?post=153617"},{"taxonomy":"product_tag","embeddable":true,"href":"https:\/\/games.tactic.net\/da\/wp-json\/wp\/v2\/product_tag?post=153617"},{"taxonomy":"brand","embeddable":true,"href":"https:\/\/games.tactic.net\/da\/wp-json\/wp\/v2\/brand?post=153617"},{"taxonomy":"target-group","embeddable":true,"href":"https:\/\/games.tactic.net\/da\/wp-json\/wp\/v2\/target-group?post=153617"},{"taxonomy":"discontinued","embeddable":true,"href":"https:\/\/games.tactic.net\/da\/wp-json\/wp\/v2\/discontinued?post=153617"}],"curies":[{"name":"wp","href":"https:\/\/api.w.org\/{rel}","templated":true}]}}