{"id":153382,"date":"2021-09-28T13:26:39","date_gmt":"2021-09-28T10:26:39","guid":{"rendered":"http:\/\/dev.tactic.net\/tuote\/larsen-the-europen-union-eu-maxi\/"},"modified":"2023-10-19T16:30:07","modified_gmt":"2023-10-19T13:30:07","slug":"larsen-the-europen-union-eu-maxi","status":"publish","type":"product","link":"https:\/\/games.tactic.net\/da\/tuote\/larsen-the-europen-union-eu-maxi\/","title":{"rendered":"Larsen Maxi The European Union (EU) 70 pcs Puzzle"},"content":{"rendered":"<p>Larsen Maxi Den Europ\u00e6iske Union 70 brikker puslespil 28,5 x 36,5 cm. L\u00e6r om Europa og de 27 lande i EU med dette detaljerede kortpuslespil.<\/p>\n<p>Hvert land er markeret med klare farver, og du finder flagene langs kanten. Over flagene st\u00e5r \u00e5rstallene for, hvorn\u00e5r landene blev medlemmer af EU.<\/p>\n<p>Kortet viser ogs\u00e5 byer, floder, bjerge og andre geografiske detaljer. Med 70 brikker er puslespillet velegnet til st\u00f8rre b\u00f8rn og giver en god introduktion til geografi.<\/p>\n<p>Larsen Maxi er en puslespilsserie i h\u00f8j kvalitet til b\u00f8rn, der kombinerer l\u00e6ring og leg. Farverige illustrationer og solide rammebrikker g\u00f8r puslespillene nemme og hyggelige at samle. Larsen Maxi puslespil er ideelle til b\u00f8rn og hj\u00e6lper med at udvikle finmotorik og koncentration.<\/p>\n<p>Larsen producerer p\u00e6dagogiske puslespil i h\u00f8j kvalitet, der underst\u00f8tter l\u00e6ring gennem leg. Denne norske familievirksomhed har eksisteret siden 1953, og alle puslespil fremstilles i Norge. Sortimentet omfatter mange forskellige temaer som dyr, kort, k\u00f8ret\u00f8jer, rummet og natur. Tydelige illustrationer og holdbare brikker g\u00f8r Larsen puslespil til et godt valg for b\u00f8rn.<\/p>\n","protected":false},"excerpt":{"rendered":"<p>Larsen Maxi Den Europ\u00e6iske Union EU 70 brikker puslespil 36,5 x 28,5 cm viser EU-lande, flag og kort. P\u00e6dagogisk puslespil underst\u00f8tter l\u00e6ring i geografi.<\/p>\n","protected":false},"featured_media":0,"template":"","meta":{"content-type":"","_monsterinsights_skip_tracking":false,"_monsterinsights_sitenote_active":false,"_monsterinsights_sitenote_note":"","_monsterinsights_sitenote_category":0},"product_brand":[],"product_cat":[1625],"product_tag":[344,994,969],"brand":[],"target-group":[],"discontinued":[],"class_list":{"0":"post-153382","1":"product","2":"type-product","3":"status-publish","5":"product_cat-boerne-puslespil-puslespil","6":"product_tag-kombinere","7":"product_tag-sammen","8":"product_tag-tidsfordriv-2","10":"first","11":"instock","12":"taxable","13":"shipping-taxable","14":"product-type-simple"},"aioseo_notices":[],"_links":{"self":[{"href":"https:\/\/games.tactic.net\/da\/wp-json\/wp\/v2\/product\/153382","targetHints":{"allow":["GET"]}}],"collection":[{"href":"https:\/\/games.tactic.net\/da\/wp-json\/wp\/v2\/product"}],"about":[{"href":"https:\/\/games.tactic.net\/da\/wp-json\/wp\/v2\/types\/product"}],"wp:attachment":[{"href":"https:\/\/games.tactic.net\/da\/wp-json\/wp\/v2\/media?parent=153382"}],"wp:term":[{"taxonomy":"product_brand","embeddable":true,"href":"https:\/\/games.tactic.net\/da\/wp-json\/wp\/v2\/product_brand?post=153382"},{"taxonomy":"product_cat","embeddable":true,"href":"https:\/\/games.tactic.net\/da\/wp-json\/wp\/v2\/product_cat?post=153382"},{"taxonomy":"product_tag","embeddable":true,"href":"https:\/\/games.tactic.net\/da\/wp-json\/wp\/v2\/product_tag?post=153382"},{"taxonomy":"brand","embeddable":true,"href":"https:\/\/games.tactic.net\/da\/wp-json\/wp\/v2\/brand?post=153382"},{"taxonomy":"target-group","embeddable":true,"href":"https:\/\/games.tactic.net\/da\/wp-json\/wp\/v2\/target-group?post=153382"},{"taxonomy":"discontinued","embeddable":true,"href":"https:\/\/games.tactic.net\/da\/wp-json\/wp\/v2\/discontinued?post=153382"}],"curies":[{"name":"wp","href":"https:\/\/api.w.org\/{rel}","templated":true}]}}