{"id":153203,"date":"2021-09-28T13:20:55","date_gmt":"2021-09-28T10:20:55","guid":{"rendered":"http:\/\/dev.tactic.net\/tuote\/larsen-learning-english-by-the-sea-maxi\/"},"modified":"2023-10-19T15:39:57","modified_gmt":"2023-10-19T12:39:57","slug":"larsen-learning-english-by-the-sea-maxi","status":"publish","type":"product","link":"https:\/\/games.tactic.net\/da\/tuote\/larsen-learning-english-by-the-sea-maxi\/","title":{"rendered":"Larsen Maxi Learning English by the sea 70 pcs Puzzle"},"content":{"rendered":"<p>Larsen Maxi L\u00e6r engelsk ved havet 70 brikker puslespil 36,5 x 28,5 cm. L\u00e6r 52 engelske ord med dette p\u00e6dagogiske puslespil. I midten er der et lille puslespil med 18 brikker og en fast ramme rundt om. Motivet viser en strand, og du finder 52 engelske ord for tingene p\u00e5 billedet. De samme 52 ord st\u00e5r p\u00e5 den ydre ramme, og der er 52 billedbrikker med hver sin ting. Hver brik skal placeres ved det tilsvarende ord. Start med de ord, du allerede kender, og fuldf\u00f8r derefter puslespillet i midten for at l\u00e6re de ord, du endnu ikke kan. Efter nogle gange vil du lettere huske de nye ord.<\/p>\n<p>Larsen Maxi er en puslespilsserie i h\u00f8j kvalitet til b\u00f8rn, der kombinerer l\u00e6ring og leg. Farverige illustrationer og solide rammebrikker g\u00f8r puslespillene nemme og hyggelige at samle. Larsen Maxi puslespil er ideelle til b\u00f8rn og hj\u00e6lper med at udvikle finmotorik og koncentration.<\/p>\n<p>Larsen producerer p\u00e6dagogiske puslespil i h\u00f8j kvalitet, der underst\u00f8tter l\u00e6ring gennem leg. Denne norske familievirksomhed har eksisteret siden 1953, og alle puslespil fremstilles i Norge. Sortimentet omfatter mange forskellige temaer som dyr, kort, k\u00f8ret\u00f8jer, rummet og natur. Tydelige illustrationer og holdbare brikker g\u00f8r Larsen puslespil til et godt valg for b\u00f8rn.<\/p>\n","protected":false},"excerpt":{"rendered":"<p>Larsen Maxi L\u00e6r engelsk ved havet 70 brikker puslespil 36,5 x 28,5 cm l\u00e6rer 52 engelske ord. P\u00e6dagogisk puslespil underst\u00f8tter ordforr\u00e5dsl\u00e6ring.<\/p>\n","protected":false},"featured_media":0,"template":"","meta":{"content-type":"","_monsterinsights_skip_tracking":false,"_monsterinsights_sitenote_active":false,"_monsterinsights_sitenote_note":"","_monsterinsights_sitenote_category":0},"product_brand":[],"product_cat":[1625],"product_tag":[344,994,969],"brand":[],"target-group":[],"discontinued":[],"class_list":{"0":"post-153203","1":"product","2":"type-product","3":"status-publish","5":"product_cat-boerne-puslespil-puslespil","6":"product_tag-kombinere","7":"product_tag-sammen","8":"product_tag-tidsfordriv-2","10":"first","11":"instock","12":"taxable","13":"shipping-taxable","14":"product-type-simple"},"aioseo_notices":[],"_links":{"self":[{"href":"https:\/\/games.tactic.net\/da\/wp-json\/wp\/v2\/product\/153203","targetHints":{"allow":["GET"]}}],"collection":[{"href":"https:\/\/games.tactic.net\/da\/wp-json\/wp\/v2\/product"}],"about":[{"href":"https:\/\/games.tactic.net\/da\/wp-json\/wp\/v2\/types\/product"}],"wp:attachment":[{"href":"https:\/\/games.tactic.net\/da\/wp-json\/wp\/v2\/media?parent=153203"}],"wp:term":[{"taxonomy":"product_brand","embeddable":true,"href":"https:\/\/games.tactic.net\/da\/wp-json\/wp\/v2\/product_brand?post=153203"},{"taxonomy":"product_cat","embeddable":true,"href":"https:\/\/games.tactic.net\/da\/wp-json\/wp\/v2\/product_cat?post=153203"},{"taxonomy":"product_tag","embeddable":true,"href":"https:\/\/games.tactic.net\/da\/wp-json\/wp\/v2\/product_tag?post=153203"},{"taxonomy":"brand","embeddable":true,"href":"https:\/\/games.tactic.net\/da\/wp-json\/wp\/v2\/brand?post=153203"},{"taxonomy":"target-group","embeddable":true,"href":"https:\/\/games.tactic.net\/da\/wp-json\/wp\/v2\/target-group?post=153203"},{"taxonomy":"discontinued","embeddable":true,"href":"https:\/\/games.tactic.net\/da\/wp-json\/wp\/v2\/discontinued?post=153203"}],"curies":[{"name":"wp","href":"https:\/\/api.w.org\/{rel}","templated":true}]}}