{"id":152516,"date":"2021-09-28T13:08:32","date_gmt":"2021-09-28T10:08:32","guid":{"rendered":"http:\/\/dev.tactic.net\/tuote\/larsen-substra-puzzle-maxi\/"},"modified":"2026-01-26T09:09:03","modified_gmt":"2026-01-26T07:09:03","slug":"larsen-substra-puzzle-maxi","status":"archive","type":"product","link":"https:\/\/games.tactic.net\/da\/tuote\/larsen-substra-puzzle-maxi\/","title":{"rendered":"Larsen Maxi Subtra Puzzle 58 pcs Puzzle"},"content":{"rendered":"<p>Larsen Maxi Subtraktion 58 brikker puslespil 36,5 x 28,5 cm. L\u00e6r grundl\u00e6ggende subtraktion med dette puslespil med 58 brikker. P\u00e5 hver brik finder du et regnestykke. Svaret vises i klare neonfarver p\u00e5 rammen nedenunder. Brikkerne med buede kanter ligner hinanden, selvom de er forskellige. Hver brik passer kun korrekt, n\u00e5r den placeres over det rigtige svar. Du kan have det sjovt med puslespillet og l\u00e6re meget samtidig. Puslespil fremmer motivation og koncentration. Du kan arbejde i dit eget tempo og ser med det samme, om du har ret eller forkert. Puslespillet egner sig bedst til lidt \u00e6ldre b\u00f8rn.<\/p>\n<p>Larsen Maxi er en puslespilsserie i h\u00f8j kvalitet til b\u00f8rn, der kombinerer l\u00e6ring og leg. Farverige illustrationer og solide rammebrikker g\u00f8r puslespillene nemme og hyggelige at samle. Larsen Maxi puslespil er ideelle til b\u00f8rn og hj\u00e6lper med at udvikle finmotorik og koncentration.<\/p>\n<p>Larsen producerer p\u00e6dagogiske puslespil i h\u00f8j kvalitet, der underst\u00f8tter l\u00e6ring gennem leg. Denne norske familievirksomhed har eksisteret siden 1953, og alle puslespil fremstilles i Norge. Sortimentet omfatter mange forskellige temaer som dyr, kort, k\u00f8ret\u00f8jer, rummet og natur. Tydelige illustrationer og holdbare brikker g\u00f8r Larsen puslespil til et godt valg for b\u00f8rn.<\/p>\n","protected":false},"excerpt":{"rendered":"<p>Larsen Maxi Subtraktion 58 brikker puslespil 36,5 x 28,5 cm l\u00e6rer subtraktion med matematikopgaver. P\u00e6dagogisk puslespil underst\u00f8tter matematiske f\u00e6rdigheder og l\u00e6ring.<\/p>\n","protected":false},"featured_media":0,"template":"","meta":{"content-type":"","_monsterinsights_skip_tracking":false,"_monsterinsights_sitenote_active":false,"_monsterinsights_sitenote_note":"","_monsterinsights_sitenote_category":0},"product_brand":[],"product_cat":[1625],"product_tag":[1232,994,969],"brand":[],"target-group":[],"discontinued":[],"class_list":{"0":"post-152516","1":"product","2":"type-product","3":"status-archive","5":"product_cat-boerne-puslespil-puslespil","6":"product_tag-kombinere-da","7":"product_tag-sammen","8":"product_tag-tidsfordriv-2","10":"first","11":"outofstock","12":"taxable","13":"shipping-taxable","14":"product-type-simple"},"aioseo_notices":[],"_links":{"self":[{"href":"https:\/\/games.tactic.net\/da\/wp-json\/wp\/v2\/product\/152516","targetHints":{"allow":["GET"]}}],"collection":[{"href":"https:\/\/games.tactic.net\/da\/wp-json\/wp\/v2\/product"}],"about":[{"href":"https:\/\/games.tactic.net\/da\/wp-json\/wp\/v2\/types\/product"}],"wp:attachment":[{"href":"https:\/\/games.tactic.net\/da\/wp-json\/wp\/v2\/media?parent=152516"}],"wp:term":[{"taxonomy":"product_brand","embeddable":true,"href":"https:\/\/games.tactic.net\/da\/wp-json\/wp\/v2\/product_brand?post=152516"},{"taxonomy":"product_cat","embeddable":true,"href":"https:\/\/games.tactic.net\/da\/wp-json\/wp\/v2\/product_cat?post=152516"},{"taxonomy":"product_tag","embeddable":true,"href":"https:\/\/games.tactic.net\/da\/wp-json\/wp\/v2\/product_tag?post=152516"},{"taxonomy":"brand","embeddable":true,"href":"https:\/\/games.tactic.net\/da\/wp-json\/wp\/v2\/brand?post=152516"},{"taxonomy":"target-group","embeddable":true,"href":"https:\/\/games.tactic.net\/da\/wp-json\/wp\/v2\/target-group?post=152516"},{"taxonomy":"discontinued","embeddable":true,"href":"https:\/\/games.tactic.net\/da\/wp-json\/wp\/v2\/discontinued?post=152516"}],"curies":[{"name":"wp","href":"https:\/\/api.w.org\/{rel}","templated":true}]}}