{"id":150469,"date":"2021-09-28T11:47:16","date_gmt":"2021-09-28T08:47:16","guid":{"rendered":"http:\/\/dev.tactic.net\/tuote\/larsen-word-puzzle-maxi-dk\/"},"modified":"2023-10-16T14:29:37","modified_gmt":"2023-10-16T11:29:37","slug":"larsen-word-puzzle-maxi-dk","status":"publish","type":"product","link":"https:\/\/games.tactic.net\/da\/tuote\/larsen-word-puzzle-maxi-dk\/","title":{"rendered":"Larsen Maxi Word 40 pcs Puzzle"},"content":{"rendered":"<p>Larsen Maxi Ord 40 brikker puslespil 28,5 x 36,5 cm. Dette l\u00e6rerige og underholdende puslespil fremmer b\u00e5de l\u00e6sning og ordgenkendelse. Du l\u00e6rer 40 ord, som passer til billederne p\u00e5 rammen. Alle ord vises med sm\u00e5 bogstaver og er forholdsvis enkle. Brikkerne er specialsk\u00e5ret i en vandret form og kan rumme ord p\u00e5 3-4 bogstaver. De har uj\u00e6vne kanter, som giver hver brik et unikt udseende. Illustrationerne viser en kombination af dyr, mad og forskellige genstande, som er lette at genkende. Puslespillet hj\u00e6lper barnet med at l\u00e6re at l\u00e6se og udvide sit ordforr\u00e5d samt sin fantasi, is\u00e6r i historiefort\u00e6lling. Puslespillet best\u00e5r af 40 brikker og er m\u00e5lrettet lidt yngre b\u00f8rn, der er ved at l\u00e6re at l\u00e6se.<\/p>\n<p>Larsen Maxi er en puslespilsserie i h\u00f8j kvalitet til b\u00f8rn, der kombinerer l\u00e6ring og leg. Farverige illustrationer og solide rammebrikker g\u00f8r puslespillene nemme og hyggelige at samle. Larsen Maxi puslespil er ideelle til b\u00f8rn og hj\u00e6lper med at udvikle finmotorik og koncentration.<\/p>\n<p>Larsen producerer p\u00e6dagogiske puslespil i h\u00f8j kvalitet, der underst\u00f8tter l\u00e6ring gennem leg. Denne norske familievirksomhed har eksisteret siden 1953, og alle puslespil fremstilles i Norge. Sortimentet omfatter mange forskellige temaer som dyr, kort, k\u00f8ret\u00f8jer, rummet og natur. Tydelige illustrationer og holdbare brikker g\u00f8r Larsen puslespil til et godt valg for b\u00f8rn.<\/p>\n","protected":false},"excerpt":{"rendered":"<p>Larsen Maxi Ord 40 brikker puslespil 36,5 x 28,5 cm l\u00e6rer grundl\u00e6ggende ord og l\u00e6sning. P\u00e6dagogisk puslespil underst\u00f8tter ordforr\u00e5d og l\u00e6sef\u00e6rdigheder.<\/p>\n","protected":false},"featured_media":0,"template":"","meta":{"content-type":"","_monsterinsights_skip_tracking":false,"_monsterinsights_sitenote_active":false,"_monsterinsights_sitenote_note":"","_monsterinsights_sitenote_category":0},"product_brand":[],"product_cat":[1625],"product_tag":[1232,994,969],"brand":[],"target-group":[],"discontinued":[],"class_list":{"0":"post-150469","1":"product","2":"type-product","3":"status-publish","5":"product_cat-boerne-puslespil-puslespil","6":"product_tag-kombinere-da","7":"product_tag-sammen","8":"product_tag-tidsfordriv-2","10":"first","11":"instock","12":"taxable","13":"shipping-taxable","14":"product-type-simple"},"aioseo_notices":[],"_links":{"self":[{"href":"https:\/\/games.tactic.net\/da\/wp-json\/wp\/v2\/product\/150469","targetHints":{"allow":["GET"]}}],"collection":[{"href":"https:\/\/games.tactic.net\/da\/wp-json\/wp\/v2\/product"}],"about":[{"href":"https:\/\/games.tactic.net\/da\/wp-json\/wp\/v2\/types\/product"}],"wp:attachment":[{"href":"https:\/\/games.tactic.net\/da\/wp-json\/wp\/v2\/media?parent=150469"}],"wp:term":[{"taxonomy":"product_brand","embeddable":true,"href":"https:\/\/games.tactic.net\/da\/wp-json\/wp\/v2\/product_brand?post=150469"},{"taxonomy":"product_cat","embeddable":true,"href":"https:\/\/games.tactic.net\/da\/wp-json\/wp\/v2\/product_cat?post=150469"},{"taxonomy":"product_tag","embeddable":true,"href":"https:\/\/games.tactic.net\/da\/wp-json\/wp\/v2\/product_tag?post=150469"},{"taxonomy":"brand","embeddable":true,"href":"https:\/\/games.tactic.net\/da\/wp-json\/wp\/v2\/brand?post=150469"},{"taxonomy":"target-group","embeddable":true,"href":"https:\/\/games.tactic.net\/da\/wp-json\/wp\/v2\/target-group?post=150469"},{"taxonomy":"discontinued","embeddable":true,"href":"https:\/\/games.tactic.net\/da\/wp-json\/wp\/v2\/discontinued?post=150469"}],"curies":[{"name":"wp","href":"https:\/\/api.w.org\/{rel}","templated":true}]}}