{"id":149809,"date":"2021-09-28T11:08:43","date_gmt":"2021-09-28T08:08:43","guid":{"rendered":"http:\/\/dev.tactic.net\/tuote\/larsen-europe-physical-maxi-dk\/"},"modified":"2023-10-16T14:28:25","modified_gmt":"2023-10-16T11:28:25","slug":"larsen-europe-physical-maxi-dk","status":"publish","type":"product","link":"https:\/\/games.tactic.net\/da\/tuote\/larsen-europe-physical-maxi-dk\/","title":{"rendered":"Larsen Maxi The Europe Physical 87 pcs Puzzle"},"content":{"rendered":"<p>Larsen Maxi Europa fysisk 87 brikker puslespil 36,5 x 28,5 cm. Det er sjovt at l\u00e6re om Europa med dette puslespil med 87 brikker, som er beregnet til lidt \u00e6ldre b\u00f8rn. Brikkerne er sk\u00e5ret langs kystlinjer og landegr\u00e6nser, og nogle af brikkerne har former som fisk, fugle, hvaler og en isbj\u00f8rn. Hen over Frankrigs kort er der en brik formet som Eiffelt\u00e5rnet. P\u00e5 kortet finder du navne p\u00e5 st\u00f8rre byer, floder, s\u00f8er, bjergk\u00e6der, \u00f8er, lande og have. Bjergenes h\u00f8jder og havenes dybder er angivet i meter. Over Atlanterhavet er der flotte illustrationer af fugle og fisk, som lever her. Med s\u00e5danne puslespil l\u00e6rer man geografi p\u00e5 en sjov og effektiv m\u00e5de.<\/p>\n<p>Larsen Maxi er en puslespilsserie i h\u00f8j kvalitet til b\u00f8rn, der kombinerer l\u00e6ring og leg. Farverige illustrationer og solide rammebrikker g\u00f8r puslespillene nemme og hyggelige at samle. Larsen Maxi puslespil er ideelle til b\u00f8rn og hj\u00e6lper med at udvikle finmotorik og koncentration.<\/p>\n<p>Larsen producerer p\u00e6dagogiske puslespil i h\u00f8j kvalitet, der underst\u00f8tter l\u00e6ring gennem leg. Denne norske familievirksomhed har eksisteret siden 1953, og alle puslespil fremstilles i Norge. Sortimentet omfatter mange forskellige temaer som dyr, kort, k\u00f8ret\u00f8jer, rummet og natur. Tydelige illustrationer og holdbare brikker g\u00f8r Larsen puslespil til et godt valg for b\u00f8rn.<\/p>\n","protected":false},"excerpt":{"rendered":"<p>Larsen Maxi Europa fysisk 87 brikker puslespil 28,5 x 36,5 cm viser et detaljeret kort over Europa. P\u00e6dagogisk puslespil underst\u00f8tter l\u00e6ring i geografi.<\/p>\n","protected":false},"featured_media":0,"template":"","meta":{"content-type":"","_monsterinsights_skip_tracking":false,"_monsterinsights_sitenote_active":false,"_monsterinsights_sitenote_note":"","_monsterinsights_sitenote_category":0},"product_brand":[],"product_cat":[1625],"product_tag":[1232,994,969],"brand":[],"target-group":[],"discontinued":[],"class_list":{"0":"post-149809","1":"product","2":"type-product","3":"status-publish","5":"product_cat-boerne-puslespil-puslespil","6":"product_tag-kombinere-da","7":"product_tag-sammen","8":"product_tag-tidsfordriv-2","10":"first","11":"instock","12":"taxable","13":"shipping-taxable","14":"product-type-simple"},"aioseo_notices":[],"_links":{"self":[{"href":"https:\/\/games.tactic.net\/da\/wp-json\/wp\/v2\/product\/149809","targetHints":{"allow":["GET"]}}],"collection":[{"href":"https:\/\/games.tactic.net\/da\/wp-json\/wp\/v2\/product"}],"about":[{"href":"https:\/\/games.tactic.net\/da\/wp-json\/wp\/v2\/types\/product"}],"wp:attachment":[{"href":"https:\/\/games.tactic.net\/da\/wp-json\/wp\/v2\/media?parent=149809"}],"wp:term":[{"taxonomy":"product_brand","embeddable":true,"href":"https:\/\/games.tactic.net\/da\/wp-json\/wp\/v2\/product_brand?post=149809"},{"taxonomy":"product_cat","embeddable":true,"href":"https:\/\/games.tactic.net\/da\/wp-json\/wp\/v2\/product_cat?post=149809"},{"taxonomy":"product_tag","embeddable":true,"href":"https:\/\/games.tactic.net\/da\/wp-json\/wp\/v2\/product_tag?post=149809"},{"taxonomy":"brand","embeddable":true,"href":"https:\/\/games.tactic.net\/da\/wp-json\/wp\/v2\/brand?post=149809"},{"taxonomy":"target-group","embeddable":true,"href":"https:\/\/games.tactic.net\/da\/wp-json\/wp\/v2\/target-group?post=149809"},{"taxonomy":"discontinued","embeddable":true,"href":"https:\/\/games.tactic.net\/da\/wp-json\/wp\/v2\/discontinued?post=149809"}],"curies":[{"name":"wp","href":"https:\/\/api.w.org\/{rel}","templated":true}]}}