{"id":149680,"date":"2021-09-28T11:06:04","date_gmt":"2021-09-28T08:06:04","guid":{"rendered":"http:\/\/dev.tactic.net\/tuote\/larsen-reindeer-maxi\/"},"modified":"2023-10-19T16:25:39","modified_gmt":"2023-10-19T13:25:39","slug":"larsen-reindeer-maxi","status":"publish","type":"product","link":"https:\/\/games.tactic.net\/da\/tuote\/larsen-reindeer-maxi\/","title":{"rendered":"Larsen Maxi Reindeer 60 pcs Puzzle"},"content":{"rendered":"<p>Larsen Maxi Rensdyr 60 brikker puslespil 28,5 x 36,5 cm. P\u00e5 en kold efter\u00e5rsdag nyder disse arktiske dyr naturen under nordlyset i en iskold vinterskov. Kan du hj\u00e6lpe Rudolf rensdyr med at st\u00e5 h\u00f8jt og rankt? Dette dekorative puslespil viser et rensdyr under det smukke gr\u00f8nne nordlys. Rundt om ses andre rensdyr, arktiske harer, en silkehale, en gr\u00e5 ugle og en havlit. Under nordlyset rejser et isd\u00e6kket bjerg sig over et landskab fyldt med efter\u00e5rsblade og tr\u00e6er. Puslespillet best\u00e5r af 60 brikker og passer bedst til \u00e6ldre b\u00f8rn. Nogle af brikkerne er formet som en bil, et dronningehoved, en p\u00f8lse og et tr\u00e6. B\u00f8rn f\u00e5r b\u00e5de en hyggelig puslespilsoplevelse og mulighed for at l\u00e6re om forskellige dyr i de kolde \u00e5rstider.<\/p>\n<p>Larsen Maxi er en puslespilsserie i h\u00f8j kvalitet til b\u00f8rn, der kombinerer l\u00e6ring og leg. Farverige illustrationer og solide rammebrikker g\u00f8r puslespillene nemme og hyggelige at samle. Larsen Maxi puslespil er ideelle til b\u00f8rn og hj\u00e6lper med at udvikle finmotorik og koncentration.<\/p>\n<p>Larsen producerer p\u00e6dagogiske puslespil i h\u00f8j kvalitet, der underst\u00f8tter l\u00e6ring gennem leg. Denne norske familievirksomhed har eksisteret siden 1953, og alle puslespil fremstilles i Norge. Sortimentet omfatter mange forskellige temaer som dyr, kort, k\u00f8ret\u00f8jer, rummet og natur. Tydelige illustrationer og holdbare brikker g\u00f8r Larsen puslespil til et godt valg for b\u00f8rn.<\/p>\n","protected":false},"excerpt":{"rendered":"<p>Larsen Maxi Rensdyr 60 brikker puslespil 28,5 x 36,5 cm viser arktiske dyr under nordlys. P\u00e6dagogisk puslespil underst\u00f8tter naturforst\u00e5else og observation.<\/p>\n","protected":false},"featured_media":0,"template":"","meta":{"content-type":"","_monsterinsights_skip_tracking":false,"_monsterinsights_sitenote_active":false,"_monsterinsights_sitenote_note":"","_monsterinsights_sitenote_category":0},"product_brand":[],"product_cat":[1625],"product_tag":[344,994,969],"brand":[],"target-group":[],"discontinued":[],"class_list":{"0":"post-149680","1":"product","2":"type-product","3":"status-publish","5":"product_cat-boerne-puslespil-puslespil","6":"product_tag-kombinere","7":"product_tag-sammen","8":"product_tag-tidsfordriv-2","10":"first","11":"instock","12":"taxable","13":"shipping-taxable","14":"product-type-simple"},"aioseo_notices":[],"_links":{"self":[{"href":"https:\/\/games.tactic.net\/da\/wp-json\/wp\/v2\/product\/149680","targetHints":{"allow":["GET"]}}],"collection":[{"href":"https:\/\/games.tactic.net\/da\/wp-json\/wp\/v2\/product"}],"about":[{"href":"https:\/\/games.tactic.net\/da\/wp-json\/wp\/v2\/types\/product"}],"wp:attachment":[{"href":"https:\/\/games.tactic.net\/da\/wp-json\/wp\/v2\/media?parent=149680"}],"wp:term":[{"taxonomy":"product_brand","embeddable":true,"href":"https:\/\/games.tactic.net\/da\/wp-json\/wp\/v2\/product_brand?post=149680"},{"taxonomy":"product_cat","embeddable":true,"href":"https:\/\/games.tactic.net\/da\/wp-json\/wp\/v2\/product_cat?post=149680"},{"taxonomy":"product_tag","embeddable":true,"href":"https:\/\/games.tactic.net\/da\/wp-json\/wp\/v2\/product_tag?post=149680"},{"taxonomy":"brand","embeddable":true,"href":"https:\/\/games.tactic.net\/da\/wp-json\/wp\/v2\/brand?post=149680"},{"taxonomy":"target-group","embeddable":true,"href":"https:\/\/games.tactic.net\/da\/wp-json\/wp\/v2\/target-group?post=149680"},{"taxonomy":"discontinued","embeddable":true,"href":"https:\/\/games.tactic.net\/da\/wp-json\/wp\/v2\/discontinued?post=149680"}],"curies":[{"name":"wp","href":"https:\/\/api.w.org\/{rel}","templated":true}]}}