{"id":149263,"date":"2021-09-28T10:52:47","date_gmt":"2021-09-28T07:52:47","guid":{"rendered":"http:\/\/dev.tactic.net\/tuote\/larsen-birthday-party-maxi\/"},"modified":"2023-10-19T15:12:49","modified_gmt":"2023-10-19T12:12:49","slug":"larsen-birthday-party-maxi","status":"publish","type":"product","link":"https:\/\/games.tactic.net\/da\/tuote\/larsen-birthday-party-maxi\/","title":{"rendered":"Larsen Maxi Birthday Party 20 pcs Puzzle"},"content":{"rendered":"<p>Larsen Maxi F\u00f8dselsdagsfest 20 brikker puslespil 36,5 x 28,5 cm. Der findes n\u00e6sten ikke noget mere sp\u00e6ndende end en stor f\u00f8dselsdagsfest \u2013 is\u00e6r n\u00e5r festen er for dig. Hvor mange lys br\u00e6nder p\u00e5 kagen? Alle pigens venner er kommet med masser af gaver. Der er ogs\u00e5 balloner, konfetti og festpynt overalt. Har nogen glemt at tage sin f\u00f8dselsdagshat p\u00e5? Et par sm\u00e5 hundehvalpe er hoppet op p\u00e5 bordet for at spise is og sm\u00e5kager. Hvem tror du spiser mest kage? Nogle af brikkerne er formet som en bamse, en krone, en rullesk\u00f8jte, et skateboard, et t\u00e5rn og en cupcake.<\/p>\n<p>Larsen Maxi er en puslespilsserie i h\u00f8j kvalitet til b\u00f8rn, der kombinerer l\u00e6ring og leg. Farverige illustrationer og solide rammebrikker g\u00f8r puslespillene nemme og hyggelige at samle. Larsen Maxi puslespil er ideelle til b\u00f8rn og hj\u00e6lper med at udvikle finmotorik og koncentration.<\/p>\n<p>Larsen producerer p\u00e6dagogiske puslespil i h\u00f8j kvalitet, der underst\u00f8tter l\u00e6ring gennem leg. Denne norske familievirksomhed har eksisteret siden 1953, og alle puslespil fremstilles i Norge. Sortimentet omfatter mange forskellige temaer som dyr, kort, k\u00f8ret\u00f8jer, rummet og natur. Tydelige illustrationer og holdbare brikker g\u00f8r Larsen puslespil til et godt valg for b\u00f8rn.<\/p>\n","protected":false},"excerpt":{"rendered":"<p>Larsen Maxi F\u00f8dselsdag 20 brikker puslespil 36,5 x 28,5 cm viser en sjov b\u00f8rnef\u00f8dselsdag. Puslespil underst\u00f8tter fantasi og observation.<\/p>\n","protected":false},"featured_media":0,"template":"","meta":{"content-type":"","_monsterinsights_skip_tracking":false,"_monsterinsights_sitenote_active":false,"_monsterinsights_sitenote_note":"","_monsterinsights_sitenote_category":0},"product_brand":[],"product_cat":[1625],"product_tag":[344,994,969],"brand":[],"target-group":[],"discontinued":[],"class_list":{"0":"post-149263","1":"product","2":"type-product","3":"status-publish","5":"product_cat-boerne-puslespil-puslespil","6":"product_tag-kombinere","7":"product_tag-sammen","8":"product_tag-tidsfordriv-2","10":"first","11":"instock","12":"taxable","13":"shipping-taxable","14":"product-type-simple"},"aioseo_notices":[],"_links":{"self":[{"href":"https:\/\/games.tactic.net\/da\/wp-json\/wp\/v2\/product\/149263","targetHints":{"allow":["GET"]}}],"collection":[{"href":"https:\/\/games.tactic.net\/da\/wp-json\/wp\/v2\/product"}],"about":[{"href":"https:\/\/games.tactic.net\/da\/wp-json\/wp\/v2\/types\/product"}],"wp:attachment":[{"href":"https:\/\/games.tactic.net\/da\/wp-json\/wp\/v2\/media?parent=149263"}],"wp:term":[{"taxonomy":"product_brand","embeddable":true,"href":"https:\/\/games.tactic.net\/da\/wp-json\/wp\/v2\/product_brand?post=149263"},{"taxonomy":"product_cat","embeddable":true,"href":"https:\/\/games.tactic.net\/da\/wp-json\/wp\/v2\/product_cat?post=149263"},{"taxonomy":"product_tag","embeddable":true,"href":"https:\/\/games.tactic.net\/da\/wp-json\/wp\/v2\/product_tag?post=149263"},{"taxonomy":"brand","embeddable":true,"href":"https:\/\/games.tactic.net\/da\/wp-json\/wp\/v2\/brand?post=149263"},{"taxonomy":"target-group","embeddable":true,"href":"https:\/\/games.tactic.net\/da\/wp-json\/wp\/v2\/target-group?post=149263"},{"taxonomy":"discontinued","embeddable":true,"href":"https:\/\/games.tactic.net\/da\/wp-json\/wp\/v2\/discontinued?post=149263"}],"curies":[{"name":"wp","href":"https:\/\/api.w.org\/{rel}","templated":true}]}}