{"id":149134,"date":"2021-09-28T10:51:27","date_gmt":"2021-09-28T07:51:27","guid":{"rendered":"http:\/\/dev.tactic.net\/tuote\/larsen-apollo-11-maxi\/"},"modified":"2023-10-19T15:09:00","modified_gmt":"2023-10-19T12:09:00","slug":"larsen-apollo-11-maxi","status":"publish","type":"product","link":"https:\/\/games.tactic.net\/da\/tuote\/larsen-apollo-11-maxi\/","title":{"rendered":"Larsen Maxi Apollo 11 50 pcs Puzzle"},"content":{"rendered":"<p>Larsen Maxi Apollo 11 50 brikker puslespil 36,5 x 28,5 cm. 5, 4, 3, 2, 1 \u2013 affyring! Vil du f\u00f8lge med Neil Armstrong p\u00e5 hans rejse med Apollo 11, mens Columbia kredser om m\u00e5nen? Eller vil du blot kigge ud i rummet og lade dig fascinere af stjernerne? Neil Armstrong g\u00e5r ned ad stigen, mens millioner af stjerner funkler p\u00e5 nattehimlen. Mens Eagle-landeren forbereder sig p\u00e5 landing p\u00e5 m\u00e5nen, kan du s\u00e5 g\u00e6tte, hvem der flyver Columbia alene? Dette puslespil med 50 brikker viser en klassisk illustration af raketter og rumfart\u00f8jer omkring jorden og m\u00e5nen. 5 brikker danner jorden, og \u00e9n af dem er formet som et rumfart\u00f8j. Hvilket rumfart\u00f8j mon det er?<\/p>\n<p>Larsen Maxi er en puslespilsserie i h\u00f8j kvalitet til b\u00f8rn, der kombinerer l\u00e6ring og leg. Farverige illustrationer og solide rammebrikker g\u00f8r puslespillene nemme og hyggelige at samle. Larsen Maxi puslespil er ideelle til b\u00f8rn og hj\u00e6lper med at udvikle finmotorik og koncentration.<\/p>\n<p>Larsen producerer p\u00e6dagogiske puslespil i h\u00f8j kvalitet, der underst\u00f8tter l\u00e6ring gennem leg. Denne norske familievirksomhed har eksisteret siden 1953, og alle puslespil fremstilles i Norge. Sortimentet omfatter mange forskellige temaer som dyr, kort, k\u00f8ret\u00f8jer, rummet og natur. Tydelige illustrationer og holdbare brikker g\u00f8r Larsen puslespil til et godt valg for b\u00f8rn.<\/p>\n","protected":false},"excerpt":{"rendered":"<p>Larsen Maxi Apollo 11 50 brikker puslespil 36,5 x 28,5 cm viser raketter, rumfart\u00f8jer og m\u00e5nelandingen. P\u00e6dagogisk rumpuslespil inspirerer nysgerrighed om rummet og udforskning.<\/p>\n","protected":false},"featured_media":0,"template":"","meta":{"content-type":"","_monsterinsights_skip_tracking":false,"_monsterinsights_sitenote_active":false,"_monsterinsights_sitenote_note":"","_monsterinsights_sitenote_category":0},"product_brand":[],"product_cat":[1625],"product_tag":[344,994,969],"brand":[],"target-group":[],"discontinued":[],"class_list":{"0":"post-149134","1":"product","2":"type-product","3":"status-publish","5":"product_cat-boerne-puslespil-puslespil","6":"product_tag-kombinere","7":"product_tag-sammen","8":"product_tag-tidsfordriv-2","10":"first","11":"instock","12":"taxable","13":"shipping-taxable","14":"product-type-simple"},"aioseo_notices":[],"_links":{"self":[{"href":"https:\/\/games.tactic.net\/da\/wp-json\/wp\/v2\/product\/149134","targetHints":{"allow":["GET"]}}],"collection":[{"href":"https:\/\/games.tactic.net\/da\/wp-json\/wp\/v2\/product"}],"about":[{"href":"https:\/\/games.tactic.net\/da\/wp-json\/wp\/v2\/types\/product"}],"wp:attachment":[{"href":"https:\/\/games.tactic.net\/da\/wp-json\/wp\/v2\/media?parent=149134"}],"wp:term":[{"taxonomy":"product_brand","embeddable":true,"href":"https:\/\/games.tactic.net\/da\/wp-json\/wp\/v2\/product_brand?post=149134"},{"taxonomy":"product_cat","embeddable":true,"href":"https:\/\/games.tactic.net\/da\/wp-json\/wp\/v2\/product_cat?post=149134"},{"taxonomy":"product_tag","embeddable":true,"href":"https:\/\/games.tactic.net\/da\/wp-json\/wp\/v2\/product_tag?post=149134"},{"taxonomy":"brand","embeddable":true,"href":"https:\/\/games.tactic.net\/da\/wp-json\/wp\/v2\/brand?post=149134"},{"taxonomy":"target-group","embeddable":true,"href":"https:\/\/games.tactic.net\/da\/wp-json\/wp\/v2\/target-group?post=149134"},{"taxonomy":"discontinued","embeddable":true,"href":"https:\/\/games.tactic.net\/da\/wp-json\/wp\/v2\/discontinued?post=149134"}],"curies":[{"name":"wp","href":"https:\/\/api.w.org\/{rel}","templated":true}]}}