{"id":148847,"date":"2021-09-28T10:44:39","date_gmt":"2021-09-28T07:44:39","guid":{"rendered":"http:\/\/dev.tactic.net\/tuote\/larsen-arctic-inland-maxi\/"},"modified":"2023-10-19T15:10:35","modified_gmt":"2023-10-19T12:10:35","slug":"larsen-arctic-inland-maxi","status":"publish","type":"product","link":"https:\/\/games.tactic.net\/da\/tuote\/larsen-arctic-inland-maxi\/","title":{"rendered":"Larsen Maxi Arctic Inland 50 pcs Puzzle"},"content":{"rendered":"<p>Larsen Maxi Arktisk indland 50 brikker puslespil 36,5 x 28,5 cm. Det arktiske indland er hjem for mange forskellige dyr. Fugle som g\u00e6s, svaner og ugler flyver gennem den klare luft, mens bjergene rejser sig i baggrunden.<\/p>\n<p>En flok rensdyr bev\u00e6ger sig over det gr\u00f8nne landskab og gr\u00e6sser fredeligt. Kan du finde fjeldharerne, der gemmer sig? En j\u00e6rv passerer gennem omr\u00e5det, og en hare stopper op og lytter.<\/p>\n<p>Puslespillet indeholder 50 brikker og er velegnet til b\u00f8rn med interesse for natur og dyreliv. Det styrker b\u00e5de observation og viden.<\/p>\n<p>Larsen Maxi er en puslespilsserie i h\u00f8j kvalitet til b\u00f8rn, der kombinerer l\u00e6ring og leg. Farverige illustrationer og solide rammebrikker g\u00f8r puslespillene nemme og hyggelige at samle. Larsen Maxi puslespil er ideelle til b\u00f8rn og hj\u00e6lper med at udvikle finmotorik og koncentration.<\/p>\n<p>Larsen producerer p\u00e6dagogiske puslespil i h\u00f8j kvalitet, der underst\u00f8tter l\u00e6ring gennem leg. Denne norske familievirksomhed har eksisteret siden 1953, og alle puslespil fremstilles i Norge. Sortimentet omfatter mange forskellige temaer som dyr, kort, k\u00f8ret\u00f8jer, rummet og natur. Tydelige illustrationer og holdbare brikker g\u00f8r Larsen puslespil til et godt valg for b\u00f8rn.<\/p>\n","protected":false},"excerpt":{"rendered":"<p>Larsen Maxi Arktisk indland 50 brikker puslespil 36,5 x 28,5 cm viser arktiske dyr som rensdyr og fugle. P\u00e6dagogisk puslespil underst\u00f8tter naturforst\u00e5else.<\/p>\n","protected":false},"featured_media":0,"template":"","meta":{"content-type":"","_monsterinsights_skip_tracking":false,"_monsterinsights_sitenote_active":false,"_monsterinsights_sitenote_note":"","_monsterinsights_sitenote_category":0},"product_brand":[],"product_cat":[1625],"product_tag":[1232,994,969],"brand":[],"target-group":[],"discontinued":[],"class_list":{"0":"post-148847","1":"product","2":"type-product","3":"status-publish","5":"product_cat-boerne-puslespil-puslespil","6":"product_tag-kombinere-da","7":"product_tag-sammen","8":"product_tag-tidsfordriv-2","10":"first","11":"instock","12":"taxable","13":"shipping-taxable","14":"product-type-simple"},"aioseo_notices":[],"_links":{"self":[{"href":"https:\/\/games.tactic.net\/da\/wp-json\/wp\/v2\/product\/148847","targetHints":{"allow":["GET"]}}],"collection":[{"href":"https:\/\/games.tactic.net\/da\/wp-json\/wp\/v2\/product"}],"about":[{"href":"https:\/\/games.tactic.net\/da\/wp-json\/wp\/v2\/types\/product"}],"wp:attachment":[{"href":"https:\/\/games.tactic.net\/da\/wp-json\/wp\/v2\/media?parent=148847"}],"wp:term":[{"taxonomy":"product_brand","embeddable":true,"href":"https:\/\/games.tactic.net\/da\/wp-json\/wp\/v2\/product_brand?post=148847"},{"taxonomy":"product_cat","embeddable":true,"href":"https:\/\/games.tactic.net\/da\/wp-json\/wp\/v2\/product_cat?post=148847"},{"taxonomy":"product_tag","embeddable":true,"href":"https:\/\/games.tactic.net\/da\/wp-json\/wp\/v2\/product_tag?post=148847"},{"taxonomy":"brand","embeddable":true,"href":"https:\/\/games.tactic.net\/da\/wp-json\/wp\/v2\/brand?post=148847"},{"taxonomy":"target-group","embeddable":true,"href":"https:\/\/games.tactic.net\/da\/wp-json\/wp\/v2\/target-group?post=148847"},{"taxonomy":"discontinued","embeddable":true,"href":"https:\/\/games.tactic.net\/da\/wp-json\/wp\/v2\/discontinued?post=148847"}],"curies":[{"name":"wp","href":"https:\/\/api.w.org\/{rel}","templated":true}]}}