{"id":148618,"date":"2021-09-28T10:40:55","date_gmt":"2021-09-28T07:40:55","guid":{"rendered":"http:\/\/dev.tactic.net\/tuote\/larsen-bees-maxi\/"},"modified":"2023-10-19T15:12:17","modified_gmt":"2023-10-19T12:12:17","slug":"larsen-bees-maxi","status":"publish","type":"product","link":"https:\/\/games.tactic.net\/da\/tuote\/larsen-bees-maxi\/","title":{"rendered":"Larsen Maxi Bees 53 pcs Puzzle"},"content":{"rendered":"<p>Larsen Maxi Bier 53 brikker puslespil 28,5 x 36,5 cm. Bier spiller en vigtig rolle i naturens \u00f8kosystem ved at best\u00f8ve planter og sikre vores f\u00f8devareproduktion.<\/p>\n<p>I dette puslespil ser du bier i arbejde omkring bistaderne, mens en biavler samler honning. Andre insekter som myrer og gr\u00e6shopper nyder ogs\u00e5 det gode vejr. Kan du finde ud af, hvem der har spist \u00e6blerne i baggrunden?<\/p>\n<p>Nogle af brikkerne har sjove former som fly, bil, horn, fugl og bygninger. Med 53 brikker er puslespillet velegnet til lidt \u00e6ldre b\u00f8rn og styrker b\u00e5de l\u00e6ring og observation.<\/p>\n<p>Larsen Maxi er en puslespilsserie i h\u00f8j kvalitet til b\u00f8rn, der kombinerer l\u00e6ring og leg. Farverige illustrationer og solide rammebrikker g\u00f8r puslespillene nemme og hyggelige at samle. Larsen Maxi puslespil er ideelle til b\u00f8rn og hj\u00e6lper med at udvikle finmotorik og koncentration.<\/p>\n<p>Larsen producerer p\u00e6dagogiske puslespil i h\u00f8j kvalitet, der underst\u00f8tter l\u00e6ring gennem leg. Denne norske familievirksomhed har eksisteret siden 1953, og alle puslespil fremstilles i Norge. Sortimentet omfatter mange forskellige temaer som dyr, kort, k\u00f8ret\u00f8jer, rummet og natur. Tydelige illustrationer og holdbare brikker g\u00f8r Larsen puslespil til et godt valg for b\u00f8rn.<\/p>\n","protected":false},"excerpt":{"rendered":"<p>Larsen Maxi Bier 53 brikker puslespil 28,5 x 36,5 cm viser bier og best\u00f8vning i naturen. P\u00e6dagogisk puslespil underst\u00f8tter forst\u00e5else af \u00f8kosystemer og observation.<\/p>\n","protected":false},"featured_media":0,"template":"","meta":{"content-type":"","_monsterinsights_skip_tracking":false,"_monsterinsights_sitenote_active":false,"_monsterinsights_sitenote_note":"","_monsterinsights_sitenote_category":0},"product_brand":[],"product_cat":[1625],"product_tag":[1232,994,969],"brand":[],"target-group":[],"discontinued":[],"class_list":{"0":"post-148618","1":"product","2":"type-product","3":"status-publish","5":"product_cat-boerne-puslespil-puslespil","6":"product_tag-kombinere-da","7":"product_tag-sammen","8":"product_tag-tidsfordriv-2","10":"first","11":"outofstock","12":"taxable","13":"shipping-taxable","14":"product-type-simple"},"aioseo_notices":[],"_links":{"self":[{"href":"https:\/\/games.tactic.net\/da\/wp-json\/wp\/v2\/product\/148618","targetHints":{"allow":["GET"]}}],"collection":[{"href":"https:\/\/games.tactic.net\/da\/wp-json\/wp\/v2\/product"}],"about":[{"href":"https:\/\/games.tactic.net\/da\/wp-json\/wp\/v2\/types\/product"}],"wp:attachment":[{"href":"https:\/\/games.tactic.net\/da\/wp-json\/wp\/v2\/media?parent=148618"}],"wp:term":[{"taxonomy":"product_brand","embeddable":true,"href":"https:\/\/games.tactic.net\/da\/wp-json\/wp\/v2\/product_brand?post=148618"},{"taxonomy":"product_cat","embeddable":true,"href":"https:\/\/games.tactic.net\/da\/wp-json\/wp\/v2\/product_cat?post=148618"},{"taxonomy":"product_tag","embeddable":true,"href":"https:\/\/games.tactic.net\/da\/wp-json\/wp\/v2\/product_tag?post=148618"},{"taxonomy":"brand","embeddable":true,"href":"https:\/\/games.tactic.net\/da\/wp-json\/wp\/v2\/brand?post=148618"},{"taxonomy":"target-group","embeddable":true,"href":"https:\/\/games.tactic.net\/da\/wp-json\/wp\/v2\/target-group?post=148618"},{"taxonomy":"discontinued","embeddable":true,"href":"https:\/\/games.tactic.net\/da\/wp-json\/wp\/v2\/discontinued?post=148618"}],"curies":[{"name":"wp","href":"https:\/\/api.w.org\/{rel}","templated":true}]}}