{"id":148558,"date":"2021-09-28T10:39:09","date_gmt":"2021-09-28T07:39:09","guid":{"rendered":"http:\/\/dev.tactic.net\/tuote\/larsen-pirates-maxi\/"},"modified":"2023-10-19T16:21:02","modified_gmt":"2023-10-19T13:21:02","slug":"larsen-pirates-maxi","status":"publish","type":"product","link":"https:\/\/games.tactic.net\/da\/tuote\/larsen-pirates-maxi\/","title":{"rendered":"Larsen Maxi Pirates 30 pcs Puzzle"},"content":{"rendered":"<p>Larsen Maxi Pirater 30 brikker puslespil 28,5 x 36,5 cm. Den glade bes\u00e6tning p\u00e5 dette piratskib fejrer deres seneste eventyr. De sejler i fuld fart mod en hemmelig \u00f8 for at gemme deres skat.<\/p>\n<p>Hvilke skatte gemmer sig mon ombord? Pas p\u00e5 \u2013 havet er stadig fyldt med farer. Hvad er det for et v\u00e6sen, der springer op af vandet? En pirat tror, det er en havfrue.<\/p>\n<p>Bagved n\u00e6rmer et fjendtligt piratskib sig ubem\u00e6rket. Kan du f\u00e5 \u00f8je p\u00e5 det? Bes\u00e6tningen ledes af en kaptajn med sort klap for \u00f8jet og en papeg\u00f8je p\u00e5 skulderen, som r\u00e5ber: \u201cLand i sigte!\u201d<\/p>\n<p>Puslespillet best\u00e5r af 30 brikker og styrker fantasi og fort\u00e6llingsevne.<\/p>\n<p>Larsen Maxi er en puslespilsserie i h\u00f8j kvalitet til b\u00f8rn, der kombinerer l\u00e6ring og leg. Farverige illustrationer og solide rammebrikker g\u00f8r puslespillene nemme og hyggelige at samle. Larsen Maxi puslespil er ideelle til b\u00f8rn og hj\u00e6lper med at udvikle finmotorik og koncentration.<\/p>\n<p>Larsen producerer p\u00e6dagogiske puslespil i h\u00f8j kvalitet, der underst\u00f8tter l\u00e6ring gennem leg. Denne norske familievirksomhed har eksisteret siden 1953, og alle puslespil fremstilles i Norge. Sortimentet omfatter mange forskellige temaer som dyr, kort, k\u00f8ret\u00f8jer, rummet og natur. Tydelige illustrationer og holdbare brikker g\u00f8r Larsen puslespil til et godt valg for b\u00f8rn.<\/p>\n","protected":false},"excerpt":{"rendered":"<p>Larsen Maxi Pirater 30 brikker puslespil 28,5 x 36,5 cm viser en pirat-eventyrscene. B\u00f8rnepuslespil underst\u00f8tter fantasi og historiefort\u00e6lling.<\/p>\n","protected":false},"featured_media":0,"template":"","meta":{"content-type":"","_monsterinsights_skip_tracking":false,"_monsterinsights_sitenote_active":false,"_monsterinsights_sitenote_note":"","_monsterinsights_sitenote_category":0},"product_brand":[],"product_cat":[1625],"product_tag":[344,994,969],"brand":[],"target-group":[],"discontinued":[],"class_list":{"0":"post-148558","1":"product","2":"type-product","3":"status-publish","5":"product_cat-boerne-puslespil-puslespil","6":"product_tag-kombinere","7":"product_tag-sammen","8":"product_tag-tidsfordriv-2","10":"first","11":"outofstock","12":"taxable","13":"shipping-taxable","14":"product-type-simple"},"aioseo_notices":[],"_links":{"self":[{"href":"https:\/\/games.tactic.net\/da\/wp-json\/wp\/v2\/product\/148558","targetHints":{"allow":["GET"]}}],"collection":[{"href":"https:\/\/games.tactic.net\/da\/wp-json\/wp\/v2\/product"}],"about":[{"href":"https:\/\/games.tactic.net\/da\/wp-json\/wp\/v2\/types\/product"}],"wp:attachment":[{"href":"https:\/\/games.tactic.net\/da\/wp-json\/wp\/v2\/media?parent=148558"}],"wp:term":[{"taxonomy":"product_brand","embeddable":true,"href":"https:\/\/games.tactic.net\/da\/wp-json\/wp\/v2\/product_brand?post=148558"},{"taxonomy":"product_cat","embeddable":true,"href":"https:\/\/games.tactic.net\/da\/wp-json\/wp\/v2\/product_cat?post=148558"},{"taxonomy":"product_tag","embeddable":true,"href":"https:\/\/games.tactic.net\/da\/wp-json\/wp\/v2\/product_tag?post=148558"},{"taxonomy":"brand","embeddable":true,"href":"https:\/\/games.tactic.net\/da\/wp-json\/wp\/v2\/brand?post=148558"},{"taxonomy":"target-group","embeddable":true,"href":"https:\/\/games.tactic.net\/da\/wp-json\/wp\/v2\/target-group?post=148558"},{"taxonomy":"discontinued","embeddable":true,"href":"https:\/\/games.tactic.net\/da\/wp-json\/wp\/v2\/discontinued?post=148558"}],"curies":[{"name":"wp","href":"https:\/\/api.w.org\/{rel}","templated":true}]}}