{"id":148395,"date":"2021-09-28T10:36:58","date_gmt":"2021-09-28T07:36:58","guid":{"rendered":"http:\/\/dev.tactic.net\/tuote\/larsen-princesses-1-maxi\/"},"modified":"2023-10-19T16:23:23","modified_gmt":"2023-10-19T13:23:23","slug":"larsen-princesses-1-maxi","status":"publish","type":"product","link":"https:\/\/games.tactic.net\/da\/tuote\/larsen-princesses-1-maxi\/","title":{"rendered":"Larsen Maxi Princesses 1 35 pcs Puzzle"},"content":{"rendered":"<p>Larsen Maxi Prinsesser 1 35 brikker puslespil 28,5 x 36,5 cm. Der er magi i luften p\u00e5 denne stjerneklare nat i dette smukke prinsessepuslespil. Tre smukke prinsesser g\u00e5r ned ad trappen fra det eventyrlige slot efter en vidunderlig aften p\u00e5 bal. Vognen venter p\u00e5 dem, mens stjernerne funkler p\u00e5 himlen, og m\u00e5nen lyser klart. Dette puslespil med 35 brikker har omhyggeligt udsk\u00e5rne former som l\u00e6ber, et agern, en varevogn, et n\u00f8glehul og en svamp. Hver prinsesse har en kjole i sin egen farve, s\u00e5 de skiller sig ud i natten. Kan du g\u00e6tte, hvem der bliver den n\u00e6ste til at regere? Puslespillet har store brikker og er velegnet til yngre b\u00f8rn, som er gamle nok til at genkende enkle former.<\/p>\n<p>Larsen Maxi er en puslespilsserie i h\u00f8j kvalitet til b\u00f8rn, der kombinerer l\u00e6ring og leg. Farverige illustrationer og solide rammebrikker g\u00f8r puslespillene nemme og hyggelige at samle. Larsen Maxi puslespil er ideelle til b\u00f8rn og hj\u00e6lper med at udvikle finmotorik og koncentration.<\/p>\n<p>Larsen producerer p\u00e6dagogiske puslespil i h\u00f8j kvalitet, der underst\u00f8tter l\u00e6ring gennem leg. Denne norske familievirksomhed har eksisteret siden 1953, og alle puslespil fremstilles i Norge. Sortimentet omfatter mange forskellige temaer som dyr, kort, k\u00f8ret\u00f8jer, rummet og natur. Tydelige illustrationer og holdbare brikker g\u00f8r Larsen puslespil til et godt valg for b\u00f8rn.<\/p>\n","protected":false},"excerpt":{"rendered":"<p>Larsen Maxi Prinsesser 1 35 brikker puslespil 28,5 x 36,5 cm viser en magisk prinsessescene. B\u00f8rnepuslespil udvikler fantasi og observation.<\/p>\n","protected":false},"featured_media":0,"template":"","meta":{"content-type":"","_monsterinsights_skip_tracking":false,"_monsterinsights_sitenote_active":false,"_monsterinsights_sitenote_note":"","_monsterinsights_sitenote_category":0},"product_brand":[],"product_cat":[1625],"product_tag":[1232,994,969],"brand":[],"target-group":[],"discontinued":[],"class_list":{"0":"post-148395","1":"product","2":"type-product","3":"status-publish","5":"product_cat-boerne-puslespil-puslespil","6":"product_tag-kombinere-da","7":"product_tag-sammen","8":"product_tag-tidsfordriv-2","10":"first","11":"instock","12":"taxable","13":"shipping-taxable","14":"product-type-simple"},"aioseo_notices":[],"_links":{"self":[{"href":"https:\/\/games.tactic.net\/da\/wp-json\/wp\/v2\/product\/148395","targetHints":{"allow":["GET"]}}],"collection":[{"href":"https:\/\/games.tactic.net\/da\/wp-json\/wp\/v2\/product"}],"about":[{"href":"https:\/\/games.tactic.net\/da\/wp-json\/wp\/v2\/types\/product"}],"wp:attachment":[{"href":"https:\/\/games.tactic.net\/da\/wp-json\/wp\/v2\/media?parent=148395"}],"wp:term":[{"taxonomy":"product_brand","embeddable":true,"href":"https:\/\/games.tactic.net\/da\/wp-json\/wp\/v2\/product_brand?post=148395"},{"taxonomy":"product_cat","embeddable":true,"href":"https:\/\/games.tactic.net\/da\/wp-json\/wp\/v2\/product_cat?post=148395"},{"taxonomy":"product_tag","embeddable":true,"href":"https:\/\/games.tactic.net\/da\/wp-json\/wp\/v2\/product_tag?post=148395"},{"taxonomy":"brand","embeddable":true,"href":"https:\/\/games.tactic.net\/da\/wp-json\/wp\/v2\/brand?post=148395"},{"taxonomy":"target-group","embeddable":true,"href":"https:\/\/games.tactic.net\/da\/wp-json\/wp\/v2\/target-group?post=148395"},{"taxonomy":"discontinued","embeddable":true,"href":"https:\/\/games.tactic.net\/da\/wp-json\/wp\/v2\/discontinued?post=148395"}],"curies":[{"name":"wp","href":"https:\/\/api.w.org\/{rel}","templated":true}]}}