{"id":148203,"date":"2021-09-28T10:32:57","date_gmt":"2021-09-28T07:32:57","guid":{"rendered":"http:\/\/dev.tactic.net\/tuote\/larsen-giant-dump-truck-maxi\/"},"modified":"2023-10-19T15:32:34","modified_gmt":"2023-10-19T12:32:34","slug":"larsen-giant-dump-truck-maxi","status":"publish","type":"product","link":"https:\/\/games.tactic.net\/da\/tuote\/larsen-giant-dump-truck-maxi\/","title":{"rendered":"Larsen Maxi Giant Dump Truck 33 pcs Puzzle"},"content":{"rendered":"<p>Larsen Maxi K\u00e6mpe dumper 33 brikker puslespil 36,5 x 28,5 cm. Nogle opgaver kr\u00e6ver virkelig store maskiner \u2013 og denne k\u00e6mpestore dumper er klar til arbejdet.<\/p>\n<p>En gravemaskine l\u00e6sser grus i ladet, mens en anden stor dumper k\u00f8rer v\u00e6k i baggrunden med sit l\u00e6s. Hvor mange personer mon skal til for at betjene s\u00e5dan en maskine?<\/p>\n<p>Puslespillet indeholder 33 brikker og er perfekt til b\u00f8rn, der er fascinerede af store k\u00f8ret\u00f8jer og byggepladser.<\/p>\n<p>Larsen Maxi er en puslespilsserie i h\u00f8j kvalitet til b\u00f8rn, der kombinerer l\u00e6ring og leg. Farverige illustrationer og solide rammebrikker g\u00f8r puslespillene nemme og hyggelige at samle. Larsen Maxi puslespil er ideelle til b\u00f8rn og hj\u00e6lper med at udvikle finmotorik og koncentration.<\/p>\n<p>Larsen producerer p\u00e6dagogiske puslespil i h\u00f8j kvalitet, der underst\u00f8tter l\u00e6ring gennem leg. Denne norske familievirksomhed har eksisteret siden 1953, og alle puslespil fremstilles i Norge. Sortimentet omfatter mange forskellige temaer som dyr, kort, k\u00f8ret\u00f8jer, rummet og natur. Tydelige illustrationer og holdbare brikker g\u00f8r Larsen puslespil til et godt valg for b\u00f8rn.<\/p>\n","protected":false},"excerpt":{"rendered":"<p>Larsen Maxi K\u00e6mpe dumper 33 brikker puslespil 36,5 x 28,5 cm viser en stor entrepren\u00f8r-dumper. B\u00f8rnepuslespil underst\u00f8tter motoriske f\u00e6rdigheder og observation.<\/p>\n","protected":false},"featured_media":0,"template":"","meta":{"content-type":"","_monsterinsights_skip_tracking":false,"_monsterinsights_sitenote_active":false,"_monsterinsights_sitenote_note":"","_monsterinsights_sitenote_category":0},"product_brand":[],"product_cat":[1625],"product_tag":[344,994,969],"brand":[],"target-group":[],"discontinued":[],"class_list":{"0":"post-148203","1":"product","2":"type-product","3":"status-publish","5":"product_cat-boerne-puslespil-puslespil","6":"product_tag-kombinere","7":"product_tag-sammen","8":"product_tag-tidsfordriv-2","10":"first","11":"instock","12":"taxable","13":"shipping-taxable","14":"product-type-simple"},"aioseo_notices":[],"_links":{"self":[{"href":"https:\/\/games.tactic.net\/da\/wp-json\/wp\/v2\/product\/148203","targetHints":{"allow":["GET"]}}],"collection":[{"href":"https:\/\/games.tactic.net\/da\/wp-json\/wp\/v2\/product"}],"about":[{"href":"https:\/\/games.tactic.net\/da\/wp-json\/wp\/v2\/types\/product"}],"wp:attachment":[{"href":"https:\/\/games.tactic.net\/da\/wp-json\/wp\/v2\/media?parent=148203"}],"wp:term":[{"taxonomy":"product_brand","embeddable":true,"href":"https:\/\/games.tactic.net\/da\/wp-json\/wp\/v2\/product_brand?post=148203"},{"taxonomy":"product_cat","embeddable":true,"href":"https:\/\/games.tactic.net\/da\/wp-json\/wp\/v2\/product_cat?post=148203"},{"taxonomy":"product_tag","embeddable":true,"href":"https:\/\/games.tactic.net\/da\/wp-json\/wp\/v2\/product_tag?post=148203"},{"taxonomy":"brand","embeddable":true,"href":"https:\/\/games.tactic.net\/da\/wp-json\/wp\/v2\/brand?post=148203"},{"taxonomy":"target-group","embeddable":true,"href":"https:\/\/games.tactic.net\/da\/wp-json\/wp\/v2\/target-group?post=148203"},{"taxonomy":"discontinued","embeddable":true,"href":"https:\/\/games.tactic.net\/da\/wp-json\/wp\/v2\/discontinued?post=148203"}],"curies":[{"name":"wp","href":"https:\/\/api.w.org\/{rel}","templated":true}]}}