{"id":148132,"date":"2021-09-28T10:31:01","date_gmt":"2021-09-28T07:31:01","guid":{"rendered":"http:\/\/dev.tactic.net\/tuote\/larsen-police-maxi\/"},"modified":"2023-10-19T16:22:17","modified_gmt":"2023-10-19T13:22:17","slug":"larsen-police-maxi","status":"publish","type":"product","link":"https:\/\/games.tactic.net\/da\/tuote\/larsen-police-maxi\/","title":{"rendered":"Larsen Maxi Police 43 pcs Puzzle"},"content":{"rendered":"<p>Larsen Maxi Politi 43 brikker puslespil 36,5 x 28,5 cm. Her er der action og sp\u00e6nding med politi i fuld indsats. Et bankr\u00f8veri har netop fundet sted, og politiet er hurtigt p\u00e5 sagen.<\/p>\n<p>Helikoptere lyser omr\u00e5det op, mens politibiler, b\u00e5de og motorcykler omringer gerningsm\u00e6ndene. En tyv bliver anholdt, mens en anden fors\u00f8ger at slippe v\u00e6k med pengene.<\/p>\n<p>Puslespillet indeholder 43 brikker og har mange detaljer, som g\u00f8r det sp\u00e6ndende at samle. Det styrker b\u00e5de observationsevne og fantasi.<\/p>\n<p>Larsen Maxi er en puslespilsserie i h\u00f8j kvalitet til b\u00f8rn, der kombinerer l\u00e6ring og leg. Farverige illustrationer og solide rammebrikker g\u00f8r puslespillene nemme og hyggelige at samle. Larsen Maxi puslespil er ideelle til b\u00f8rn og hj\u00e6lper med at udvikle finmotorik og koncentration.<\/p>\n<p>Larsen producerer p\u00e6dagogiske puslespil i h\u00f8j kvalitet, der underst\u00f8tter l\u00e6ring gennem leg. Denne norske familievirksomhed har eksisteret siden 1953, og alle puslespil fremstilles i Norge. Sortimentet omfatter mange forskellige temaer som dyr, kort, k\u00f8ret\u00f8jer, rummet og natur. Tydelige illustrationer og holdbare brikker g\u00f8r Larsen puslespil til et godt valg for b\u00f8rn.<\/p>\n","protected":false},"excerpt":{"rendered":"<p>Larsen Maxi Politi 43 brikker puslespil 36,5 x 28,5 cm viser en sp\u00e6ndende politijagt. P\u00e6dagogisk puslespil udvikler observation og historiefort\u00e6lling.<\/p>\n","protected":false},"featured_media":0,"template":"","meta":{"content-type":"","_monsterinsights_skip_tracking":false,"_monsterinsights_sitenote_active":false,"_monsterinsights_sitenote_note":"","_monsterinsights_sitenote_category":0},"product_brand":[],"product_cat":[1625],"product_tag":[1232,994,969],"brand":[],"target-group":[],"discontinued":[],"class_list":{"0":"post-148132","1":"product","2":"type-product","3":"status-publish","5":"product_cat-boerne-puslespil-puslespil","6":"product_tag-kombinere-da","7":"product_tag-sammen","8":"product_tag-tidsfordriv-2","10":"first","11":"instock","12":"taxable","13":"shipping-taxable","14":"product-type-simple"},"aioseo_notices":[],"_links":{"self":[{"href":"https:\/\/games.tactic.net\/da\/wp-json\/wp\/v2\/product\/148132","targetHints":{"allow":["GET"]}}],"collection":[{"href":"https:\/\/games.tactic.net\/da\/wp-json\/wp\/v2\/product"}],"about":[{"href":"https:\/\/games.tactic.net\/da\/wp-json\/wp\/v2\/types\/product"}],"wp:attachment":[{"href":"https:\/\/games.tactic.net\/da\/wp-json\/wp\/v2\/media?parent=148132"}],"wp:term":[{"taxonomy":"product_brand","embeddable":true,"href":"https:\/\/games.tactic.net\/da\/wp-json\/wp\/v2\/product_brand?post=148132"},{"taxonomy":"product_cat","embeddable":true,"href":"https:\/\/games.tactic.net\/da\/wp-json\/wp\/v2\/product_cat?post=148132"},{"taxonomy":"product_tag","embeddable":true,"href":"https:\/\/games.tactic.net\/da\/wp-json\/wp\/v2\/product_tag?post=148132"},{"taxonomy":"brand","embeddable":true,"href":"https:\/\/games.tactic.net\/da\/wp-json\/wp\/v2\/brand?post=148132"},{"taxonomy":"target-group","embeddable":true,"href":"https:\/\/games.tactic.net\/da\/wp-json\/wp\/v2\/target-group?post=148132"},{"taxonomy":"discontinued","embeddable":true,"href":"https:\/\/games.tactic.net\/da\/wp-json\/wp\/v2\/discontinued?post=148132"}],"curies":[{"name":"wp","href":"https:\/\/api.w.org\/{rel}","templated":true}]}}