{"id":147888,"date":"2021-09-28T10:24:18","date_gmt":"2021-09-28T07:24:18","guid":{"rendered":"http:\/\/dev.tactic.net\/tuote\/larsen-fire-maxi\/"},"modified":"2023-10-19T15:31:11","modified_gmt":"2023-10-19T12:31:11","slug":"larsen-fire-maxi","status":"publish","type":"product","link":"https:\/\/games.tactic.net\/da\/tuote\/larsen-fire-maxi\/","title":{"rendered":"Larsen Maxi Fire 45 pcs Puzzle"},"content":{"rendered":"<p>Larsen Maxi Brand 45 brikker puslespil 36,5 x 28,5 cm. Brandbilerne rykker hurtigt ud med sirenerne hylende for at slukke en stor brand i byen.<\/p>\n<p>Brandfolk arbejder sammen om at slukke flammerne fra alle sider, mens en helikopter sv\u00e6ver over bygningen. Vand spr\u00f8jtes gennem slanger, og redningsfolk hj\u00e6lper mennesker i sikkerhed.<\/p>\n<p>Puslespillet viser en sp\u00e6ndende redningssituation med mange detaljer og indeholder 45 brikker. Det egner sig til lidt \u00e6ldre b\u00f8rn og styrker b\u00e5de observation og interesse for virkelige scenarier.<\/p>\n<p>Larsen Maxi er en puslespilsserie i h\u00f8j kvalitet til b\u00f8rn, der kombinerer l\u00e6ring og leg. Farverige illustrationer og solide rammebrikker g\u00f8r puslespillene nemme og hyggelige at samle. Larsen Maxi puslespil er ideelle til b\u00f8rn og hj\u00e6lper med at udvikle finmotorik og koncentration.<\/p>\n<p>Larsen producerer p\u00e6dagogiske puslespil i h\u00f8j kvalitet, der underst\u00f8tter l\u00e6ring gennem leg. Denne norske familievirksomhed har eksisteret siden 1953, og alle puslespil fremstilles i Norge. Sortimentet omfatter mange forskellige temaer som dyr, kort, k\u00f8ret\u00f8jer, rummet og natur. Tydelige illustrationer og holdbare brikker g\u00f8r Larsen puslespil til et godt valg for b\u00f8rn.<\/p>\n","protected":false},"excerpt":{"rendered":"<p>Larsen Maxi Brandv\u00e6sen 45 brikker puslespil 36,5 x 28,5 cm viser brandm\u00e6nd, k\u00f8ret\u00f8jer og redningsaktioner. Engagerende b\u00f8rnepuslespil udvikler visuelle f\u00e6rdigheder og interesse for virkelige situationer.<\/p>\n","protected":false},"featured_media":0,"template":"","meta":{"content-type":"","_monsterinsights_skip_tracking":false,"_monsterinsights_sitenote_active":false,"_monsterinsights_sitenote_note":"","_monsterinsights_sitenote_category":0},"product_brand":[],"product_cat":[1625],"product_tag":[1232,994,969],"brand":[],"target-group":[],"discontinued":[],"class_list":{"0":"post-147888","1":"product","2":"type-product","3":"status-publish","5":"product_cat-boerne-puslespil-puslespil","6":"product_tag-kombinere-da","7":"product_tag-sammen","8":"product_tag-tidsfordriv-2","10":"first","11":"instock","12":"taxable","13":"shipping-taxable","14":"product-type-simple"},"aioseo_notices":[],"_links":{"self":[{"href":"https:\/\/games.tactic.net\/da\/wp-json\/wp\/v2\/product\/147888","targetHints":{"allow":["GET"]}}],"collection":[{"href":"https:\/\/games.tactic.net\/da\/wp-json\/wp\/v2\/product"}],"about":[{"href":"https:\/\/games.tactic.net\/da\/wp-json\/wp\/v2\/types\/product"}],"wp:attachment":[{"href":"https:\/\/games.tactic.net\/da\/wp-json\/wp\/v2\/media?parent=147888"}],"wp:term":[{"taxonomy":"product_brand","embeddable":true,"href":"https:\/\/games.tactic.net\/da\/wp-json\/wp\/v2\/product_brand?post=147888"},{"taxonomy":"product_cat","embeddable":true,"href":"https:\/\/games.tactic.net\/da\/wp-json\/wp\/v2\/product_cat?post=147888"},{"taxonomy":"product_tag","embeddable":true,"href":"https:\/\/games.tactic.net\/da\/wp-json\/wp\/v2\/product_tag?post=147888"},{"taxonomy":"brand","embeddable":true,"href":"https:\/\/games.tactic.net\/da\/wp-json\/wp\/v2\/brand?post=147888"},{"taxonomy":"target-group","embeddable":true,"href":"https:\/\/games.tactic.net\/da\/wp-json\/wp\/v2\/target-group?post=147888"},{"taxonomy":"discontinued","embeddable":true,"href":"https:\/\/games.tactic.net\/da\/wp-json\/wp\/v2\/discontinued?post=147888"}],"curies":[{"name":"wp","href":"https:\/\/api.w.org\/{rel}","templated":true}]}}