{"id":147221,"date":"2021-09-28T10:03:52","date_gmt":"2021-09-28T07:03:52","guid":{"rendered":"http:\/\/dev.tactic.net\/tuote\/larsen-animals-around-the-world-maxi\/"},"modified":"2023-10-19T15:08:33","modified_gmt":"2023-10-19T12:08:33","slug":"larsen-animals-around-the-world-maxi","status":"publish","type":"product","link":"https:\/\/games.tactic.net\/da\/tuote\/larsen-animals-around-the-world-maxi\/","title":{"rendered":"Larsen Maxi Animals Around the World 15 pcs Puzzle"},"content":{"rendered":"<p>Larsen Maxi Dyr fra hele verden 15 brikker puslespil 36,5 x 28,5 cm. L\u00e6r om dyr og deres levesteder med dette enkle og farverige puslespil.<\/p>\n<p>De store brikker g\u00f8r det nemt for sm\u00e5 b\u00f8rn at samle puslespillet, og hver brik passer tydeligt ind i sin plads. Motivet hj\u00e6lper barnet med at forst\u00e5, hvor forskellige dyr lever.<\/p>\n<p>Med 15 brikker er dette puslespil ideelt til de mindste og st\u00f8tter udviklingen af motorik og genkendelse.<\/p>\n<p>Larsen Maxi er en puslespilsserie i h\u00f8j kvalitet til b\u00f8rn, der kombinerer l\u00e6ring og leg. Farverige illustrationer og solide rammebrikker g\u00f8r puslespillene nemme og hyggelige at samle. Larsen Maxi puslespil er ideelle til b\u00f8rn og hj\u00e6lper med at udvikle finmotorik og koncentration.<\/p>\n<p>Larsen producerer p\u00e6dagogiske puslespil i h\u00f8j kvalitet, der underst\u00f8tter l\u00e6ring gennem leg. Denne norske familievirksomhed har eksisteret siden 1953, og alle puslespil fremstilles i Norge. Sortimentet omfatter mange forskellige temaer som dyr, kort, k\u00f8ret\u00f8jer, rummet og natur. Tydelige illustrationer og holdbare brikker g\u00f8r Larsen puslespil til et godt valg for b\u00f8rn.<\/p>\n","protected":false},"excerpt":{"rendered":"<p>Larsen Maxi Dyr fra hele verden 15 brikker puslespil 36,5 x 28,5 cm introducerer dyr og deres levesteder. B\u00f8rnepuslespil med store brikker, ideelt til mindre b\u00f8rn.<\/p>\n","protected":false},"featured_media":0,"template":"","meta":{"content-type":"","_monsterinsights_skip_tracking":false,"_monsterinsights_sitenote_active":false,"_monsterinsights_sitenote_note":"","_monsterinsights_sitenote_category":0},"product_brand":[],"product_cat":[1625],"product_tag":[1232,994,969],"brand":[],"target-group":[],"discontinued":[],"class_list":{"0":"post-147221","1":"product","2":"type-product","3":"status-publish","5":"product_cat-boerne-puslespil-puslespil","6":"product_tag-kombinere-da","7":"product_tag-sammen","8":"product_tag-tidsfordriv-2","10":"first","11":"instock","12":"taxable","13":"shipping-taxable","14":"product-type-simple"},"aioseo_notices":[],"_links":{"self":[{"href":"https:\/\/games.tactic.net\/da\/wp-json\/wp\/v2\/product\/147221","targetHints":{"allow":["GET"]}}],"collection":[{"href":"https:\/\/games.tactic.net\/da\/wp-json\/wp\/v2\/product"}],"about":[{"href":"https:\/\/games.tactic.net\/da\/wp-json\/wp\/v2\/types\/product"}],"wp:attachment":[{"href":"https:\/\/games.tactic.net\/da\/wp-json\/wp\/v2\/media?parent=147221"}],"wp:term":[{"taxonomy":"product_brand","embeddable":true,"href":"https:\/\/games.tactic.net\/da\/wp-json\/wp\/v2\/product_brand?post=147221"},{"taxonomy":"product_cat","embeddable":true,"href":"https:\/\/games.tactic.net\/da\/wp-json\/wp\/v2\/product_cat?post=147221"},{"taxonomy":"product_tag","embeddable":true,"href":"https:\/\/games.tactic.net\/da\/wp-json\/wp\/v2\/product_tag?post=147221"},{"taxonomy":"brand","embeddable":true,"href":"https:\/\/games.tactic.net\/da\/wp-json\/wp\/v2\/brand?post=147221"},{"taxonomy":"target-group","embeddable":true,"href":"https:\/\/games.tactic.net\/da\/wp-json\/wp\/v2\/target-group?post=147221"},{"taxonomy":"discontinued","embeddable":true,"href":"https:\/\/games.tactic.net\/da\/wp-json\/wp\/v2\/discontinued?post=147221"}],"curies":[{"name":"wp","href":"https:\/\/api.w.org\/{rel}","templated":true}]}}