{"id":147159,"date":"2021-09-28T10:02:21","date_gmt":"2021-09-28T07:02:21","guid":{"rendered":"http:\/\/dev.tactic.net\/tuote\/larsen-dinosaurs-from-the-cretaceous-period-maxi\/"},"modified":"2023-10-19T15:26:29","modified_gmt":"2023-10-19T12:26:29","slug":"larsen-dinosaurs-from-the-cretaceous-period-maxi","status":"publish","type":"product","link":"https:\/\/games.tactic.net\/da\/tuote\/larsen-dinosaurs-from-the-cretaceous-period-maxi\/","title":{"rendered":"Larsen Maxi Dinosaurs from the Cretaceous period 57 pcs Puzzle"},"content":{"rendered":"<p>Larsen Maxi Dinosaurer fra kridttiden 57 brikker puslespil 36,5 x 28,5 cm. Terry, tyrannosaurus rex, spreder frygt og kaos i landsbyen. Denne sultne T-Rex leder efter mad \u2013 men hvad finder den? Vil den sl\u00e5 sig sammen med pliosaurus og spise sm\u00e5 fisk, eller bliver de skr\u00e6mte plante\u00e6dere det n\u00e6ste m\u00e5ltid? Mens triceratops tr\u00e6kker sig nerv\u00f8st tilbage, kan du s\u00e5 g\u00e6tte, hvad der har fanget iguanodons opm\u00e6rksomhed?<\/p>\n<p>Dette kreative puslespil indeholder 57 n\u00f8je udformede brikker. Nogle af brikkerne er bevidst formet som et kohoved, en hare, en hane, en fisk og en flagermus. De tematiske former styrker formgenkendelse og spiller en vigtig rolle i h\u00e5nd-\u00f8je-koordination. Med knap 60 brikker er puslespillet velegnet til lidt \u00e6ldre b\u00f8rn.<\/p>\n<p>Larsen Maxi er en puslespilsserie i h\u00f8j kvalitet til b\u00f8rn, der kombinerer l\u00e6ring og leg. Farverige illustrationer og solide rammebrikker g\u00f8r puslespillene nemme og hyggelige at samle. Larsen Maxi puslespil er ideelle til b\u00f8rn og hj\u00e6lper med at udvikle finmotorik og koncentration.<\/p>\n<p>Larsen producerer p\u00e6dagogiske puslespil i h\u00f8j kvalitet, der underst\u00f8tter l\u00e6ring gennem leg. Denne norske familievirksomhed har eksisteret siden 1953, og alle puslespil fremstilles i Norge. Sortimentet omfatter mange forskellige temaer som dyr, kort, k\u00f8ret\u00f8jer, rummet og natur. Tydelige illustrationer og holdbare brikker g\u00f8r Larsen puslespil til et godt valg for b\u00f8rn.<\/p>\n","protected":false},"excerpt":{"rendered":"<p>Larsen Maxi Dinosaurer fra kridttiden 57 brikker puslespil 36,5 x 28,5 cm viser dinosaurer som T-Rex. P\u00e6dagogisk puslespil underst\u00f8tter l\u00e6ring og motoriske f\u00e6rdigheder.<\/p>\n","protected":false},"featured_media":0,"template":"","meta":{"content-type":"","_monsterinsights_skip_tracking":false,"_monsterinsights_sitenote_active":false,"_monsterinsights_sitenote_note":"","_monsterinsights_sitenote_category":0},"product_brand":[],"product_cat":[1625],"product_tag":[1232,994,969],"brand":[],"target-group":[],"discontinued":[],"class_list":{"0":"post-147159","1":"product","2":"type-product","3":"status-publish","5":"product_cat-boerne-puslespil-puslespil","6":"product_tag-kombinere-da","7":"product_tag-sammen","8":"product_tag-tidsfordriv-2","10":"first","11":"instock","12":"taxable","13":"shipping-taxable","14":"product-type-simple"},"aioseo_notices":[],"_links":{"self":[{"href":"https:\/\/games.tactic.net\/da\/wp-json\/wp\/v2\/product\/147159","targetHints":{"allow":["GET"]}}],"collection":[{"href":"https:\/\/games.tactic.net\/da\/wp-json\/wp\/v2\/product"}],"about":[{"href":"https:\/\/games.tactic.net\/da\/wp-json\/wp\/v2\/types\/product"}],"wp:attachment":[{"href":"https:\/\/games.tactic.net\/da\/wp-json\/wp\/v2\/media?parent=147159"}],"wp:term":[{"taxonomy":"product_brand","embeddable":true,"href":"https:\/\/games.tactic.net\/da\/wp-json\/wp\/v2\/product_brand?post=147159"},{"taxonomy":"product_cat","embeddable":true,"href":"https:\/\/games.tactic.net\/da\/wp-json\/wp\/v2\/product_cat?post=147159"},{"taxonomy":"product_tag","embeddable":true,"href":"https:\/\/games.tactic.net\/da\/wp-json\/wp\/v2\/product_tag?post=147159"},{"taxonomy":"brand","embeddable":true,"href":"https:\/\/games.tactic.net\/da\/wp-json\/wp\/v2\/brand?post=147159"},{"taxonomy":"target-group","embeddable":true,"href":"https:\/\/games.tactic.net\/da\/wp-json\/wp\/v2\/target-group?post=147159"},{"taxonomy":"discontinued","embeddable":true,"href":"https:\/\/games.tactic.net\/da\/wp-json\/wp\/v2\/discontinued?post=147159"}],"curies":[{"name":"wp","href":"https:\/\/api.w.org\/{rel}","templated":true}]}}