{"id":146658,"date":"2021-09-28T09:43:52","date_gmt":"2021-09-28T06:43:52","guid":{"rendered":"http:\/\/dev.tactic.net\/tuote\/larsen-the-world-physical-maxi-dk\/"},"modified":"2023-10-16T14:29:08","modified_gmt":"2023-10-16T11:29:08","slug":"larsen-the-world-physical-maxi-dk","status":"publish","type":"product","link":"https:\/\/games.tactic.net\/da\/tuote\/larsen-the-world-physical-maxi-dk\/","title":{"rendered":"Larsen Maxi The World Physical 80 pcs Puzzle"},"content":{"rendered":"<p>Larsen Maxi Verdenskort fysisk 80 brikker puslespil 28,5 x 36,5 cm. Tag med p\u00e5 en rejse rundt om i verden med dette geografiske puslespil med 80 brikker. Det fysiske verdenskort viser bjergk\u00e6der, \u00f8rkener, store sletter, \u00f8er, oceaner, kontinenter og lande. \u00d8verst og nederst p\u00e5 puslespillet finder du nogle af verdens mest ikoniske vartegn som Frihedsgudinden, pyramiderne i Egypten, Eiffelt\u00e5rnet, Big Ben og meget mere. Mange af brikkerne er formet som havdyr, s\u00e5som en delfin og en hval, samt forskellige kontinenter. Puslespillet er sk\u00e5ret langs gr\u00e6nser og kystlinjer og egner sig bedst til lidt \u00e6ldre b\u00f8rn.<\/p>\n<p>Larsen Maxi er en puslespilsserie i h\u00f8j kvalitet til b\u00f8rn, der kombinerer l\u00e6ring og leg. Farverige illustrationer og solide rammebrikker g\u00f8r puslespillene nemme og hyggelige at samle. Larsen Maxi puslespil er ideelle til b\u00f8rn og hj\u00e6lper med at udvikle finmotorik og koncentration.<\/p>\n<p>Larsen producerer p\u00e6dagogiske puslespil i h\u00f8j kvalitet, der underst\u00f8tter l\u00e6ring gennem leg. Denne norske familievirksomhed har eksisteret siden 1953, og alle puslespil fremstilles i Norge. Sortimentet omfatter mange forskellige temaer som dyr, kort, k\u00f8ret\u00f8jer, rummet og natur. Tydelige illustrationer og holdbare brikker g\u00f8r Larsen puslespil til et godt valg for b\u00f8rn.<\/p>\n","protected":false},"excerpt":{"rendered":"<p>Larsen Maxi Verdenskort 80 brikker puslespil 36,5 x 28,5 cm introducerer kontinenter, have og vartegn. P\u00e6dagogisk geografipuslespil underst\u00f8tter l\u00e6ring om verden.<\/p>\n","protected":false},"featured_media":0,"template":"","meta":{"content-type":"","_monsterinsights_skip_tracking":false,"_monsterinsights_sitenote_active":false,"_monsterinsights_sitenote_note":"","_monsterinsights_sitenote_category":0},"product_brand":[],"product_cat":[1625],"product_tag":[1232,994,969],"brand":[],"target-group":[],"discontinued":[],"class_list":{"0":"post-146658","1":"product","2":"type-product","3":"status-publish","5":"product_cat-boerne-puslespil-puslespil","6":"product_tag-kombinere-da","7":"product_tag-sammen","8":"product_tag-tidsfordriv-2","10":"first","11":"outofstock","12":"taxable","13":"shipping-taxable","14":"product-type-simple"},"aioseo_notices":[],"_links":{"self":[{"href":"https:\/\/games.tactic.net\/da\/wp-json\/wp\/v2\/product\/146658","targetHints":{"allow":["GET"]}}],"collection":[{"href":"https:\/\/games.tactic.net\/da\/wp-json\/wp\/v2\/product"}],"about":[{"href":"https:\/\/games.tactic.net\/da\/wp-json\/wp\/v2\/types\/product"}],"wp:attachment":[{"href":"https:\/\/games.tactic.net\/da\/wp-json\/wp\/v2\/media?parent=146658"}],"wp:term":[{"taxonomy":"product_brand","embeddable":true,"href":"https:\/\/games.tactic.net\/da\/wp-json\/wp\/v2\/product_brand?post=146658"},{"taxonomy":"product_cat","embeddable":true,"href":"https:\/\/games.tactic.net\/da\/wp-json\/wp\/v2\/product_cat?post=146658"},{"taxonomy":"product_tag","embeddable":true,"href":"https:\/\/games.tactic.net\/da\/wp-json\/wp\/v2\/product_tag?post=146658"},{"taxonomy":"brand","embeddable":true,"href":"https:\/\/games.tactic.net\/da\/wp-json\/wp\/v2\/brand?post=146658"},{"taxonomy":"target-group","embeddable":true,"href":"https:\/\/games.tactic.net\/da\/wp-json\/wp\/v2\/target-group?post=146658"},{"taxonomy":"discontinued","embeddable":true,"href":"https:\/\/games.tactic.net\/da\/wp-json\/wp\/v2\/discontinued?post=146658"}],"curies":[{"name":"wp","href":"https:\/\/api.w.org\/{rel}","templated":true}]}}