{"id":146642,"date":"2021-09-28T09:43:04","date_gmt":"2021-09-28T06:43:04","guid":{"rendered":"http:\/\/dev.tactic.net\/tuote\/larsen-the-nordic-maxi\/"},"modified":"2023-10-19T16:30:35","modified_gmt":"2023-10-19T13:30:35","slug":"larsen-the-nordic-maxi","status":"publish","type":"product","link":"https:\/\/games.tactic.net\/da\/tuote\/larsen-the-nordic-maxi\/","title":{"rendered":"Larsen Maxi The Nordic 75 pcs Puzzle"},"content":{"rendered":"<p>Larsen Maxi Norden 75 brikker puslespil 28,5 x 36,5 cm. Dette politiske kortpuslespil over Norden og Baltikum viser de 8 europ\u00e6iske lande, der er knyttet sammen gennem historie, politik og f\u00e6lles kultur. Landene er Danmark, Finland, Sverige, Norge, Island, Estland, Letland og Litauen. \u00d8verst til venstre finder du de 8 flag, og langs h\u00f8jre side ses 8 v\u00e5benskjolde samt et kompas i midten. Navne p\u00e5 bjergtoppe og h\u00f8jder er tydeligt markeret, ligesom byer, floder, s\u00f8er, bjergk\u00e6der, dale, gletsjere og \u00f8er. Puslespillet best\u00e5r af 75 brikker, sk\u00e5ret langs gr\u00e6nser og kystlinjer, og egner sig bedst til \u00e6ldre b\u00f8rn med interesse for Europa.<\/p>\n<p>Larsen Maxi er en puslespilsserie i h\u00f8j kvalitet til b\u00f8rn, der kombinerer l\u00e6ring og leg. Farverige illustrationer og solide rammebrikker g\u00f8r puslespillene nemme og hyggelige at samle. Larsen Maxi puslespil er ideelle til b\u00f8rn og hj\u00e6lper med at udvikle finmotorik og koncentration.<\/p>\n<p>Larsen producerer p\u00e6dagogiske puslespil i h\u00f8j kvalitet, der underst\u00f8tter l\u00e6ring gennem leg. Denne norske familievirksomhed har eksisteret siden 1953, og alle puslespil fremstilles i Norge. Sortimentet omfatter mange forskellige temaer som dyr, kort, k\u00f8ret\u00f8jer, rummet og natur. Tydelige illustrationer og holdbare brikker g\u00f8r Larsen puslespil til et godt valg for b\u00f8rn.<\/p>\n","protected":false},"excerpt":{"rendered":"<p>Larsen Maxi Norden 75 brikker puslespil 28,5 x 36,5 cm viser kort over nordiske og baltiske lande. P\u00e6dagogisk puslespil underst\u00f8tter l\u00e6ring i geografi.<\/p>\n","protected":false},"featured_media":0,"template":"","meta":{"content-type":"","_monsterinsights_skip_tracking":false,"_monsterinsights_sitenote_active":false,"_monsterinsights_sitenote_note":"","_monsterinsights_sitenote_category":0},"product_brand":[],"product_cat":[1625],"product_tag":[1232,994,969],"brand":[],"target-group":[],"discontinued":[],"class_list":{"0":"post-146642","1":"product","2":"type-product","3":"status-publish","5":"product_cat-boerne-puslespil-puslespil","6":"product_tag-kombinere-da","7":"product_tag-sammen","8":"product_tag-tidsfordriv-2","10":"first","11":"instock","12":"taxable","13":"shipping-taxable","14":"product-type-simple"},"aioseo_notices":[],"_links":{"self":[{"href":"https:\/\/games.tactic.net\/da\/wp-json\/wp\/v2\/product\/146642","targetHints":{"allow":["GET"]}}],"collection":[{"href":"https:\/\/games.tactic.net\/da\/wp-json\/wp\/v2\/product"}],"about":[{"href":"https:\/\/games.tactic.net\/da\/wp-json\/wp\/v2\/types\/product"}],"wp:attachment":[{"href":"https:\/\/games.tactic.net\/da\/wp-json\/wp\/v2\/media?parent=146642"}],"wp:term":[{"taxonomy":"product_brand","embeddable":true,"href":"https:\/\/games.tactic.net\/da\/wp-json\/wp\/v2\/product_brand?post=146642"},{"taxonomy":"product_cat","embeddable":true,"href":"https:\/\/games.tactic.net\/da\/wp-json\/wp\/v2\/product_cat?post=146642"},{"taxonomy":"product_tag","embeddable":true,"href":"https:\/\/games.tactic.net\/da\/wp-json\/wp\/v2\/product_tag?post=146642"},{"taxonomy":"brand","embeddable":true,"href":"https:\/\/games.tactic.net\/da\/wp-json\/wp\/v2\/brand?post=146642"},{"taxonomy":"target-group","embeddable":true,"href":"https:\/\/games.tactic.net\/da\/wp-json\/wp\/v2\/target-group?post=146642"},{"taxonomy":"discontinued","embeddable":true,"href":"https:\/\/games.tactic.net\/da\/wp-json\/wp\/v2\/discontinued?post=146642"}],"curies":[{"name":"wp","href":"https:\/\/api.w.org\/{rel}","templated":true}]}}