{"id":146571,"date":"2021-09-28T09:39:44","date_gmt":"2021-09-28T06:39:44","guid":{"rendered":"http:\/\/dev.tactic.net\/tuote\/larsen-african-savannah-maxi\/"},"modified":"2023-10-19T15:08:01","modified_gmt":"2023-10-19T12:08:01","slug":"larsen-african-savannah-maxi","status":"publish","type":"product","link":"https:\/\/games.tactic.net\/da\/tuote\/larsen-african-savannah-maxi\/","title":{"rendered":"Larsen Maxi African Savannah 65 pcs Puzzle"},"content":{"rendered":"<p>Larsen Maxi Afrikansk savanne 65 brikker puslespil 36,5 x 28,5 cm. Vandhullet p\u00e5 den afrikanske savanne er altid et sp\u00e6ndende og popul\u00e6rt sted for mange dyrearter. Elefanter er n\u00e6sten altid til stede og nyder at plaske i vandet. B\u00f8fler, antiloper og zebraer kommer ogs\u00e5 for at drikke i dagens varme timer. Kan du finde l\u00f8veungerne, der leger? Selv n\u00e6sehorn nyder de gr\u00f8nne planter omkring vandet. Hvor mange giraffer gr\u00e6sser l\u00e6ngere v\u00e6k fra vandet? Med 65 specialformede brikker er dette puslespil perfekt til lidt \u00e6ldre b\u00f8rn, der elsker dyr. Fuglen nederst til venstre er en r\u00f8dv\u00e6ver (cardinal quelea).<\/p>\n<p>Larsen Maxi er en puslespilsserie i h\u00f8j kvalitet til b\u00f8rn, der kombinerer l\u00e6ring og leg. Farverige illustrationer og solide rammebrikker g\u00f8r puslespillene nemme og hyggelige at samle. Larsen Maxi puslespil er ideelle til b\u00f8rn og hj\u00e6lper med at udvikle finmotorik og koncentration.<\/p>\n<p>Larsen producerer p\u00e6dagogiske puslespil i h\u00f8j kvalitet, der underst\u00f8tter l\u00e6ring gennem leg. Denne norske familievirksomhed har eksisteret siden 1953, og alle puslespil fremstilles i Norge. Sortimentet omfatter mange forskellige temaer som dyr, kort, k\u00f8ret\u00f8jer, rummet og natur. Tydelige illustrationer og holdbare brikker g\u00f8r Larsen puslespil til et godt valg for b\u00f8rn.<\/p>\n","protected":false},"excerpt":{"rendered":"<p>Larsen Maxi Afrikansk savanne 65 brikker puslespil 36,5 x 28,5 cm viser safaridyr som elefant, giraf og l\u00f8ve. P\u00e6dagogisk puslespil underst\u00f8tter l\u00e6ring om naturen.<\/p>\n","protected":false},"featured_media":0,"template":"","meta":{"content-type":"","_monsterinsights_skip_tracking":false,"_monsterinsights_sitenote_active":false,"_monsterinsights_sitenote_note":"","_monsterinsights_sitenote_category":0},"product_brand":[],"product_cat":[1625],"product_tag":[344,994,969],"brand":[],"target-group":[],"discontinued":[],"class_list":{"0":"post-146571","1":"product","2":"type-product","3":"status-publish","5":"product_cat-boerne-puslespil-puslespil","6":"product_tag-kombinere","7":"product_tag-sammen","8":"product_tag-tidsfordriv-2","10":"first","11":"instock","12":"taxable","13":"shipping-taxable","14":"product-type-simple"},"aioseo_notices":[],"_links":{"self":[{"href":"https:\/\/games.tactic.net\/da\/wp-json\/wp\/v2\/product\/146571","targetHints":{"allow":["GET"]}}],"collection":[{"href":"https:\/\/games.tactic.net\/da\/wp-json\/wp\/v2\/product"}],"about":[{"href":"https:\/\/games.tactic.net\/da\/wp-json\/wp\/v2\/types\/product"}],"wp:attachment":[{"href":"https:\/\/games.tactic.net\/da\/wp-json\/wp\/v2\/media?parent=146571"}],"wp:term":[{"taxonomy":"product_brand","embeddable":true,"href":"https:\/\/games.tactic.net\/da\/wp-json\/wp\/v2\/product_brand?post=146571"},{"taxonomy":"product_cat","embeddable":true,"href":"https:\/\/games.tactic.net\/da\/wp-json\/wp\/v2\/product_cat?post=146571"},{"taxonomy":"product_tag","embeddable":true,"href":"https:\/\/games.tactic.net\/da\/wp-json\/wp\/v2\/product_tag?post=146571"},{"taxonomy":"brand","embeddable":true,"href":"https:\/\/games.tactic.net\/da\/wp-json\/wp\/v2\/brand?post=146571"},{"taxonomy":"target-group","embeddable":true,"href":"https:\/\/games.tactic.net\/da\/wp-json\/wp\/v2\/target-group?post=146571"},{"taxonomy":"discontinued","embeddable":true,"href":"https:\/\/games.tactic.net\/da\/wp-json\/wp\/v2\/discontinued?post=146571"}],"curies":[{"name":"wp","href":"https:\/\/api.w.org\/{rel}","templated":true}]}}