{"id":146541,"date":"2021-09-28T09:38:39","date_gmt":"2021-09-28T06:38:39","guid":{"rendered":"http:\/\/dev.tactic.net\/tuote\/larsen-northern-forest-maxi\/"},"modified":"2023-10-19T16:19:46","modified_gmt":"2023-10-19T13:19:46","slug":"larsen-northern-forest-maxi","status":"publish","type":"product","link":"https:\/\/games.tactic.net\/da\/tuote\/larsen-northern-forest-maxi\/","title":{"rendered":"Larsen Maxi North Forest 54 pcs Puzzle"},"content":{"rendered":"<p>Larsen Maxi Nordlig skov 54 brikker puslespil 36,5 x 28,5 cm. Dette puslespil viser nordisk dyreliv om vinteren fra sin bedste side. Det mest ikoniske dyr er elgen, som er velkendt i de nordiske skove. Puslespillet best\u00e5r af 54 brikker og passer b\u00e5de til st\u00f8rre og mindre h\u00e6nder, men er bedst egnet til lidt \u00e6ldre b\u00f8rn. Nogle af brikkerne er formet som en sejlb\u00e5d, en propel, en syvsover, en guitar, en fugl og en fisk. Blandt dyrene finder du blandt andet konge\u00f8rn, stor hornugle, ulv, vildsvin, elg, los, egern, tjur, gr\u00f8nsp\u00e6tte, munk, bj\u00f8rn, r\u00e6v, j\u00e6rv, gr\u00e5and, kronhjort, hare, gr\u00e6vling, v\u00e6sel og pindsvin.<\/p>\n<p>Larsen Maxi er en puslespilsserie i h\u00f8j kvalitet til b\u00f8rn, der kombinerer l\u00e6ring og leg. Farverige illustrationer og solide rammebrikker g\u00f8r puslespillene nemme og hyggelige at samle. Larsen Maxi puslespil er ideelle til b\u00f8rn og hj\u00e6lper med at udvikle finmotorik og koncentration.<\/p>\n<p>Larsen producerer p\u00e6dagogiske puslespil i h\u00f8j kvalitet, der underst\u00f8tter l\u00e6ring gennem leg. Denne norske familievirksomhed har eksisteret siden 1953, og alle puslespil fremstilles i Norge. Sortimentet omfatter mange forskellige temaer som dyr, kort, k\u00f8ret\u00f8jer, rummet og natur. Tydelige illustrationer og holdbare brikker g\u00f8r Larsen puslespil til et godt valg for b\u00f8rn.<\/p>\n","protected":false},"excerpt":{"rendered":"<p>Larsen Maxi Nordskov 54 brikker puslespil 36,5 x 28,5 cm viser nordiske skovdyr. P\u00e6dagogisk puslespil underst\u00f8tter naturforst\u00e5else.<\/p>\n","protected":false},"featured_media":0,"template":"","meta":{"content-type":"","_monsterinsights_skip_tracking":false,"_monsterinsights_sitenote_active":false,"_monsterinsights_sitenote_note":"","_monsterinsights_sitenote_category":0},"product_brand":[],"product_cat":[1625],"product_tag":[1232,994,969],"brand":[],"target-group":[],"discontinued":[],"class_list":{"0":"post-146541","1":"product","2":"type-product","3":"status-publish","5":"product_cat-boerne-puslespil-puslespil","6":"product_tag-kombinere-da","7":"product_tag-sammen","8":"product_tag-tidsfordriv-2","10":"first","11":"instock","12":"taxable","13":"shipping-taxable","14":"product-type-simple"},"aioseo_notices":[],"_links":{"self":[{"href":"https:\/\/games.tactic.net\/da\/wp-json\/wp\/v2\/product\/146541","targetHints":{"allow":["GET"]}}],"collection":[{"href":"https:\/\/games.tactic.net\/da\/wp-json\/wp\/v2\/product"}],"about":[{"href":"https:\/\/games.tactic.net\/da\/wp-json\/wp\/v2\/types\/product"}],"wp:attachment":[{"href":"https:\/\/games.tactic.net\/da\/wp-json\/wp\/v2\/media?parent=146541"}],"wp:term":[{"taxonomy":"product_brand","embeddable":true,"href":"https:\/\/games.tactic.net\/da\/wp-json\/wp\/v2\/product_brand?post=146541"},{"taxonomy":"product_cat","embeddable":true,"href":"https:\/\/games.tactic.net\/da\/wp-json\/wp\/v2\/product_cat?post=146541"},{"taxonomy":"product_tag","embeddable":true,"href":"https:\/\/games.tactic.net\/da\/wp-json\/wp\/v2\/product_tag?post=146541"},{"taxonomy":"brand","embeddable":true,"href":"https:\/\/games.tactic.net\/da\/wp-json\/wp\/v2\/brand?post=146541"},{"taxonomy":"target-group","embeddable":true,"href":"https:\/\/games.tactic.net\/da\/wp-json\/wp\/v2\/target-group?post=146541"},{"taxonomy":"discontinued","embeddable":true,"href":"https:\/\/games.tactic.net\/da\/wp-json\/wp\/v2\/discontinued?post=146541"}],"curies":[{"name":"wp","href":"https:\/\/api.w.org\/{rel}","templated":true}]}}