{"id":1370741,"date":"2026-05-12T17:21:42","date_gmt":"2026-05-12T14:21:42","guid":{"rendered":"https:\/\/games.tactic.net\/tuote\/passaportas\/"},"modified":"2026-05-12T17:21:42","modified_gmt":"2026-05-12T14:21:42","slug":"passaportas","status":"publish","type":"product","link":"https:\/\/games.tactic.net\/da\/tuote\/passaportas\/","title":{"rendered":"Passaportas"},"content":{"rendered":"<p>Forpustede n\u00e5r de sidste tre passagerer flyet i sidste \u00f8jeblik. Samtidigt smider tolderne en gruppe rejsende ud af flyet, da deres pas ikke var i orden. Har flyet br\u00e6ndstof nok til at flyve direkte til destinationen? Eller bliver det omdirigeret af de andre spillere? Passaportas er et eventyrligt spil, fuld af interaktion og drillerier. Det er sjovt for b\u00e5de unge og gamle og meget sp\u00e6ndende indtil det sidste minut.<\/p>\n","protected":false},"excerpt":{"rendered":"<p>Forpustede n\u00e5r de sidste tre passagerer flyet i sidste \u00f8jeblik. Samtidigt smider tolderne en gruppe rejsende ud af flyet, da deres pas ikke var i orden. Har flyet br\u00e6ndstof nok til at flyve direkte til destinationen? Eller bliver det omdirigeret af de andre spillere? Passaportas er et eventyrligt spil, fuld af interaktion og drillerier. Det [&hellip;]<\/p>\n","protected":false},"featured_media":0,"template":"","meta":{"content-type":"","_monsterinsights_skip_tracking":false,"_monsterinsights_sitenote_active":false,"_monsterinsights_sitenote_note":"","_monsterinsights_sitenote_category":0},"product_brand":[],"product_cat":[1455],"product_tag":[],"brand":[],"target-group":[],"discontinued":[],"class_list":{"0":"post-1370741","1":"product","2":"type-product","3":"status-publish","5":"product_cat-braetspil","7":"first","8":"instock","9":"taxable","10":"shipping-taxable","11":"product-type-simple"},"aioseo_notices":[],"_links":{"self":[{"href":"https:\/\/games.tactic.net\/da\/wp-json\/wp\/v2\/product\/1370741","targetHints":{"allow":["GET"]}}],"collection":[{"href":"https:\/\/games.tactic.net\/da\/wp-json\/wp\/v2\/product"}],"about":[{"href":"https:\/\/games.tactic.net\/da\/wp-json\/wp\/v2\/types\/product"}],"wp:attachment":[{"href":"https:\/\/games.tactic.net\/da\/wp-json\/wp\/v2\/media?parent=1370741"}],"wp:term":[{"taxonomy":"product_brand","embeddable":true,"href":"https:\/\/games.tactic.net\/da\/wp-json\/wp\/v2\/product_brand?post=1370741"},{"taxonomy":"product_cat","embeddable":true,"href":"https:\/\/games.tactic.net\/da\/wp-json\/wp\/v2\/product_cat?post=1370741"},{"taxonomy":"product_tag","embeddable":true,"href":"https:\/\/games.tactic.net\/da\/wp-json\/wp\/v2\/product_tag?post=1370741"},{"taxonomy":"brand","embeddable":true,"href":"https:\/\/games.tactic.net\/da\/wp-json\/wp\/v2\/brand?post=1370741"},{"taxonomy":"target-group","embeddable":true,"href":"https:\/\/games.tactic.net\/da\/wp-json\/wp\/v2\/target-group?post=1370741"},{"taxonomy":"discontinued","embeddable":true,"href":"https:\/\/games.tactic.net\/da\/wp-json\/wp\/v2\/discontinued?post=1370741"}],"curies":[{"name":"wp","href":"https:\/\/api.w.org\/{rel}","templated":true}]}}