{"id":1370672,"date":"2026-04-24T15:15:06","date_gmt":"2026-04-24T12:15:06","guid":{"rendered":"https:\/\/games.tactic.net\/tuote\/mb-sprinter-police-special-forces\/"},"modified":"2026-04-24T15:15:06","modified_gmt":"2026-04-24T12:15:06","slug":"mb-sprinter-police-special-forces","status":"publish","type":"product","link":"https:\/\/games.tactic.net\/da\/tuote\/mb-sprinter-police-special-forces\/","title":{"rendered":"MB Sprinter Police Special Forces"},"content":{"rendered":"<p>MB Sprinter tilbyder n\u00e6sten ubegr\u00e6nsede anvelsesmuligheder takket v\u00e6re sine mange modelvarianter.<\/p>\n<p>K\u00f8ret\u00f8jet er ogs\u00e5 popul\u00e6rt hos politiet og anvendes regelm\u00e6ssigt til en lang r\u00e6kke opgaver.<\/p>\n<p>N\u00e5r situationer bliver udfordrende, tilkaldes politiets specialenheder for at forst\u00e6rke indsatsen og bringe situationen under kontrol.<\/p>\n<p>Denne specialenhed styrker nu ogs\u00e5 BRUDERs styrker. Takket v\u00e6re det omfattende specialudstyr kan den medf\u00f8lgende politifigur yde n\u00f8dvendig st\u00f8tte til sine kolleger.<\/p>\n<p>Om n\u00f8dvendigt kan anholdte mist\u00e6nkte transporteres i forvaring i den separate detention.<\/p>\n<p>M\u00e5l: 43,5 cm \u00d7 16,3 cm \u00d7 18,5 cm.<\/p>\n<p>F\u00f8rerhusets vinduer er fremstillet af gennemsigtigt og slagfast plast.<\/p>\n<p>D\u00f8re kan \u00e5bnes.<\/p>\n<p>Skyded\u00f8r med klikfunktion.<\/p>\n<p>Indhold: bworld specialenheds-politifigur med skjold og udstyr.<\/p>\n","protected":false},"excerpt":{"rendered":"<p>MB Sprinter tilbyder n\u00e6sten ubegr\u00e6nsede anvelsesmuligheder takket v\u00e6re sine mange modelvarianter.<\/p>\n<p>K\u00f8ret\u00f8jet er ogs\u00e5 popul\u00e6rt hos politiet og anvendes regelm\u00e6ssigt til en lang r\u00e6kke opgaver.<\/p>\n","protected":false},"featured_media":0,"template":"","meta":{"content-type":"","_monsterinsights_skip_tracking":false,"_monsterinsights_sitenote_active":false,"_monsterinsights_sitenote_note":"","_monsterinsights_sitenote_category":0},"product_brand":[],"product_cat":[1498],"product_tag":[],"brand":[],"target-group":[],"discontinued":[],"class_list":{"0":"post-1370672","1":"product","2":"type-product","3":"status-publish","5":"product_cat-bruder-legetoej","7":"first","8":"instock","9":"taxable","10":"shipping-taxable","11":"product-type-simple"},"aioseo_notices":[],"_links":{"self":[{"href":"https:\/\/games.tactic.net\/da\/wp-json\/wp\/v2\/product\/1370672","targetHints":{"allow":["GET"]}}],"collection":[{"href":"https:\/\/games.tactic.net\/da\/wp-json\/wp\/v2\/product"}],"about":[{"href":"https:\/\/games.tactic.net\/da\/wp-json\/wp\/v2\/types\/product"}],"wp:attachment":[{"href":"https:\/\/games.tactic.net\/da\/wp-json\/wp\/v2\/media?parent=1370672"}],"wp:term":[{"taxonomy":"product_brand","embeddable":true,"href":"https:\/\/games.tactic.net\/da\/wp-json\/wp\/v2\/product_brand?post=1370672"},{"taxonomy":"product_cat","embeddable":true,"href":"https:\/\/games.tactic.net\/da\/wp-json\/wp\/v2\/product_cat?post=1370672"},{"taxonomy":"product_tag","embeddable":true,"href":"https:\/\/games.tactic.net\/da\/wp-json\/wp\/v2\/product_tag?post=1370672"},{"taxonomy":"brand","embeddable":true,"href":"https:\/\/games.tactic.net\/da\/wp-json\/wp\/v2\/brand?post=1370672"},{"taxonomy":"target-group","embeddable":true,"href":"https:\/\/games.tactic.net\/da\/wp-json\/wp\/v2\/target-group?post=1370672"},{"taxonomy":"discontinued","embeddable":true,"href":"https:\/\/games.tactic.net\/da\/wp-json\/wp\/v2\/discontinued?post=1370672"}],"curies":[{"name":"wp","href":"https:\/\/api.w.org\/{rel}","templated":true}]}}